{"id":2590,"date":"2024-10-23T18:03:47","date_gmt":"2024-10-23T15:03:47","guid":{"rendered":"http:\/\/drtubaerdogan.com\/estetik-ameliyatlar\/lazer-lipoliz\/lazer-liposuction-ile-lazer-lipoliz-arasindaki-fark\/"},"modified":"2024-11-03T03:23:50","modified_gmt":"2024-11-03T00:23:50","slug":"lazer-liposuction-ile-lazer-lipoliz-arasindaki-fark","status":"publish","type":"page","link":"https:\/\/drtubaerdogan.com\/en\/laser-lipolysis\/difference-between-laser-liposuction-and-laser-lipolysis\/","title":{"rendered":"Difference Between Laser Liposuction and Laser Lipolysis"},"content":{"rendered":"<div class=\"wpb-content-wrapper\"><p>[vc_row pix_particles_check=&#8221;&#8221; el_class=&#8221;page-services&#8221;][vc_column][vc_column_text]<\/p>\n<h1>Difference Between Laser Liposuction and Laser Lipolysis<\/h1>\n<p>As people who want to get rid of their fat on the internet search for solutions, they hear the names Laser Lipolysis and Laser Liposuction.<img loading=\"lazy\" decoding=\"async\" class=\"alignnone size-full wp-image-911\" src=\"http:\/\/drtubaerdogan.com\/wp-content\/uploads\/2024\/10\/lazer-liposuction-ile-lazer-lipoliz-arasindaki-fark-42283-5185426736.jpg\" alt=\"\" width=\"850\" height=\"489\" srcset=\"https:\/\/drtubaerdogan.com\/wp-content\/uploads\/2024\/10\/lazer-liposuction-ile-lazer-lipoliz-arasindaki-fark-42283-5185426736.jpg 850w, https:\/\/drtubaerdogan.com\/wp-content\/uploads\/2024\/10\/lazer-liposuction-ile-lazer-lipoliz-arasindaki-fark-42283-5185426736-300x173.jpg 300w, https:\/\/drtubaerdogan.com\/wp-content\/uploads\/2024\/10\/lazer-liposuction-ile-lazer-lipoliz-arasindaki-fark-42283-5185426736-768x442.jpg 768w\" sizes=\"(max-width: 850px) 100vw, 850px\" \/><\/p>\n<p>Laser Lipolysis and Laser Liposuction are thought to be different procedures.<\/p>\n<p>The meaning of the word lipolysis is &#8216;Melting Fat&#8217;.<\/p>\n<p>The word laser being at the beginning of the technique means melting fats with a laser beam in any way. In order to perform laser liposuction, the person must first undergo laser lipolysis.<\/p>\n<p>If the laser technique is used for people who want to get rid of their fats, the fats are melted with laser beams and turned into liquid. This part is Laser Lipolysis. If a certain amount of fat is melted, the process is completed with laser lipolysis. The melted fats are expelled by the body.<\/p>\n<p>If the melted fats are in large amounts, they must be taken out of the body. If the amount is large and the fats are taken out, Laser Liposuction.<\/p>\n<p>If the amount of melted fat is large, it is medically dangerous for the body to throw it out. It must be taken out.<\/p>\n<p>The meaning of the word liposuction is also fat removal.<\/p>\n<p>Klasik Liposuction ile Lazer Liposuction \u00e7ok farkl\u0131d\u0131r. Klasik liposuction&#8217;da ya\u011flar\u0131n s\u0131v\u0131la\u015ft\u0131r\u0131lmas\u0131nda bir cihaz kullan\u0131lmaz. Lazer Liposuction&#8217;da ise bir cihaz kullan\u0131l\u0131r. G\u00fcn\u00fcm\u00fczde smartlipo ve slimlipo lazerleri kullan\u0131lmaktad\u0131r. Slim Lipo ve Smart Lipo bir marka ismidir.<\/p>\n<p>Klasik Liposuction tecr\u00fcbelerini anlatan ki\u015filerden etkilenmemek gerekir. Lazer Liposuction&#8217;un \u00e7ok fazla avantaj\u0131 vard\u0131r.<\/p>\n<p>Ya\u011f Ald\u0131rma Y\u00f6ntemleri ile ilgili \u015fematik ve konu anlat\u0131ml\u0131, blog yaz\u0131m\u0131 okuman\u0131z\u0131 ve incelemenizi tavsiye ederim.<\/p>\n<p>Basen ya\u011flar\u0131 ald\u0131rma, kar\u0131n ya\u011flar\u0131 ald\u0131rma, v.b ya\u011f ald\u0131rma i\u00e7in: 0542 339 34 76, info@drtubaerdogan.com[\/vc_column_text][\/vc_column][\/vc_row]<\/p>\n<\/div>","protected":false},"excerpt":{"rendered":"<p>[vc_row pix_particles_check=&#8221;&#8221; el_class=&#8221;page-services&#8221;][vc_column][vc_column_text] Difference Between Laser Liposuction and Laser Lipolysis As people who want to get rid of their fat on the internet search for solutions, they hear the names Laser Lipolysis and Laser Liposuction. Laser Lipolysis and Laser Liposuction&#8230;<\/p>\n","protected":false},"author":1,"featured_media":0,"parent":2405,"menu_order":0,"comment_status":"closed","ping_status":"closed","template":"templates\/template-right-sidebar.php","meta":{"footnotes":""},"class_list":["post-2590","page","type-page","status-publish","hentry"],"_links":{"self":[{"href":"https:\/\/drtubaerdogan.com\/en\/wp-json\/wp\/v2\/pages\/2590"}],"collection":[{"href":"https:\/\/drtubaerdogan.com\/en\/wp-json\/wp\/v2\/pages"}],"about":[{"href":"https:\/\/drtubaerdogan.com\/en\/wp-json\/wp\/v2\/types\/page"}],"author":[{"embeddable":true,"href":"https:\/\/drtubaerdogan.com\/en\/wp-json\/wp\/v2\/users\/1"}],"replies":[{"embeddable":true,"href":"https:\/\/drtubaerdogan.com\/en\/wp-json\/wp\/v2\/comments?post=2590"}],"version-history":[{"count":1,"href":"https:\/\/drtubaerdogan.com\/en\/wp-json\/wp\/v2\/pages\/2590\/revisions"}],"predecessor-version":[{"id":2591,"href":"https:\/\/drtubaerdogan.com\/en\/wp-json\/wp\/v2\/pages\/2590\/revisions\/2591"}],"up":[{"embeddable":true,"href":"https:\/\/drtubaerdogan.com\/en\/wp-json\/wp\/v2\/pages\/2405"}],"wp:attachment":[{"href":"https:\/\/drtubaerdogan.com\/en\/wp-json\/wp\/v2\/media?parent=2590"}],"curies":[{"name":"wp","href":"https:\/\/api.w.org\/{rel}","templated":true}]}}