{"id":2387,"date":"2024-11-02T19:35:10","date_gmt":"2024-11-02T16:35:10","guid":{"rendered":"http:\/\/drtubaerdogan.com\/hakkimda\/"},"modified":"2026-04-15T15:48:45","modified_gmt":"2026-04-15T12:48:45","slug":"hakkimda","status":"publish","type":"page","link":"https:\/\/drtubaerdogan.com\/en\/about\/","title":{"rendered":"About"},"content":{"rendered":"<div class=\"wpb-content-wrapper\"><p>[vc_row full_width=&#8221;stretch_row&#8221; pix_particles_check=&#8221;&#8221; el_class=&#8221;about-three about-page&#8221;][vc_column width=&#8221;1\/2&#8243;]<div class=\"d-inline-block \" style=\"width:100%;\"><div class=\"animate-in w-100 d-inline-block\" data-anim-type=\"fade-in-right\" data-anim-delay=\"200\"><div class=\"pix-img-el  vc_custom_1729710590493 custom-responsive-29659208  text-center d-inline-block  w-100 rounded-xl\"  ><img loading=\"lazy\" decoding=\"async\" class=\"card-img2 pix-img-elem rounded-xl  h-1002\" style=\"width:100%;height:auto;\" width=\"1000\" height=\"1248\" srcset=\"https:\/\/drtubaerdogan.com\/wp-content\/uploads\/2024\/10\/opdr-tuba-erdogan-hakkinda.jpg 1000w, https:\/\/drtubaerdogan.com\/wp-content\/uploads\/2024\/10\/opdr-tuba-erdogan-hakkinda-240x300.jpg 240w, https:\/\/drtubaerdogan.com\/wp-content\/uploads\/2024\/10\/opdr-tuba-erdogan-hakkinda-821x1024.jpg 821w, https:\/\/drtubaerdogan.com\/wp-content\/uploads\/2024\/10\/opdr-tuba-erdogan-hakkinda-768x958.jpg 768w\" sizes=\"(max-width: 1000px) 100vw, 1000px\" src=\"https:\/\/drtubaerdogan.com\/wp-content\/uploads\/2024\/10\/opdr-tuba-erdogan-hakkinda.jpg\" alt=\"Op.Dr. Tuba Erdo\u011fan Hakk\u0131nda\" \/><\/div><\/div><\/div>[\/vc_column][vc_column width=&#8221;1\/2&#8243;]<div class=\"text-left \"><div><h2 class=\"pix-headline my-3  loading-bar text-black font-weight-bold  secondary-font animate-in\" style=\"\" data-anim-type=\"fade-in-up\" data-anim-delay=\"0\" ><span>About Op.Dr. Tuba Erdo\u011fan <\/span><span class=\"pix-words-wrapper is-last\"><span class=\"is-visible \" ><\/span> <span class=\"pix-bar bg-black\" ><\/span><\/span><\/h2><\/div><\/div>[vc_column_text css=&#8221;.vc_custom_1776257252086{margin-bottom: 5px !important;}&#8221;]Dr. Tuba Erdo\u011fan is a member of the Turkish Medical Association.<\/p>\n<p>She began her specialization training in Plastic and Reconstructive Surgery at Istanbul University Faculty of Medicine in 1991. During this training, she worked at the Plastic Surgery department of the University College of London in England. In 1996, she attended a course on Aesthetic Breast Surgery in Munich. She completed her specialization in 1997. She is a member of the Turkish Medical Association and the Aesthetic Plastic Surgery Association.<\/p>\n<ul>\n<li>Ankara \u00dcniversitesi T\u0131p Fak\u00fcltesi (1985-1991)<\/li>\n<li>\u0130stanbul \u00dcniversitesi T\u0131p Fak\u00fcltesi Plastik Ve Rekonstruktif Cerrahi<\/li>\n<li>Anabilim Dal\u0131 (1991-1997)<\/li>\n<li>\u0130ngiltere \u201cUniversity Collage of London\u201d Plastik Cerrahi Servisi<\/li>\n<li>M\u00fcnih\u00a0 \u201cEstetik Meme Cerrahisi\u201d<\/li>\n<li>Laser Lipo E\u011fitim \u2013 T\u00fcrkiye<\/li>\n<\/ul>\n<p>[\/vc_column_text]<div class=\"text-left \"><div><h2 class=\"pix-headline my-3  loading-bar text-black font-weight-bold  secondary-font animate-in\" style=\"\" data-anim-type=\"fade-in-up\" data-anim-delay=\"0\" ><span>Areas of Expertise <\/span><span class=\"pix-words-wrapper is-last\"><span class=\"is-visible \" ><\/span> <span class=\"pix-bar bg-black\" ><\/span><\/span><\/h2><\/div><\/div>[vc_column_text css=&#8221;.vc_custom_1776257270427{margin-bottom: 5px !important;}&#8221;]<\/p>\n<ul>\n<li>Rhinoplasty, Tipplasty, Concha,<\/li>\n<li>Liposuction, Vaser Liposuction, Laser Lipolysis, Slim Lipo<\/li>\n<li>Breast Aesthetics, Breast Augmentation, Breast Reduction, Breast Lift<\/li>\n<li>Gynecomastia &#8211; Male Breast Reduction<\/li>\n<li>Facelift, Eyelid Aesthetics, Eyebrow Lift,<\/li>\n<li>Abdominoplasty, Leg Lift, Arm Lift<\/li>\n<\/ul>\n<p>[\/vc_column_text][\/vc_column][\/vc_row][vc_row pix_particles_check=&#8221;&#8221; css=&#8221;.vc_custom_1776256805567{margin-top: 25px !important;}&#8221;][vc_column]<div class=\"text-center \"><div><h3 class=\"pix-headline my-3  loading-bar text-black font-weight-bold  secondary-font animate-in\" style=\"\" data-anim-type=\"fade-in-up\" data-anim-delay=\"0\" ><span>Our Certificates <\/span><span class=\"pix-words-wrapper is-last\"><span class=\"is-visible \" ><\/span> <span class=\"pix-bar bg-black\" ><\/span><\/span><\/h3><\/div><\/div>[vc_row_inner][vc_column_inner width=&#8221;1\/3&#8243;][vc_single_image image=&#8221;3383&#8243; img_size=&#8221;full&#8221;][\/vc_column_inner][vc_column_inner width=&#8221;1\/3&#8243;][\/vc_column_inner][vc_column_inner width=&#8221;1\/3&#8243;][\/vc_column_inner][\/vc_row_inner][\/vc_column][\/vc_row][vc_row full_width=&#8221;stretch_row_content_no_spaces&#8221; pix_particles_check=&#8221;&#8221; responsive_css=&#8221;{&#8220;pix_res_sm_pt&#8220;:&#8220;0&#8220;,&#8220;pix_res_sm_pb&#8220;:&#8220;0&#8220;}&#8221; css=&#8221;.vc_custom_1730565682169{padding-top: 30px !important;padding-bottom: 30px !important;}&#8221;][vc_column]<div id=\"marquee-103085424\" class=\"pix-marquee-element d-flex \" ><div class=\"pix-marquee  \" ><div class=\"marquee__inner \" aria-hidden=\"true\"><div class=\"pix-marquee-item text-gradient-primary font-weight-bold heading-font\" style=\"\">Op. Dr. Tuba Erdo\u011fan<\/div><div class=\"pix-marquee-item text-gradient-primary font-weight-bold heading-font\" style=\"\">\u2022 \u2022 \u2022<\/div><div class=\"pix-marquee-item text-gradient-primary font-weight-bold heading-font\" style=\"\">Op. Dr. Tuba Erdo\u011fan<\/div><div class=\"pix-marquee-item text-gradient-primary font-weight-bold heading-font\" style=\"\">\u2022 \u2022 \u2022<\/div><\/div><\/div><\/div>[\/vc_column][\/vc_row]<\/p>\n<\/div>","protected":false},"excerpt":{"rendered":"<p>[vc_row full_width=&#8221;stretch_row&#8221; pix_particles_check=&#8221;&#8221; el_class=&#8221;about-three about-page&#8221;][vc_column width=&#8221;1\/2&#8243;][\/vc_column][vc_column width=&#8221;1\/2&#8243;][vc_column_text css=&#8221;.vc_custom_1776257252086{margin-bottom: 5px !important;}&#8221;]Dr. Tuba Erdo\u011fan is a member of the Turkish Medical Association. She began her specialization training in Plastic and Reconstructive Surgery at Istanbul University Faculty of Medicine in 1991. During this&#8230;<\/p>\n","protected":false},"author":1,"featured_media":0,"parent":0,"menu_order":0,"comment_status":"closed","ping_status":"closed","template":"","meta":{"footnotes":""},"class_list":["post-2387","page","type-page","status-publish","hentry"],"_links":{"self":[{"href":"https:\/\/drtubaerdogan.com\/en\/wp-json\/wp\/v2\/pages\/2387"}],"collection":[{"href":"https:\/\/drtubaerdogan.com\/en\/wp-json\/wp\/v2\/pages"}],"about":[{"href":"https:\/\/drtubaerdogan.com\/en\/wp-json\/wp\/v2\/types\/page"}],"author":[{"embeddable":true,"href":"https:\/\/drtubaerdogan.com\/en\/wp-json\/wp\/v2\/users\/1"}],"replies":[{"embeddable":true,"href":"https:\/\/drtubaerdogan.com\/en\/wp-json\/wp\/v2\/comments?post=2387"}],"version-history":[{"count":6,"href":"https:\/\/drtubaerdogan.com\/en\/wp-json\/wp\/v2\/pages\/2387\/revisions"}],"predecessor-version":[{"id":3390,"href":"https:\/\/drtubaerdogan.com\/en\/wp-json\/wp\/v2\/pages\/2387\/revisions\/3390"}],"wp:attachment":[{"href":"https:\/\/drtubaerdogan.com\/en\/wp-json\/wp\/v2\/media?parent=2387"}],"curies":[{"name":"wp","href":"https:\/\/api.w.org\/{rel}","templated":true}]}}