{"id":2966,"date":"2024-10-23T19:20:18","date_gmt":"2024-10-23T16:20:18","guid":{"rendered":"http:\/\/drtubaerdogan.com\/ameliyatsiz-estetik\/goz-alti-morluk-tedavisi\/isik-dolgusu-ile-goz-alti-uygulamasi\/"},"modified":"2024-11-04T20:43:21","modified_gmt":"2024-11-04T17:43:21","slug":"isik-dolgusu-ile-goz-alti-uygulamasi","status":"publish","type":"page","link":"https:\/\/drtubaerdogan.com\/de\/behandlung-von-blutergussen-unter-den-augen\/anwendung-unter-den-augen-mit-leichter-fullung\/","title":{"rendered":"Anwendung unter den Augen mit leichter F\u00fcllung"},"content":{"rendered":"<div class=\"wpb-content-wrapper\"><p>[vc_row pix_particles_check=&#8220;&#8220; el_class=&#8220;page-services&#8220;][vc_column][vc_column_text]<\/p>\n<h1>Anwendung unter den Augen mit leichter F\u00fcllung<\/h1>\n<p>Light Fillers sind Re-Density 1 und Re-Density 2. Die Anwendungsmethode und die Anwendungssitzungen sind unterschiedlich. Die eine ist eine Lichtauff\u00fcllung f\u00fcr das Gesicht, die andere eine Lichtauff\u00fcllung f\u00fcr die Augenpartie.<\/p>\n<p><img loading=\"lazy\" decoding=\"async\" class=\"alignnone size-full wp-image-996\" src=\"http:\/\/drtubaerdogan.com\/wp-content\/uploads\/2024\/10\/isik-dolgusu-ile-goz-alti-uygulamasi-42292-6598454051.jpg\" alt=\"\" width=\"850\" height=\"787\" srcset=\"https:\/\/drtubaerdogan.com\/wp-content\/uploads\/2024\/10\/isik-dolgusu-ile-goz-alti-uygulamasi-42292-6598454051.jpg 850w, https:\/\/drtubaerdogan.com\/wp-content\/uploads\/2024\/10\/isik-dolgusu-ile-goz-alti-uygulamasi-42292-6598454051-300x278.jpg 300w, https:\/\/drtubaerdogan.com\/wp-content\/uploads\/2024\/10\/isik-dolgusu-ile-goz-alti-uygulamasi-42292-6598454051-768x711.jpg 768w\" sizes=\"(max-width: 850px) 100vw, 850px\" \/><\/p>\n<p>Es gibt 2 verschiedene Produkte als Light Filling. Light Filling wird sowohl f\u00fcr das Gesicht als auch f\u00fcr die Augenpartie verwendet.<\/p>\n<p>Im Gesichtsbereich wird Redensity 1 zur Hautverj\u00fcngung eingesetzt.<\/p>\n<p>Redensity 2 wird zur Behandlung von blauen Flecken unter den Augen, Bluterg\u00fcssen, Gr\u00fcbchen und Tr\u00e4nens\u00e4cken verwendet.<\/p>\n<p>Zur Untersuchung in Bagdat Caddesi, Istanbul: 0542 339 34 76[\/vc_column_text][\/vc_column][\/vc_row]<\/p>\n<\/div>","protected":false},"excerpt":{"rendered":"<p>[vc_row pix_particles_check=&#8220;&#8220; el_class=&#8220;page-services&#8220;][vc_column][vc_column_text] Anwendung unter den Augen mit leichter F\u00fcllung Light Fillers sind Re-Density 1 und Re-Density 2. Die Anwendungsmethode und die Anwendungssitzungen sind unterschiedlich. Die eine ist eine Lichtauff\u00fcllung f\u00fcr das Gesicht, die andere eine Lichtauff\u00fcllung f\u00fcr die Augenpartie&#8230;.<\/p>\n","protected":false},"author":1,"featured_media":0,"parent":2780,"menu_order":0,"comment_status":"closed","ping_status":"closed","template":"templates\/template-right-sidebar.php","meta":{"footnotes":""},"class_list":["post-2966","page","type-page","status-publish","hentry"],"_links":{"self":[{"href":"https:\/\/drtubaerdogan.com\/de\/wp-json\/wp\/v2\/pages\/2966"}],"collection":[{"href":"https:\/\/drtubaerdogan.com\/de\/wp-json\/wp\/v2\/pages"}],"about":[{"href":"https:\/\/drtubaerdogan.com\/de\/wp-json\/wp\/v2\/types\/page"}],"author":[{"embeddable":true,"href":"https:\/\/drtubaerdogan.com\/de\/wp-json\/wp\/v2\/users\/1"}],"replies":[{"embeddable":true,"href":"https:\/\/drtubaerdogan.com\/de\/wp-json\/wp\/v2\/comments?post=2966"}],"version-history":[{"count":1,"href":"https:\/\/drtubaerdogan.com\/de\/wp-json\/wp\/v2\/pages\/2966\/revisions"}],"predecessor-version":[{"id":2967,"href":"https:\/\/drtubaerdogan.com\/de\/wp-json\/wp\/v2\/pages\/2966\/revisions\/2967"}],"up":[{"embeddable":true,"href":"https:\/\/drtubaerdogan.com\/de\/wp-json\/wp\/v2\/pages\/2780"}],"wp:attachment":[{"href":"https:\/\/drtubaerdogan.com\/de\/wp-json\/wp\/v2\/media?parent=2966"}],"curies":[{"name":"wp","href":"https:\/\/api.w.org\/{rel}","templated":true}]}}