{"id":2941,"date":"2024-10-23T19:00:45","date_gmt":"2024-10-23T16:00:45","guid":{"rendered":"http:\/\/drtubaerdogan.com\/estetik-ameliyatlar\/ameliyatsiz-kol-germe\/labioplasti-nasil-yapilir\/"},"modified":"2024-11-04T19:54:17","modified_gmt":"2024-11-04T16:54:17","slug":"labioplasti-nasil-yapilir","status":"publish","type":"page","link":"https:\/\/drtubaerdogan.com\/de\/nicht-chirurgische-armstraffung\/arm-asthetik\/","title":{"rendered":"Arm \u00c4sthetik"},"content":{"rendered":"<div class=\"wpb-content-wrapper\"><p>[vc_row pix_particles_check=&#8220;&#8220; el_class=&#8220;page-services&#8220;][vc_column][vc_column_text]<\/p>\n<h1>Arm \u00c4sthetik<\/h1>\n<p>Erschlaffung, \u00fcbersch\u00fcssiges Fett und \u00fcbersch\u00fcssige Haut im Armbereich werden durch \u00e4sthetische Operationen am Arm gel\u00f6st. \u00c4sthetische Operationen am Arm: Armstraffung und Armfettentfernung<\/p>\n<p><img loading=\"lazy\" decoding=\"async\" class=\"alignnone size-full wp-image-977\" src=\"http:\/\/drtubaerdogan.com\/wp-content\/uploads\/2024\/10\/kol-estetigi-42397-700681794.jpg\" alt=\"\" width=\"850\" height=\"566\" srcset=\"https:\/\/drtubaerdogan.com\/wp-content\/uploads\/2024\/10\/kol-estetigi-42397-700681794.jpg 850w, https:\/\/drtubaerdogan.com\/wp-content\/uploads\/2024\/10\/kol-estetigi-42397-700681794-300x200.jpg 300w, https:\/\/drtubaerdogan.com\/wp-content\/uploads\/2024\/10\/kol-estetigi-42397-700681794-768x511.jpg 768w\" sizes=\"(max-width: 850px) 100vw, 850px\" \/><\/p>\n<p><strong>Im Armbereich<\/strong>, wenn es nicht viel Fett Ansammlung, schwere schlaffe und Falten in der Haut, nur Fettabbau Chirurgie Methoden gel\u00f6st werden kann, k\u00f6nnen die Menschen loswerden Fett ohne Schnittnarben. Am Ende der Anwendung wird auch eine Straffung durchgef\u00fchrt.<\/p>\n<p>Bei starker Erschlaffung und \u00fcbersch\u00fcssigem Fett und guter Hautqualit\u00e4t sind nur <strong>Fettentfernungsoperationen<\/strong> ausreichend.<\/p>\n<p>Sie wird unter \u00f6rtlicher Bet\u00e4ubung oder Vollnarkose durchgef\u00fchrt. In den ersten 3 Tagen kommt es zu Muskelschmerzen in den Armen. Es gibt keine Operationsschmerzen. Es gibt keine Einschnittnarbe. Nur das verwendete technologische Ger\u00e4t hat Einstichstellen, die so d\u00fcnn sind wie eine Injektionsnadel. Diese Punkte liegen zwischen 2-4. Sie sind nicht sichtbar.<\/p>\n<p>Wenn im Armbereich nicht nur Fett, sondern auch schlaffe und \u00fcbersch\u00fcssige Haut vorhanden ist, reicht die L\u00f6sung mit einer Fettabsaugungsoperation m\u00f6glicherweise nicht aus. Wenn die Haut von schlechter Qualit\u00e4t ist und es zu viele Risse im Armbereich gibt, kann eine Armstraffungsoperation erforderlich sein. Bei einer<strong>Armstraffungsoperation<\/strong> entstehen sichtbare Schnittnarben. Die Schnittnarben nehmen eine Farbe an, die der Hautfarbe \u00e4hnlich ist und sich von der Hautfarbe unterscheidet.<\/p>\n<p>Die Armstraffung ist eine plastische Operation, die unter Vollnarkose durchgef\u00fchrt wird. In den ersten Tagen sind die Armbewegungen eingeschr\u00e4nkt. Nach den ersten Tagen k\u00f6nnen Sie sich mit den Bewegungen wohlf\u00fchlen. Sport kann 2 Monate nach der Operation wieder aufgenommen werden.<\/p>\n<p>Ob Sie eine Armstraffung oder eine Armfettentfernung ben\u00f6tigen, k\u00f6nnen Sie bei einer Untersuchung in der Bagdat Stra\u00dfe in Istanbul herausfinden.[\/vc_column_text][\/vc_column][\/vc_row]<\/p>\n<\/div>","protected":false},"excerpt":{"rendered":"<p>[vc_row pix_particles_check=&#8220;&#8220; el_class=&#8220;page-services&#8220;][vc_column][vc_column_text] Arm \u00c4sthetik Erschlaffung, \u00fcbersch\u00fcssiges Fett und \u00fcbersch\u00fcssige Haut im Armbereich werden durch \u00e4sthetische Operationen am Arm gel\u00f6st. \u00c4sthetische Operationen am Arm: Armstraffung und Armfettentfernung Im Armbereich, wenn es nicht viel Fett Ansammlung, schwere schlaffe und Falten in&#8230;<\/p>\n","protected":false},"author":1,"featured_media":0,"parent":2734,"menu_order":0,"comment_status":"closed","ping_status":"closed","template":"templates\/template-right-sidebar.php","meta":{"footnotes":""},"class_list":["post-2941","page","type-page","status-publish","hentry"],"_links":{"self":[{"href":"https:\/\/drtubaerdogan.com\/de\/wp-json\/wp\/v2\/pages\/2941"}],"collection":[{"href":"https:\/\/drtubaerdogan.com\/de\/wp-json\/wp\/v2\/pages"}],"about":[{"href":"https:\/\/drtubaerdogan.com\/de\/wp-json\/wp\/v2\/types\/page"}],"author":[{"embeddable":true,"href":"https:\/\/drtubaerdogan.com\/de\/wp-json\/wp\/v2\/users\/1"}],"replies":[{"embeddable":true,"href":"https:\/\/drtubaerdogan.com\/de\/wp-json\/wp\/v2\/comments?post=2941"}],"version-history":[{"count":2,"href":"https:\/\/drtubaerdogan.com\/de\/wp-json\/wp\/v2\/pages\/2941\/revisions"}],"predecessor-version":[{"id":2944,"href":"https:\/\/drtubaerdogan.com\/de\/wp-json\/wp\/v2\/pages\/2941\/revisions\/2944"}],"up":[{"embeddable":true,"href":"https:\/\/drtubaerdogan.com\/de\/wp-json\/wp\/v2\/pages\/2734"}],"wp:attachment":[{"href":"https:\/\/drtubaerdogan.com\/de\/wp-json\/wp\/v2\/media?parent=2941"}],"curies":[{"name":"wp","href":"https:\/\/api.w.org\/{rel}","templated":true}]}}