{"id":2929,"date":"2024-10-23T18:57:19","date_gmt":"2024-10-23T15:57:19","guid":{"rendered":"http:\/\/drtubaerdogan.com\/estetik-ameliyatlar\/labioplasti-genital-estetigi\/labioplasti-ameliyati-fiyatlari\/"},"modified":"2024-11-04T19:50:08","modified_gmt":"2024-11-04T16:50:08","slug":"labioplasti-ameliyati-fiyatlari","status":"publish","type":"page","link":"https:\/\/drtubaerdogan.com\/de\/schamlippenplastik-genitalasthetik\/preise-fur-schamlippenkorrekturen\/","title":{"rendered":"Preise f\u00fcr Schamlippenkorrekturen"},"content":{"rendered":"<div class=\"wpb-content-wrapper\"><p>[vc_row pix_particles_check=&#8220;&#8220; el_class=&#8220;page-services&#8220;][vc_column][vc_column_text]<\/p>\n<h1>Preise f\u00fcr Schamlippenkorrekturen<\/h1>\n<p>Die Schamlippenkorrektur ist eine \u00e4sthetische Operation im Genitalbereich. Sie wird von plastischen Chirurgen durchgef\u00fchrt.<\/p>\n<p><img loading=\"lazy\" decoding=\"async\" class=\"alignnone size-full wp-image-966\" src=\"http:\/\/drtubaerdogan.com\/wp-content\/uploads\/2024\/10\/labioplasti-fiyatlari-42318-574386794.jpg\" alt=\"\" width=\"850\" height=\"713\" srcset=\"https:\/\/drtubaerdogan.com\/wp-content\/uploads\/2024\/10\/labioplasti-fiyatlari-42318-574386794.jpg 850w, https:\/\/drtubaerdogan.com\/wp-content\/uploads\/2024\/10\/labioplasti-fiyatlari-42318-574386794-300x252.jpg 300w, https:\/\/drtubaerdogan.com\/wp-content\/uploads\/2024\/10\/labioplasti-fiyatlari-42318-574386794-768x644.jpg 768w\" sizes=\"(max-width: 850px) 100vw, 850px\" \/><br \/>\nDie Schamlippenkorrektur ist eine \u00e4sthetische Operation im Genitalbereich. Sie wird von plastischen Chirurgen durchgef\u00fchrt.[\/vc_column_text][\/vc_column][\/vc_row]<\/p>\n<\/div>","protected":false},"excerpt":{"rendered":"<p>[vc_row pix_particles_check=&#8220;&#8220; el_class=&#8220;page-services&#8220;][vc_column][vc_column_text] Preise f\u00fcr Schamlippenkorrekturen Die Schamlippenkorrektur ist eine \u00e4sthetische Operation im Genitalbereich. Sie wird von plastischen Chirurgen durchgef\u00fchrt. Die Schamlippenkorrektur ist eine \u00e4sthetische Operation im Genitalbereich. Sie wird von plastischen Chirurgen durchgef\u00fchrt.[\/vc_column_text][\/vc_column][\/vc_row]<\/p>\n","protected":false},"author":1,"featured_media":0,"parent":2728,"menu_order":0,"comment_status":"closed","ping_status":"closed","template":"templates\/template-right-sidebar.php","meta":{"footnotes":""},"class_list":["post-2929","page","type-page","status-publish","hentry"],"_links":{"self":[{"href":"https:\/\/drtubaerdogan.com\/de\/wp-json\/wp\/v2\/pages\/2929"}],"collection":[{"href":"https:\/\/drtubaerdogan.com\/de\/wp-json\/wp\/v2\/pages"}],"about":[{"href":"https:\/\/drtubaerdogan.com\/de\/wp-json\/wp\/v2\/types\/page"}],"author":[{"embeddable":true,"href":"https:\/\/drtubaerdogan.com\/de\/wp-json\/wp\/v2\/users\/1"}],"replies":[{"embeddable":true,"href":"https:\/\/drtubaerdogan.com\/de\/wp-json\/wp\/v2\/comments?post=2929"}],"version-history":[{"count":1,"href":"https:\/\/drtubaerdogan.com\/de\/wp-json\/wp\/v2\/pages\/2929\/revisions"}],"predecessor-version":[{"id":2938,"href":"https:\/\/drtubaerdogan.com\/de\/wp-json\/wp\/v2\/pages\/2929\/revisions\/2938"}],"up":[{"embeddable":true,"href":"https:\/\/drtubaerdogan.com\/de\/wp-json\/wp\/v2\/pages\/2728"}],"wp:attachment":[{"href":"https:\/\/drtubaerdogan.com\/de\/wp-json\/wp\/v2\/media?parent=2929"}],"curies":[{"name":"wp","href":"https:\/\/api.w.org\/{rel}","templated":true}]}}