{"id":2928,"date":"2024-10-23T18:44:05","date_gmt":"2024-10-23T15:44:05","guid":{"rendered":"http:\/\/drtubaerdogan.com\/estetik-ameliyatlar\/labioplasti-genital-estetigi\/labioplasti-nasil-yapilir\/"},"modified":"2024-11-04T19:49:24","modified_gmt":"2024-11-04T16:49:24","slug":"labioplasti-nasil-yapilir","status":"publish","type":"page","link":"https:\/\/drtubaerdogan.com\/de\/schamlippenplastik-genitalasthetik\/wie-wird-die-labioplastik-durchgefuhrt\/","title":{"rendered":"Wie wird die Labioplastik durchgef\u00fchrt?"},"content":{"rendered":"<div class=\"wpb-content-wrapper\"><p>[vc_row pix_particles_check=&#8220;&#8220; el_class=&#8220;page-services&#8220;][vc_column][vc_column_text]<\/p>\n<h1>Wie wird die Labioplastik durchgef\u00fchrt?<\/h1>\n<p>\u00c4sthetik der Innenlippen, Wie wird eine Schamlippenplastik durchgef\u00fchrt, wie lange dauert der Eingriff?<\/p>\n<p><img loading=\"lazy\" decoding=\"async\" class=\"alignnone size-full wp-image-947\" src=\"http:\/\/drtubaerdogan.com\/wp-content\/uploads\/2024\/10\/labioplasti-nasil-yapilir-42384-5027914815.jpg\" alt=\"\" width=\"800\" height=\"324\"><\/p>\n<p>Im \u00e4u\u00dferen Genitalbereich k\u00f6nnen die inneren Lippen manchmal locker und schlaff sein. Normalerweise <strong>sollten die inneren Lippen<\/strong> beim Stehen <strong>innerhalb der \u00e4u\u00dferen Lippen liegen und nicht durchh\u00e4ngen.<\/strong><\/p>\n<p>Wenn sie tiefer liegen, kann dies Beschwerden verursachen. Manche Menschen st\u00f6ren sich aus \u00e4sthetischen Gr\u00fcnden an dieser Situation. Manchmal kann es auch zu hygienischen Problemen und Beschwerden beim Geschlechtsverkehr kommen.<\/p>\n<p>Dieses Problem kann durch eine Verkleinerung<strong>der inneren Lippen<\/strong> gel\u00f6st werden. Dieser Eingriff kann unter \u00f6rtlicher Bet\u00e4ubung oder Vollnarkose durchgef\u00fchrt werden. F\u00fcr diese Region wird die Vollnarkose bevorzugt, da sie angenehmer ist. Der Eingriff dauert durchschnittlich 40-45 Minuten. Es werden selbstschmelzende N\u00e4hte verwendet, es m\u00fcssen keine F\u00e4den gezogen werden.<\/p>\n<p>Obwohl bei der<strong>Schamlippenkorrektur<\/strong> verschiedene Techniken angewandt werden, sind die folgenden zwei Methoden besonders beliebt:<\/p>\n<p><strong>1. die erschlafften Stellen werden markiert und entfernt und das verbleibende Gewebe wird vern\u00e4ht.<\/strong><\/p>\n<p><strong><img loading=\"lazy\" decoding=\"async\" class=\"alignnone size-full wp-image-960\" src=\"http:\/\/drtubaerdogan.com\/wp-content\/uploads\/2024\/10\/Adsiz.jpg\" alt=\"\" width=\"595\" height=\"393\" srcset=\"https:\/\/drtubaerdogan.com\/wp-content\/uploads\/2024\/10\/Adsiz.jpg 595w, https:\/\/drtubaerdogan.com\/wp-content\/uploads\/2024\/10\/Adsiz-300x198.jpg 300w\" sizes=\"(max-width: 595px) 100vw, 595px\" \/><\/strong><\/p>\n<p><strong>2- Wenn der \u00dcberschuss nicht nur nach unten, sondern auch von vorne nach hinten verl\u00e4uft, wird er entsprechend entfernt.<\/strong><\/p>\n<p><img loading=\"lazy\" decoding=\"async\" class=\"alignnone wp-image-961\" src=\"http:\/\/drtubaerdogan.com\/wp-content\/uploads\/2024\/10\/2.jpg\" alt=\"\" width=\"595\" height=\"393\"><img loading=\"lazy\" decoding=\"async\" class=\"alignnone wp-image-962\" src=\"http:\/\/drtubaerdogan.com\/wp-content\/uploads\/2024\/10\/3.jpg\" alt=\"\" width=\"595\" height=\"393\" srcset=\"https:\/\/drtubaerdogan.com\/wp-content\/uploads\/2024\/10\/3.jpg 595w, https:\/\/drtubaerdogan.com\/wp-content\/uploads\/2024\/10\/3-300x198.jpg 300w\" sizes=\"(max-width: 595px) 100vw, 595px\" \/><\/p>\n<p>In beiden F\u00e4llen liefert die Schamlippenkorrektur ein gutes \u00e4sthetisches Ergebnis und lindert funktionelle Beschwerden.[\/vc_column_text][\/vc_column][\/vc_row]<\/p>\n<\/div>","protected":false},"excerpt":{"rendered":"<p>[vc_row pix_particles_check=&#8220;&#8220; el_class=&#8220;page-services&#8220;][vc_column][vc_column_text] Wie wird die Labioplastik durchgef\u00fchrt? \u00c4sthetik der Innenlippen, Wie wird eine Schamlippenplastik durchgef\u00fchrt, wie lange dauert der Eingriff? Im \u00e4u\u00dferen Genitalbereich k\u00f6nnen die inneren Lippen manchmal locker und schlaff sein. Normalerweise sollten die inneren Lippen beim Stehen&#8230;<\/p>\n","protected":false},"author":1,"featured_media":0,"parent":2728,"menu_order":0,"comment_status":"closed","ping_status":"closed","template":"templates\/template-right-sidebar.php","meta":{"footnotes":""},"class_list":["post-2928","page","type-page","status-publish","hentry"],"_links":{"self":[{"href":"https:\/\/drtubaerdogan.com\/de\/wp-json\/wp\/v2\/pages\/2928"}],"collection":[{"href":"https:\/\/drtubaerdogan.com\/de\/wp-json\/wp\/v2\/pages"}],"about":[{"href":"https:\/\/drtubaerdogan.com\/de\/wp-json\/wp\/v2\/types\/page"}],"author":[{"embeddable":true,"href":"https:\/\/drtubaerdogan.com\/de\/wp-json\/wp\/v2\/users\/1"}],"replies":[{"embeddable":true,"href":"https:\/\/drtubaerdogan.com\/de\/wp-json\/wp\/v2\/comments?post=2928"}],"version-history":[{"count":2,"href":"https:\/\/drtubaerdogan.com\/de\/wp-json\/wp\/v2\/pages\/2928\/revisions"}],"predecessor-version":[{"id":2936,"href":"https:\/\/drtubaerdogan.com\/de\/wp-json\/wp\/v2\/pages\/2928\/revisions\/2936"}],"up":[{"embeddable":true,"href":"https:\/\/drtubaerdogan.com\/de\/wp-json\/wp\/v2\/pages\/2728"}],"wp:attachment":[{"href":"https:\/\/drtubaerdogan.com\/de\/wp-json\/wp\/v2\/media?parent=2928"}],"curies":[{"name":"wp","href":"https:\/\/api.w.org\/{rel}","templated":true}]}}