{"id":2915,"date":"2024-10-23T18:14:09","date_gmt":"2024-10-23T15:14:09","guid":{"rendered":"http:\/\/drtubaerdogan.com\/estetik-ameliyatlar\/karin-germe-ameliyati\/karin-germe-ameliyati-sonrasi-ameliyat-izi\/"},"modified":"2024-11-04T19:46:01","modified_gmt":"2024-11-04T16:46:01","slug":"karin-germe-ameliyati-sonrasi-ameliyat-izi","status":"publish","type":"page","link":"https:\/\/drtubaerdogan.com\/de\/bauchdeckenstraffung-chirurgie\/chirurgische-narbe-nach-einer-bauchstraffungsoperation\/","title":{"rendered":"Chirurgische Narbe nach einer Bauchstraffungsoperation"},"content":{"rendered":"<div class=\"wpb-content-wrapper\"><p>[vc_row pix_particles_check=&#8220;&#8220; el_class=&#8220;page-services&#8220;][vc_column][vc_column_text]<\/p>\n<h1>Chirurgische Narbe nach einer Bauchstraffungsoperation<\/h1>\n<p>Nach einer Bauchdeckenstraffung bleibt eine Operationsnarbe zur\u00fcck. Es handelt sich um eine plastische Operation, die von plastischen Chirurgen durchgef\u00fchrt wird.<\/p>\n<p><img loading=\"lazy\" decoding=\"async\" class=\"alignnone size-full wp-image-931\" src=\"http:\/\/drtubaerdogan.com\/wp-content\/uploads\/2024\/10\/karin-germe-ameliyati-sonrasi-ameliyat-izi-42371-573976169.jpg\" alt=\"\" width=\"850\" height=\"426\" srcset=\"https:\/\/drtubaerdogan.com\/wp-content\/uploads\/2024\/10\/karin-germe-ameliyati-sonrasi-ameliyat-izi-42371-573976169.jpg 850w, https:\/\/drtubaerdogan.com\/wp-content\/uploads\/2024\/10\/karin-germe-ameliyati-sonrasi-ameliyat-izi-42371-573976169-300x150.jpg 300w, https:\/\/drtubaerdogan.com\/wp-content\/uploads\/2024\/10\/karin-germe-ameliyati-sonrasi-ameliyat-izi-42371-573976169-768x385.jpg 768w\" sizes=\"(max-width: 850px) 100vw, 850px\" \/><br \/>\nEs handelt sich um eine chirurgische Narbe, die leicht unter der Unterw\u00e4sche versteckt werden kann.<\/p>\n<p>Am Anfang ist sie sichtbar. Mit der Zeit wird sie rosa. Nach einer gewissen Zeit wird sie wei\u00df.<\/p>\n<p>Die Narbe verschwindet nach einer Bauchdeckenstraffung nicht vollst\u00e4ndig. Nach 12 Monaten ist sie jedoch weniger auff\u00e4llig.[\/vc_column_text][\/vc_column][\/vc_row]<\/p>\n<\/div>","protected":false},"excerpt":{"rendered":"<p>[vc_row pix_particles_check=&#8220;&#8220; el_class=&#8220;page-services&#8220;][vc_column][vc_column_text] Chirurgische Narbe nach einer Bauchstraffungsoperation Nach einer Bauchdeckenstraffung bleibt eine Operationsnarbe zur\u00fcck. Es handelt sich um eine plastische Operation, die von plastischen Chirurgen durchgef\u00fchrt wird. Es handelt sich um eine chirurgische Narbe, die leicht unter der Unterw\u00e4sche&#8230;<\/p>\n","protected":false},"author":1,"featured_media":0,"parent":2726,"menu_order":0,"comment_status":"closed","ping_status":"closed","template":"templates\/template-right-sidebar.php","meta":{"footnotes":""},"class_list":["post-2915","page","type-page","status-publish","hentry"],"_links":{"self":[{"href":"https:\/\/drtubaerdogan.com\/de\/wp-json\/wp\/v2\/pages\/2915"}],"collection":[{"href":"https:\/\/drtubaerdogan.com\/de\/wp-json\/wp\/v2\/pages"}],"about":[{"href":"https:\/\/drtubaerdogan.com\/de\/wp-json\/wp\/v2\/types\/page"}],"author":[{"embeddable":true,"href":"https:\/\/drtubaerdogan.com\/de\/wp-json\/wp\/v2\/users\/1"}],"replies":[{"embeddable":true,"href":"https:\/\/drtubaerdogan.com\/de\/wp-json\/wp\/v2\/comments?post=2915"}],"version-history":[{"count":1,"href":"https:\/\/drtubaerdogan.com\/de\/wp-json\/wp\/v2\/pages\/2915\/revisions"}],"predecessor-version":[{"id":2925,"href":"https:\/\/drtubaerdogan.com\/de\/wp-json\/wp\/v2\/pages\/2915\/revisions\/2925"}],"up":[{"embeddable":true,"href":"https:\/\/drtubaerdogan.com\/de\/wp-json\/wp\/v2\/pages\/2726"}],"wp:attachment":[{"href":"https:\/\/drtubaerdogan.com\/de\/wp-json\/wp\/v2\/media?parent=2915"}],"curies":[{"name":"wp","href":"https:\/\/api.w.org\/{rel}","templated":true}]}}