{"id":2899,"date":"2024-10-23T17:53:33","date_gmt":"2024-10-23T14:53:33","guid":{"rendered":"http:\/\/drtubaerdogan.com\/estetik-ameliyatlar\/lazer-lipoliz\/lazer-lipoliz\/"},"modified":"2024-11-04T19:36:50","modified_gmt":"2024-11-04T16:36:50","slug":"lazer-lipoliz","status":"publish","type":"page","link":"https:\/\/drtubaerdogan.com\/de\/laser-lipolyse\/was-ist-nach-der-laserlipolyse-zu-beachten\/","title":{"rendered":"Was ist nach der Laserlipolyse zu beachten?"},"content":{"rendered":"<div class=\"wpb-content-wrapper\"><p>[vc_row pix_particles_check=&#8220;&#8220; el_class=&#8220;page-services&#8220;][vc_column][vc_column_text]<\/p>\n<h1>Was ist nach der Laserlipolyse zu beachten?<\/h1>\n<p>Dinge, die nach der Laserlipolyse oder Laserliposuktion in der Fettentfernungschirurgie zu beachten sind:<\/p>\n<p><img loading=\"lazy\" decoding=\"async\" class=\"alignnone size-full wp-image-899\" src=\"http:\/\/drtubaerdogan.com\/wp-content\/uploads\/2024\/10\/lazer-lipoliz-sonrasi-dikkat-edilmesi-gerekenler-42475-5252313889.jpg\" alt=\"\" width=\"850\" height=\"713\" srcset=\"https:\/\/drtubaerdogan.com\/wp-content\/uploads\/2024\/10\/lazer-lipoliz-sonrasi-dikkat-edilmesi-gerekenler-42475-5252313889.jpg 850w, https:\/\/drtubaerdogan.com\/wp-content\/uploads\/2024\/10\/lazer-lipoliz-sonrasi-dikkat-edilmesi-gerekenler-42475-5252313889-300x252.jpg 300w, https:\/\/drtubaerdogan.com\/wp-content\/uploads\/2024\/10\/lazer-lipoliz-sonrasi-dikkat-edilmesi-gerekenler-42475-5252313889-768x644.jpg 768w\" sizes=\"(max-width: 850px) 100vw, 850px\" \/><br \/>\nDie Verwendung eines Korsetts ist wichtig. Sie sollten es wie von Ihrem Arzt verordnet in der von ihm angegebenen Zeit verwenden.<\/p>\n<p>Sie sollten reichlich Fl\u00fcssigkeit zu sich nehmen.<\/p>\n<p>Wenn Sie sich ausruhen, sollten Ihre F\u00fc\u00dfe gestreckt und ausgeruht sein.<br \/>\nIn den ersten Tagen werden Sie eher Muskelschmerzen als Operationsschmerzen oder Schmerzen haben. Sie sollten die von Ihrem Arzt verschriebenen Medikamente f\u00fcr die im Rezept angegebene Zeit einnehmen.<br \/>\nEs ist wichtig, dass Sie Sport als einen Teil Ihres Lebens betrachten. 1 Monat nach der Anwendung sollten Sie Sport zu Ihrem Lebensstil machen.<br \/>\nSie sollten eine gesunde Ern\u00e4hrung zu Ihrem Lebensstil machen.<\/p>\n<p>An den Stellen, an denen die Laser-Lipolyse oder die Laser-Liposuktion durchgef\u00fchrt wurde, werden Sie danach kein Fett mehr haben. Um an anderen Stellen kein Fett zu bekommen, sollten gesunde Ern\u00e4hrung und Sport nicht in Ihrem Leben fehlen.<\/p>\n<p>Istanbul, Bagdat Street, f\u00fcr Ihre Fragen \u00fcber \u00e4sthetische Operationen, etc: 0542 339 34 76[\/vc_column_text][\/vc_column][\/vc_row]<\/p>\n<\/div>","protected":false},"excerpt":{"rendered":"<p>[vc_row pix_particles_check=&#8220;&#8220; el_class=&#8220;page-services&#8220;][vc_column][vc_column_text] Was ist nach der Laserlipolyse zu beachten? Dinge, die nach der Laserlipolyse oder Laserliposuktion in der Fettentfernungschirurgie zu beachten sind: Die Verwendung eines Korsetts ist wichtig. Sie sollten es wie von Ihrem Arzt verordnet in der von&#8230;<\/p>\n","protected":false},"author":1,"featured_media":0,"parent":2708,"menu_order":0,"comment_status":"closed","ping_status":"closed","template":"templates\/template-right-sidebar.php","meta":{"footnotes":""},"class_list":["post-2899","page","type-page","status-publish","hentry"],"_links":{"self":[{"href":"https:\/\/drtubaerdogan.com\/de\/wp-json\/wp\/v2\/pages\/2899"}],"collection":[{"href":"https:\/\/drtubaerdogan.com\/de\/wp-json\/wp\/v2\/pages"}],"about":[{"href":"https:\/\/drtubaerdogan.com\/de\/wp-json\/wp\/v2\/types\/page"}],"author":[{"embeddable":true,"href":"https:\/\/drtubaerdogan.com\/de\/wp-json\/wp\/v2\/users\/1"}],"replies":[{"embeddable":true,"href":"https:\/\/drtubaerdogan.com\/de\/wp-json\/wp\/v2\/comments?post=2899"}],"version-history":[{"count":1,"href":"https:\/\/drtubaerdogan.com\/de\/wp-json\/wp\/v2\/pages\/2899\/revisions"}],"predecessor-version":[{"id":2907,"href":"https:\/\/drtubaerdogan.com\/de\/wp-json\/wp\/v2\/pages\/2899\/revisions\/2907"}],"up":[{"embeddable":true,"href":"https:\/\/drtubaerdogan.com\/de\/wp-json\/wp\/v2\/pages\/2708"}],"wp:attachment":[{"href":"https:\/\/drtubaerdogan.com\/de\/wp-json\/wp\/v2\/media?parent=2899"}],"curies":[{"name":"wp","href":"https:\/\/api.w.org\/{rel}","templated":true}]}}