{"id":2884,"date":"2024-10-23T17:49:19","date_gmt":"2024-10-23T14:49:19","guid":{"rendered":"http:\/\/drtubaerdogan.com\/estetik-ameliyatlar\/vaser-liposuction\/vaser-liposuction-sonrasi-dikkat-edilmesi-gerekenler\/"},"modified":"2024-11-04T19:30:57","modified_gmt":"2024-11-04T16:30:57","slug":"vaser-liposuction-sonrasi-dikkat-edilmesi-gerekenler","status":"publish","type":"page","link":"https:\/\/drtubaerdogan.com\/de\/vaser-liposuktion\/was-ist-nach-einer-vaser-liposuktion-zu-beachten\/","title":{"rendered":"Was ist nach einer Vaser-Liposuktion zu beachten?"},"content":{"rendered":"<div class=\"wpb-content-wrapper\"><p>[vc_row pix_particles_check=&#8220;&#8220; el_class=&#8220;page-services&#8220;][vc_column][vc_column_text]<\/p>\n<h1>Was ist nach einer Vaser-Liposuktion zu beachten?<\/h1>\n<p>Es wird gefragt, wie man den Erholungsprozess nach einer Vaser-Liposuktion verbringen soll. Wann soll man Sport treiben, wie soll man das Korsett benutzen, wird oft gefragt.<\/p>\n<p><img loading=\"lazy\" decoding=\"async\" class=\"alignnone size-full wp-image-882\" src=\"http:\/\/drtubaerdogan.com\/wp-content\/uploads\/2024\/10\/vaser-liposuction-sonrasi-dikkat-edilmesi-gerekenler-42292-6258212731.jpg\" alt=\"\" width=\"850\" height=\"725\" srcset=\"https:\/\/drtubaerdogan.com\/wp-content\/uploads\/2024\/10\/vaser-liposuction-sonrasi-dikkat-edilmesi-gerekenler-42292-6258212731.jpg 850w, https:\/\/drtubaerdogan.com\/wp-content\/uploads\/2024\/10\/vaser-liposuction-sonrasi-dikkat-edilmesi-gerekenler-42292-6258212731-300x256.jpg 300w, https:\/\/drtubaerdogan.com\/wp-content\/uploads\/2024\/10\/vaser-liposuction-sonrasi-dikkat-edilmesi-gerekenler-42292-6258212731-768x655.jpg 768w\" sizes=\"(max-width: 850px) 100vw, 850px\" \/><br \/>\nEs ist wichtig, dass Sie das Korsett f\u00fcr den vom Facharzt f\u00fcr plastische Chirurgie angegebenen Zeitraum tragen. Manche \u00c4rzte verlangen 1 Woche, manche 3 Wochen. Meiner Erfahrung nach bevorzuge ich 3 Wochen, da ich die Ergebnisse einer 3-w\u00f6chigen Korsettanwendung erfolgreicher finde.<br \/>\nNach der Anwendung sollten Sie viel Fl\u00fcssigkeit zu sich nehmen.<\/p>\n<p>Ihr plastischer Chirurg, der die Anwendung durchf\u00fchrt, wird Sie bei Ihrer Entlassung auf das Baden hinweisen. Wann Sie entlassen werden, bestimmen Sie selbst.<\/p>\n<p>Wenn Sie sich ausruhen, sollten die F\u00fc\u00dfe ausgestreckt sein, anstatt zu sitzen.<br \/>\nIn den ersten Tagen werden Sie Muskelschmerzen haben. Wenn Sie eine l\u00e4ngere Sportpause einlegen und wieder damit beginnen, werden Sie nach der Rohheit Muskelschmerzen versp\u00fcren.<\/p>\n<p>Sport ist wichtig. Sie k\u00f6nnen 3 &#8211; 4 Wochen nach der Anwendung mit Sport beginnen. Sport sollte ein Teil Ihres Lebens sein.<\/p>\n<p>Nach der Vaser-Ultraschallbehandlung sollten Sie eine gesunde Ern\u00e4hrung zu Ihrem Lebensstil machen.<\/p>\n<p>An den Stellen, an denen die Vaser-Liposuktion durchgef\u00fchrt wurde, werden Sie danach kein Fett mehr bekommen. Um das Problem des Fettes in den Bereichen, in denen die Anwendung nicht durchgef\u00fchrt wurde, zu vermeiden, sollten Sie Sport und gesunde Ern\u00e4hrung nicht aus Ihrem Leben streichen.<\/p>\n<p>Sie k\u00f6nnen sich \u00fcber \u00e4sthetische Fettabsaugungsoperationen in Istanbul Bagdat Stra\u00dfe untersuchen lassen. 0542 339 34 76[\/vc_column_text][\/vc_column][\/vc_row]<\/p>\n<\/div>","protected":false},"excerpt":{"rendered":"<p>[vc_row pix_particles_check=&#8220;&#8220; el_class=&#8220;page-services&#8220;][vc_column][vc_column_text] Was ist nach einer Vaser-Liposuktion zu beachten? Es wird gefragt, wie man den Erholungsprozess nach einer Vaser-Liposuktion verbringen soll. Wann soll man Sport treiben, wie soll man das Korsett benutzen, wird oft gefragt. Es ist wichtig, dass&#8230;<\/p>\n","protected":false},"author":1,"featured_media":0,"parent":2722,"menu_order":0,"comment_status":"closed","ping_status":"closed","template":"templates\/template-right-sidebar.php","meta":{"footnotes":""},"class_list":["post-2884","page","type-page","status-publish","hentry"],"_links":{"self":[{"href":"https:\/\/drtubaerdogan.com\/de\/wp-json\/wp\/v2\/pages\/2884"}],"collection":[{"href":"https:\/\/drtubaerdogan.com\/de\/wp-json\/wp\/v2\/pages"}],"about":[{"href":"https:\/\/drtubaerdogan.com\/de\/wp-json\/wp\/v2\/types\/page"}],"author":[{"embeddable":true,"href":"https:\/\/drtubaerdogan.com\/de\/wp-json\/wp\/v2\/users\/1"}],"replies":[{"embeddable":true,"href":"https:\/\/drtubaerdogan.com\/de\/wp-json\/wp\/v2\/comments?post=2884"}],"version-history":[{"count":1,"href":"https:\/\/drtubaerdogan.com\/de\/wp-json\/wp\/v2\/pages\/2884\/revisions"}],"predecessor-version":[{"id":2895,"href":"https:\/\/drtubaerdogan.com\/de\/wp-json\/wp\/v2\/pages\/2884\/revisions\/2895"}],"up":[{"embeddable":true,"href":"https:\/\/drtubaerdogan.com\/de\/wp-json\/wp\/v2\/pages\/2722"}],"wp:attachment":[{"href":"https:\/\/drtubaerdogan.com\/de\/wp-json\/wp\/v2\/media?parent=2884"}],"curies":[{"name":"wp","href":"https:\/\/api.w.org\/{rel}","templated":true}]}}