{"id":2881,"date":"2024-10-23T17:42:11","date_gmt":"2024-10-23T14:42:11","guid":{"rendered":"http:\/\/drtubaerdogan.com\/estetik-ameliyatlar\/vaser-liposuction\/vaser-liposuction-ile-jinekomasti-ameliyati\/"},"modified":"2024-11-04T19:24:43","modified_gmt":"2024-11-04T16:24:43","slug":"vaser-liposuction-ile-jinekomasti-ameliyati","status":"publish","type":"page","link":"https:\/\/drtubaerdogan.com\/de\/vaser-liposuktion\/gynakomastiechirurgie-mit-vaser-liposuktion\/","title":{"rendered":"Gyn\u00e4komastiechirurgie mit Vaser Liposuktion"},"content":{"rendered":"<div class=\"wpb-content-wrapper\"><p>[vc_row pix_particles_check=&#8220;&#8220; el_class=&#8220;page-services&#8220;][vc_column][vc_column_text]<\/p>\n<h1>Gyn\u00e4komastiechirurgie mit Vaser Liposuktion<\/h1>\n<p>Viele Jahre lang wurden bei M\u00e4nnern mit Gyn\u00e4komastieproblemen chirurgische Methoden angewandt. Mit den Innovationen in der Medizin, haben M\u00e4nner begonnen, mit Vaser-Liposuktion ohne chirurgischen Schnitt gel\u00f6st werden.<\/p>\n<p><img loading=\"lazy\" decoding=\"async\" class=\"alignnone size-full wp-image-869\" src=\"http:\/\/drtubaerdogan.com\/wp-content\/uploads\/2024\/10\/vaser-liposuction-ile-jinekomasti-ameliyati-42475-5258476273.jpg\" alt=\"\" width=\"850\" height=\"713\" srcset=\"https:\/\/drtubaerdogan.com\/wp-content\/uploads\/2024\/10\/vaser-liposuction-ile-jinekomasti-ameliyati-42475-5258476273.jpg 850w, https:\/\/drtubaerdogan.com\/wp-content\/uploads\/2024\/10\/vaser-liposuction-ile-jinekomasti-ameliyati-42475-5258476273-300x252.jpg 300w, https:\/\/drtubaerdogan.com\/wp-content\/uploads\/2024\/10\/vaser-liposuction-ile-jinekomasti-ameliyati-42475-5258476273-768x644.jpg 768w\" sizes=\"(max-width: 850px) 100vw, 850px\" \/><\/p>\n<p>Es gibt mehrere Techniken f\u00fcr die Brustverkleinerung Chirurgie Gyn\u00e4komastie bei M\u00e4nnern. Eine davon ist die Technik der Fettabsaugung.<\/p>\n<p>Die Vaser-Liposuktion ist die neueste technologische Anwendung von Fettentfernungsmethoden. Im Internet wird sie auch als Vaser-Ultraschall bezeichnet.<\/p>\n<p>Die Ergebnisse der Gyn\u00e4komastiechirurgie mit Vaser-Liposuktion bieten M\u00e4nnern erfolgreiche Ergebnisse mit ihren Vorteilen. F\u00fcr detaillierte Informationen zu diesem Thema sollten Sie auf den Link unserer Rubrik Gyn\u00e4komastiechirurgie auf unserer Website klicken.[\/vc_column_text][\/vc_column][\/vc_row]<\/p>\n<\/div>","protected":false},"excerpt":{"rendered":"<p>[vc_row pix_particles_check=&#8220;&#8220; el_class=&#8220;page-services&#8220;][vc_column][vc_column_text] Gyn\u00e4komastiechirurgie mit Vaser Liposuktion Viele Jahre lang wurden bei M\u00e4nnern mit Gyn\u00e4komastieproblemen chirurgische Methoden angewandt. Mit den Innovationen in der Medizin, haben M\u00e4nner begonnen, mit Vaser-Liposuktion ohne chirurgischen Schnitt gel\u00f6st werden. Es gibt mehrere Techniken f\u00fcr die&#8230;<\/p>\n","protected":false},"author":1,"featured_media":0,"parent":2722,"menu_order":0,"comment_status":"closed","ping_status":"closed","template":"templates\/template-right-sidebar.php","meta":{"footnotes":""},"class_list":["post-2881","page","type-page","status-publish","hentry"],"_links":{"self":[{"href":"https:\/\/drtubaerdogan.com\/de\/wp-json\/wp\/v2\/pages\/2881"}],"collection":[{"href":"https:\/\/drtubaerdogan.com\/de\/wp-json\/wp\/v2\/pages"}],"about":[{"href":"https:\/\/drtubaerdogan.com\/de\/wp-json\/wp\/v2\/types\/page"}],"author":[{"embeddable":true,"href":"https:\/\/drtubaerdogan.com\/de\/wp-json\/wp\/v2\/users\/1"}],"replies":[{"embeddable":true,"href":"https:\/\/drtubaerdogan.com\/de\/wp-json\/wp\/v2\/comments?post=2881"}],"version-history":[{"count":1,"href":"https:\/\/drtubaerdogan.com\/de\/wp-json\/wp\/v2\/pages\/2881\/revisions"}],"predecessor-version":[{"id":2892,"href":"https:\/\/drtubaerdogan.com\/de\/wp-json\/wp\/v2\/pages\/2881\/revisions\/2892"}],"up":[{"embeddable":true,"href":"https:\/\/drtubaerdogan.com\/de\/wp-json\/wp\/v2\/pages\/2722"}],"wp:attachment":[{"href":"https:\/\/drtubaerdogan.com\/de\/wp-json\/wp\/v2\/media?parent=2881"}],"curies":[{"name":"wp","href":"https:\/\/api.w.org\/{rel}","templated":true}]}}