{"id":2860,"date":"2024-10-23T17:08:21","date_gmt":"2024-10-23T14:08:21","guid":{"rendered":"http:\/\/drtubaerdogan.com\/estetik-ameliyatlar\/gogus-kucultme-ameliyati\/gogus-kucultme-ameliyati-sonrasi-iyilesme-sureci\/"},"modified":"2024-11-04T20:22:05","modified_gmt":"2024-11-04T17:22:05","slug":"gogus-kucultme-ameliyati-sonrasi-iyilesme-sureci","status":"publish","type":"page","link":"https:\/\/drtubaerdogan.com\/de\/brustverkleinerungsoperation\/genesungsprozess-nach-einer-brustverkleinerungsoperation\/","title":{"rendered":"Genesungsprozess nach einer Brustverkleinerungsoperation"},"content":{"rendered":"<div class=\"wpb-content-wrapper\"><p>[vc_row pix_particles_check=&#8220;&#8220; el_class=&#8220;page-services&#8220;][vc_column][vc_column_text]<\/p>\n<h1>Genesungsprozess nach einer Brustverkleinerungsoperation<\/h1>\n<p>Auf dieser Seite wird der Genesungsprozess nach einer Brustverkleinerungsoperation bei Frauen erl\u00e4utert. Eine andere Bezeichnung f\u00fcr die Brustverkleinerungsoperation bei M\u00e4nnern ist Gyn\u00e4komastie-Operation. Auf der Startseite sollten Sie sich den Abschnitt Gyn\u00e4komastie ansehen.<\/p>\n<p><img loading=\"lazy\" decoding=\"async\" class=\"alignnone size-full wp-image-845\" src=\"http:\/\/drtubaerdogan.com\/wp-content\/uploads\/2024\/10\/gogus-kucultme-ameliyati-sonrasi-iyilesme-sureci-42321-5400485301.jpg\" alt=\"\" width=\"850\" height=\"713\" srcset=\"https:\/\/drtubaerdogan.com\/wp-content\/uploads\/2024\/10\/gogus-kucultme-ameliyati-sonrasi-iyilesme-sureci-42321-5400485301.jpg 850w, https:\/\/drtubaerdogan.com\/wp-content\/uploads\/2024\/10\/gogus-kucultme-ameliyati-sonrasi-iyilesme-sureci-42321-5400485301-300x252.jpg 300w, https:\/\/drtubaerdogan.com\/wp-content\/uploads\/2024\/10\/gogus-kucultme-ameliyati-sonrasi-iyilesme-sureci-42321-5400485301-768x644.jpg 768w\" sizes=\"(max-width: 850px) 100vw, 850px\" \/><\/p>\n<ul>\n<li>Der Heilungsprozess einer Brustverkleinerung bei Frauen ist angenehm.<\/li>\n<li>In den ersten Tagen kann es nicht schaden, leichte Alltagsarbeiten zu verrichten.<\/li>\n<li>Zwei Tage nach der Operation k\u00f6nnen Sie mit der Zustimmung Ihres plastischen Chirurgen ein Bad nehmen.<\/li>\n<li>Sie werden 3 Wochen lang einen BH tragen. Dieser BH wird nach der Operation von Ihrem Arzt getragen.<\/li>\n<li>In den ersten Tagen sollten Sie die Arme nicht zu stark heben. Sie sollten keine schweren Gegenst\u00e4nde tragen oder heben.<\/li>\n<li>Sie haben keine starken Schmerzen. Ihr Arzt wird Ihnen ein Medikament gegen leichte Schmerzen verschreiben.<\/li>\n<li>Blutverd\u00fcnner sollten in den ersten 2 Wochen nicht eingenommen werden.<\/li>\n<\/ul>\n<p>[\/vc_column_text][\/vc_column][\/vc_row]<\/p>\n<\/div>","protected":false},"excerpt":{"rendered":"<p>[vc_row pix_particles_check=&#8220;&#8220; el_class=&#8220;page-services&#8220;][vc_column][vc_column_text] Genesungsprozess nach einer Brustverkleinerungsoperation Auf dieser Seite wird der Genesungsprozess nach einer Brustverkleinerungsoperation bei Frauen erl\u00e4utert. Eine andere Bezeichnung f\u00fcr die Brustverkleinerungsoperation bei M\u00e4nnern ist Gyn\u00e4komastie-Operation. Auf der Startseite sollten Sie sich den Abschnitt Gyn\u00e4komastie ansehen. Der&#8230;<\/p>\n","protected":false},"author":1,"featured_media":0,"parent":2720,"menu_order":0,"comment_status":"closed","ping_status":"closed","template":"templates\/template-right-sidebar.php","meta":{"footnotes":""},"class_list":["post-2860","page","type-page","status-publish","hentry"],"_links":{"self":[{"href":"https:\/\/drtubaerdogan.com\/de\/wp-json\/wp\/v2\/pages\/2860"}],"collection":[{"href":"https:\/\/drtubaerdogan.com\/de\/wp-json\/wp\/v2\/pages"}],"about":[{"href":"https:\/\/drtubaerdogan.com\/de\/wp-json\/wp\/v2\/types\/page"}],"author":[{"embeddable":true,"href":"https:\/\/drtubaerdogan.com\/de\/wp-json\/wp\/v2\/users\/1"}],"replies":[{"embeddable":true,"href":"https:\/\/drtubaerdogan.com\/de\/wp-json\/wp\/v2\/comments?post=2860"}],"version-history":[{"count":1,"href":"https:\/\/drtubaerdogan.com\/de\/wp-json\/wp\/v2\/pages\/2860\/revisions"}],"predecessor-version":[{"id":2878,"href":"https:\/\/drtubaerdogan.com\/de\/wp-json\/wp\/v2\/pages\/2860\/revisions\/2878"}],"up":[{"embeddable":true,"href":"https:\/\/drtubaerdogan.com\/de\/wp-json\/wp\/v2\/pages\/2720"}],"wp:attachment":[{"href":"https:\/\/drtubaerdogan.com\/de\/wp-json\/wp\/v2\/media?parent=2860"}],"curies":[{"name":"wp","href":"https:\/\/api.w.org\/{rel}","templated":true}]}}