{"id":2859,"date":"2024-10-23T17:02:48","date_gmt":"2024-10-23T14:02:48","guid":{"rendered":"http:\/\/drtubaerdogan.com\/estetik-ameliyatlar\/gogus-kucultme-ameliyati\/gogus-kucultme-ameliyatinin-riskleri\/"},"modified":"2024-11-04T20:21:56","modified_gmt":"2024-11-04T17:21:56","slug":"gogus-kucultme-ameliyatinin-riskleri","status":"publish","type":"page","link":"https:\/\/drtubaerdogan.com\/de\/brustverkleinerungsoperation\/risiken-einer-brustverkleinerungsoperation\/","title":{"rendered":"Risiken einer Brustverkleinerungsoperation?"},"content":{"rendered":"<div class=\"wpb-content-wrapper\"><p>[vc_row pix_particles_check=&#8220;&#8220; el_class=&#8220;page-services&#8220;][vc_column][vc_column_text]<\/p>\n<h1>Risiken einer Brustverkleinerungsoperation?<\/h1>\n<p>Alle chirurgischen Eingriffe sind mit gewissen Risiken verbunden, unabh\u00e4ngig davon, ob es sich um Sch\u00f6nheits- oder Gesundheitschirurgie handelt.<\/p>\n<p><img loading=\"lazy\" decoding=\"async\" class=\"alignnone size-full wp-image-841\" src=\"http:\/\/drtubaerdogan.com\/wp-content\/uploads\/2024\/10\/gogus-kucultme-ameliyatinin-riskleri-42321-566851331.jpg\" alt=\"\" width=\"850\" height=\"567\" srcset=\"https:\/\/drtubaerdogan.com\/wp-content\/uploads\/2024\/10\/gogus-kucultme-ameliyatinin-riskleri-42321-566851331.jpg 850w, https:\/\/drtubaerdogan.com\/wp-content\/uploads\/2024\/10\/gogus-kucultme-ameliyatinin-riskleri-42321-566851331-300x200.jpg 300w, https:\/\/drtubaerdogan.com\/wp-content\/uploads\/2024\/10\/gogus-kucultme-ameliyatinin-riskleri-42321-566851331-768x512.jpg 768w\" sizes=\"(max-width: 850px) 100vw, 850px\" \/><br \/>\nGibt es Risiken bei einer Brustverkleinerungsoperation?<\/p>\n<p>Risiken wie H\u00e4matome, Infektionen, Taubheitsgef\u00fchl und Stillen sind die am h\u00e4ufigsten gestellten Fragen.<\/p>\n<p>Bei einer Brustverkleinerungsoperation werden nach der Operation Drainagen gelegt. Diese Drainagen werden gelegt, um Blutansammlungen in der Brust zu verhindern. Der medizinische Name f\u00fcr die Blutansammlung ist H\u00e4matom. H\u00e4matome sind nicht sehr h\u00e4ufig.<\/p>\n<p>Bei dieser Operation wird eine Drainage eingelegt, um die Ansammlung von Blut in den N\u00e4hten zu verhindern und um Risiken vorzubeugen.<\/p>\n<p>Wie bei allen chirurgischen Eingriffen besteht auch hier die M\u00f6glichkeit einer Infektion der N\u00e4hte nach der Operation. Um eine Infektion zu verhindern, werden Antibiotika eingesetzt.<\/p>\n<p>In der ersten Zeit kann es zu einem vor\u00fcbergehenden Gef\u00fchlsverlust in der Brustwarze kommen. Dies ist ein vor\u00fcbergehender Zustand. Im Laufe des Heilungsprozesses verschwindet das Taubheitsgef\u00fchl wieder.<\/p>\n<p>Nach der Operation sollten die Arme in den ersten Tagen nicht zu stark angehoben werden. Das kann dazu f\u00fchren, dass die N\u00e4hte aufgehen. Sie k\u00f6nnen Ihr t\u00e4gliches Leben bequem weiterf\u00fchren. Aber die Arme sollten nicht gezwungen werden.<\/p>\n<p>Zum Stillen k\u00f6nnen Sie auf den unten stehenden Link klicken.<\/p>\n<p>Ich informiere Sie \u00fcber die Dinge, die vor und nach der Operation zu beachten sind. Wenn sie beachtet werden, gibt es keine Probleme.[\/vc_column_text][\/vc_column][\/vc_row]<\/p>\n<\/div>","protected":false},"excerpt":{"rendered":"<p>[vc_row pix_particles_check=&#8220;&#8220; el_class=&#8220;page-services&#8220;][vc_column][vc_column_text] Risiken einer Brustverkleinerungsoperation? Alle chirurgischen Eingriffe sind mit gewissen Risiken verbunden, unabh\u00e4ngig davon, ob es sich um Sch\u00f6nheits- oder Gesundheitschirurgie handelt. Gibt es Risiken bei einer Brustverkleinerungsoperation? Risiken wie H\u00e4matome, Infektionen, Taubheitsgef\u00fchl und Stillen sind die am&#8230;<\/p>\n","protected":false},"author":1,"featured_media":0,"parent":2720,"menu_order":0,"comment_status":"closed","ping_status":"closed","template":"templates\/template-right-sidebar.php","meta":{"footnotes":""},"class_list":["post-2859","page","type-page","status-publish","hentry"],"_links":{"self":[{"href":"https:\/\/drtubaerdogan.com\/de\/wp-json\/wp\/v2\/pages\/2859"}],"collection":[{"href":"https:\/\/drtubaerdogan.com\/de\/wp-json\/wp\/v2\/pages"}],"about":[{"href":"https:\/\/drtubaerdogan.com\/de\/wp-json\/wp\/v2\/types\/page"}],"author":[{"embeddable":true,"href":"https:\/\/drtubaerdogan.com\/de\/wp-json\/wp\/v2\/users\/1"}],"replies":[{"embeddable":true,"href":"https:\/\/drtubaerdogan.com\/de\/wp-json\/wp\/v2\/comments?post=2859"}],"version-history":[{"count":1,"href":"https:\/\/drtubaerdogan.com\/de\/wp-json\/wp\/v2\/pages\/2859\/revisions"}],"predecessor-version":[{"id":2877,"href":"https:\/\/drtubaerdogan.com\/de\/wp-json\/wp\/v2\/pages\/2859\/revisions\/2877"}],"up":[{"embeddable":true,"href":"https:\/\/drtubaerdogan.com\/de\/wp-json\/wp\/v2\/pages\/2720"}],"wp:attachment":[{"href":"https:\/\/drtubaerdogan.com\/de\/wp-json\/wp\/v2\/media?parent=2859"}],"curies":[{"name":"wp","href":"https:\/\/api.w.org\/{rel}","templated":true}]}}