{"id":2857,"date":"2024-10-23T16:57:45","date_gmt":"2024-10-23T13:57:45","guid":{"rendered":"http:\/\/drtubaerdogan.com\/estetik-ameliyatlar\/gogus-kucultme-ameliyati\/gogus-kucultme-ameliyati-oncesi-ve-sonrasi\/"},"modified":"2024-11-04T20:21:34","modified_gmt":"2024-11-04T17:21:34","slug":"gogus-kucultme-ameliyati-oncesi-ve-sonrasi","status":"publish","type":"page","link":"https:\/\/drtubaerdogan.com\/de\/brustverkleinerungsoperation\/vor-und-nach-der-brustverkleinerungsoperation\/","title":{"rendered":"Vor und nach der Brustverkleinerungsoperation"},"content":{"rendered":"<div class=\"wpb-content-wrapper\"><p>[vc_row pix_particles_check=&#8220;&#8220; el_class=&#8220;page-services&#8220;][vc_column][vc_column_text]<\/p>\n<h1>Vor und nach der Brustverkleinerungsoperation<\/h1>\n<p>Die gesundheitlichen Probleme vor der Brustverkleinerung und die Freude nach der Operation&#8230;<\/p>\n<p><img loading=\"lazy\" decoding=\"async\" class=\"alignnone size-full wp-image-828\" src=\"http:\/\/drtubaerdogan.com\/wp-content\/uploads\/2024\/10\/gogus-kucultme-ameliyati-oncesi-ve-sonrasi-42453-6574187268.jpg\" alt=\"\" width=\"850\" height=\"713\" srcset=\"https:\/\/drtubaerdogan.com\/wp-content\/uploads\/2024\/10\/gogus-kucultme-ameliyati-oncesi-ve-sonrasi-42453-6574187268.jpg 850w, https:\/\/drtubaerdogan.com\/wp-content\/uploads\/2024\/10\/gogus-kucultme-ameliyati-oncesi-ve-sonrasi-42453-6574187268-300x252.jpg 300w, https:\/\/drtubaerdogan.com\/wp-content\/uploads\/2024\/10\/gogus-kucultme-ameliyati-oncesi-ve-sonrasi-42453-6574187268-768x644.jpg 768w\" sizes=\"(max-width: 850px) 100vw, 850px\" \/><\/p>\n<p>Es gibt gesundheitliche Probleme, die durch abnorm gro\u00dfe Br\u00fcste verursacht werden. Eine Brustverkleinerungsoperation hat viele Vorteile f\u00fcr Frauen.<br \/>\nDie Ver\u00e4nderungen vor und nach einer Brustverkleinerungsoperation finden Sie in der Tabelle.<\/p>\n<table border=\"1\" cellspacing=\"0\" cellpadding=\"0\">\n<tbody>\n<tr>\n<td><strong>Vor der Brustverkleinerungsoperation<\/strong><\/td>\n<td><strong>Nach der Brustverkleinerungsoperation<\/strong><\/td>\n<\/tr>\n<tr>\n<td><\/td>\n<td><\/td>\n<\/tr>\n<tr>\n<td>Es gibt Nacken- und R\u00fcckenschmerzen.<\/td>\n<td>Die Schmerzen verschwinden.<\/td>\n<\/tr>\n<tr>\n<td>Taubheit in den Armen durch Nervenkompression.<\/td>\n<td>Die Taubheit verschwindet.<\/td>\n<\/tr>\n<tr>\n<td>Wundscheuern unter der Brust.<\/td>\n<td>Kein Wundscheuern mehr.<\/td>\n<\/tr>\n<tr>\n<td>Pilzinfektion aufgrund von Schwitzen.<\/td>\n<td>Keine Pilzinfektion aufgrund von Schwitzen unter der Brust.<\/td>\n<\/tr>\n<tr>\n<td>Schlafprobleme aufgrund eingeschr\u00e4nkter Atmung.<\/td>\n<td>Regelm\u00e4\u00dfiges und gesundes Atmen sowie besserer Schlaf.<\/td>\n<\/tr>\n<tr>\n<td>Gekr\u00fcmmte K\u00f6rperhaltung.<\/td>\n<td>Verbesserung der K\u00f6rperhaltung.<\/td>\n<\/tr>\n<tr>\n<td>Eingeschr\u00e4nkte Beweglichkeit im Alltag.<\/td>\n<td>Mehr Bewegungsfreiheit.<\/td>\n<\/tr>\n<tr>\n<td>Wirbels\u00e4ulenerkrankungen.<\/td>\n<td>Vermeidung des Fortschreitens von Wirbels\u00e4ulenerkrankungen.<\/td>\n<\/tr>\n<tr>\n<td>Risiko von Nacken- und Bandscheibenvorfall.<\/td>\n<td>Risiko von Nacken- und Bandscheibenvorfall wird verhindert.<\/td>\n<\/tr>\n<tr>\n<td>Begrenzte Auswahl an Kleidung und BHs.<\/td>\n<td>Freiheit bei der Auswahl von Kleidung und BHs.<\/td>\n<\/tr>\n<\/tbody>\n<\/table>\n<div><\/div>\n<div>\n<p><strong>Sie k\u00f6nnen auf den Link klicken, um meinen \u00e4sthetischen Blog-Beitrag \u00fcber Brustverkleinerung vor und nach der Operation zu lesen.<\/strong><\/p>\n<\/div>\n<p>[\/vc_column_text][\/vc_column][\/vc_row]<\/p>\n<\/div>","protected":false},"excerpt":{"rendered":"<p>[vc_row pix_particles_check=&#8220;&#8220; el_class=&#8220;page-services&#8220;][vc_column][vc_column_text] Vor und nach der Brustverkleinerungsoperation Die gesundheitlichen Probleme vor der Brustverkleinerung und die Freude nach der Operation&#8230; Es gibt gesundheitliche Probleme, die durch abnorm gro\u00dfe Br\u00fcste verursacht werden. Eine Brustverkleinerungsoperation hat viele Vorteile f\u00fcr Frauen. Die Ver\u00e4nderungen&#8230;<\/p>\n","protected":false},"author":1,"featured_media":0,"parent":2720,"menu_order":0,"comment_status":"closed","ping_status":"closed","template":"templates\/template-right-sidebar.php","meta":{"footnotes":""},"class_list":["post-2857","page","type-page","status-publish","hentry"],"_links":{"self":[{"href":"https:\/\/drtubaerdogan.com\/de\/wp-json\/wp\/v2\/pages\/2857"}],"collection":[{"href":"https:\/\/drtubaerdogan.com\/de\/wp-json\/wp\/v2\/pages"}],"about":[{"href":"https:\/\/drtubaerdogan.com\/de\/wp-json\/wp\/v2\/types\/page"}],"author":[{"embeddable":true,"href":"https:\/\/drtubaerdogan.com\/de\/wp-json\/wp\/v2\/users\/1"}],"replies":[{"embeddable":true,"href":"https:\/\/drtubaerdogan.com\/de\/wp-json\/wp\/v2\/comments?post=2857"}],"version-history":[{"count":2,"href":"https:\/\/drtubaerdogan.com\/de\/wp-json\/wp\/v2\/pages\/2857\/revisions"}],"predecessor-version":[{"id":2875,"href":"https:\/\/drtubaerdogan.com\/de\/wp-json\/wp\/v2\/pages\/2857\/revisions\/2875"}],"up":[{"embeddable":true,"href":"https:\/\/drtubaerdogan.com\/de\/wp-json\/wp\/v2\/pages\/2720"}],"wp:attachment":[{"href":"https:\/\/drtubaerdogan.com\/de\/wp-json\/wp\/v2\/media?parent=2857"}],"curies":[{"name":"wp","href":"https:\/\/api.w.org\/{rel}","templated":true}]}}