{"id":2820,"date":"2024-10-23T16:00:38","date_gmt":"2024-10-23T13:00:38","guid":{"rendered":"http:\/\/drtubaerdogan.com\/estetik-ameliyatlar\/gogus-buyutme-ameliyati\/gogus-buyutme-ameliyatinda-sikca-sorulan-sorular\/"},"modified":"2024-11-04T20:24:28","modified_gmt":"2024-11-04T17:24:28","slug":"gogus-buyutme-ameliyatinda-sikca-sorulan-sorular","status":"publish","type":"page","link":"https:\/\/drtubaerdogan.com\/de\/chirurgie-zur-brustvergroserung\/haufig-gestellte-fragen-zur-chirurgischen-brustvergroserung\/","title":{"rendered":"H\u00e4ufig gestellte Fragen zur chirurgischen Brustvergr\u00f6\u00dferung"},"content":{"rendered":"<div class=\"wpb-content-wrapper\"><p>[vc_row pix_particles_check=&#8220;&#8220; el_class=&#8220;page-services&#8220;][vc_column][vc_column_text]<\/p>\n<h1>H\u00e4ufig gestellte Fragen zur chirurgischen Brustvergr\u00f6\u00dferung<\/h1>\n<p>Chirurgische Brustvergr\u00f6\u00dferung: Beeintr\u00e4chtigt sie das Stillen, Verursacht sie Krebs, Kann sie explodieren, Wann kann ich wieder arbeiten gehen, Ist Tropfsilikon besser, Kann man Br\u00fcste ohne Operation vergr\u00f6\u00dfern?<\/p>\n<p><img loading=\"lazy\" decoding=\"async\" class=\"alignnone size-full wp-image-785\" src=\"http:\/\/drtubaerdogan.com\/wp-content\/uploads\/2024\/10\/gogus-buyutme-ameliyatinda-sikca-sorulan-sorular-42453-4792729167.jpg\" alt=\"\" width=\"850\" height=\"713\" srcset=\"https:\/\/drtubaerdogan.com\/wp-content\/uploads\/2024\/10\/gogus-buyutme-ameliyatinda-sikca-sorulan-sorular-42453-4792729167.jpg 850w, https:\/\/drtubaerdogan.com\/wp-content\/uploads\/2024\/10\/gogus-buyutme-ameliyatinda-sikca-sorulan-sorular-42453-4792729167-300x252.jpg 300w, https:\/\/drtubaerdogan.com\/wp-content\/uploads\/2024\/10\/gogus-buyutme-ameliyatinda-sikca-sorulan-sorular-42453-4792729167-768x644.jpg 768w\" sizes=\"(max-width: 850px) 100vw, 850px\" \/><\/p>\n<h3>Antworten auf h\u00e4ufig gestellte Fragen zur chirurgischen Brustvergr\u00f6\u00dferung:<\/h3>\n<ul>\n<li><strong>Hindert die Milch das Stillen?<\/strong>\n<ul>\n<li>a. Diese Operation verhindert nicht das Stillen.<\/li>\n<\/ul>\n<\/li>\n<li><strong>Verursacht sie Krebs?<\/strong>\n<ul>\n<li>a. Sie verursacht keinen Krebs.<\/li>\n<li>b. Der K\u00f6rper nimmt die Prothese nicht als Fremdk\u00f6rper wahr.<\/li>\n<li>c. Die Au\u00dfenfl\u00e4che der Prothese besteht aus Silikon. Dieses Material macht Silikon haltbar. Es wird in vielen Bereichen der Medizin verwendet.<\/li>\n<\/ul>\n<\/li>\n<li><strong>Wird es beim Sport oder in anderen Bereichen explodieren?<\/strong>\n<ul>\n<li>Silikon ist ein haltbares Material. Es wird nicht explodieren.<\/li>\n<li>Es kann jedoch mit einem Schneidewerkzeug besch\u00e4digt werden.<\/li>\n<\/ul>\n<\/li>\n<li><strong>Wann kann ich wieder arbeiten gehen?<\/strong>\n<ul>\n<li>Sie k\u00f6nnen 3 Tage nach der Operation wieder arbeiten gehen.<\/li>\n<li>Personen, die schwere Arbeiten verrichten und Lasten heben, werden bei der Angabe der Stellenbeschreibung genau informiert.<\/li>\n<\/ul>\n<\/li>\n<li><strong>Ist Tropfsilikon besser?<\/strong>\n<ul>\n<li>a. Da jede Frau unterschiedliche Brustmerkmale hat, richtet sich die Silikonform bei der Planung einer Augmentation auch nach den Brustmerkmalen der Person.<\/li>\n<li>b. W\u00e4hrend die Tropfenprothese f\u00fcr die Br\u00fcste der einen Frau sehr gut geeignet ist, ist sie f\u00fcr die Operation einer anderen Frau m\u00f6glicherweise nicht die richtige Formentscheidung.<\/li>\n<li>c. W\u00e4hrend die Tropfenform f\u00fcr die einen geeignet ist, ist die runde Form f\u00fcr die anderen geeignet.<\/li>\n<li>d. Es ist nicht richtig zu sagen, dass die Tropfenprothese besser ist.<\/li>\n<\/ul>\n<\/li>\n<li><strong>Ist es m\u00f6glich, die Br\u00fcste ohne Operation zu vergr\u00f6\u00dfern?<\/strong>\n<ul>\n<li>Sie k\u00f6nnen meinen Blogbeitrag \u00fcber Brustvergr\u00f6\u00dferung ohne Silikon lesen, indem Sie auf den unten stehenden Link klicken.<\/li>\n<\/ul>\n<\/li>\n<\/ul>\n<p>[\/vc_column_text][\/vc_column][\/vc_row]<\/p>\n<\/div>","protected":false},"excerpt":{"rendered":"<p>[vc_row pix_particles_check=&#8220;&#8220; el_class=&#8220;page-services&#8220;][vc_column][vc_column_text] H\u00e4ufig gestellte Fragen zur chirurgischen Brustvergr\u00f6\u00dferung Chirurgische Brustvergr\u00f6\u00dferung: Beeintr\u00e4chtigt sie das Stillen, Verursacht sie Krebs, Kann sie explodieren, Wann kann ich wieder arbeiten gehen, Ist Tropfsilikon besser, Kann man Br\u00fcste ohne Operation vergr\u00f6\u00dfern? Antworten auf h\u00e4ufig gestellte&#8230;<\/p>\n","protected":false},"author":1,"featured_media":0,"parent":2719,"menu_order":0,"comment_status":"closed","ping_status":"closed","template":"templates\/template-right-sidebar.php","meta":{"footnotes":""},"class_list":["post-2820","page","type-page","status-publish","hentry"],"_links":{"self":[{"href":"https:\/\/drtubaerdogan.com\/de\/wp-json\/wp\/v2\/pages\/2820"}],"collection":[{"href":"https:\/\/drtubaerdogan.com\/de\/wp-json\/wp\/v2\/pages"}],"about":[{"href":"https:\/\/drtubaerdogan.com\/de\/wp-json\/wp\/v2\/types\/page"}],"author":[{"embeddable":true,"href":"https:\/\/drtubaerdogan.com\/de\/wp-json\/wp\/v2\/users\/1"}],"replies":[{"embeddable":true,"href":"https:\/\/drtubaerdogan.com\/de\/wp-json\/wp\/v2\/comments?post=2820"}],"version-history":[{"count":1,"href":"https:\/\/drtubaerdogan.com\/de\/wp-json\/wp\/v2\/pages\/2820\/revisions"}],"predecessor-version":[{"id":2853,"href":"https:\/\/drtubaerdogan.com\/de\/wp-json\/wp\/v2\/pages\/2820\/revisions\/2853"}],"up":[{"embeddable":true,"href":"https:\/\/drtubaerdogan.com\/de\/wp-json\/wp\/v2\/pages\/2719"}],"wp:attachment":[{"href":"https:\/\/drtubaerdogan.com\/de\/wp-json\/wp\/v2\/media?parent=2820"}],"curies":[{"name":"wp","href":"https:\/\/api.w.org\/{rel}","templated":true}]}}