{"id":2819,"date":"2024-10-23T15:59:27","date_gmt":"2024-10-23T12:59:27","guid":{"rendered":"http:\/\/drtubaerdogan.com\/estetik-ameliyatlar\/gogus-buyutme-ameliyati\/ameliyatsiz-meme-buyutme\/"},"modified":"2024-11-04T20:24:19","modified_gmt":"2024-11-04T17:24:19","slug":"ameliyatsiz-meme-buyutme","status":"publish","type":"page","link":"https:\/\/drtubaerdogan.com\/de\/chirurgie-zur-brustvergroserung\/nicht-chirurgische-brustvergroserung\/","title":{"rendered":"Nicht Chirurgische Brustvergr\u00f6\u00dferung"},"content":{"rendered":"<div class=\"wpb-content-wrapper\"><p>[vc_row pix_particles_check=&#8220;&#8220; el_class=&#8220;page-services&#8220;][vc_column][vc_column_text]<\/p>\n<h1>Nicht Chirurgische Brustvergr\u00f6\u00dferung<\/h1>\n<p>Nicht chirurgische Brustvergr\u00f6\u00dferung, schmerzlos, nahtlos, silikonfrei, ohne An\u00e4sthesie, ohne&#8230;<\/p>\n<p><img loading=\"lazy\" decoding=\"async\" class=\"alignnone size-full wp-image-779\" src=\"http:\/\/drtubaerdogan.com\/wp-content\/uploads\/2024\/10\/ameliyatsiz-meme-buyutme-42359-8286061227.jpg\" alt=\"\" width=\"850\" height=\"518\" srcset=\"https:\/\/drtubaerdogan.com\/wp-content\/uploads\/2024\/10\/ameliyatsiz-meme-buyutme-42359-8286061227.jpg 850w, https:\/\/drtubaerdogan.com\/wp-content\/uploads\/2024\/10\/ameliyatsiz-meme-buyutme-42359-8286061227-300x183.jpg 300w, https:\/\/drtubaerdogan.com\/wp-content\/uploads\/2024\/10\/ameliyatsiz-meme-buyutme-42359-8286061227-768x468.jpg 768w\" sizes=\"(max-width: 850px) 100vw, 850px\" \/><\/p>\n<p>Frauen, die ihre Br\u00fcste ohne Silikon vergr\u00f6\u00dfern m\u00f6chten, k\u00f6nnen eine Brustvergr\u00f6\u00dferung mit Fillern vorziehen.<\/p>\n<p>Sie k\u00f6nnen <strong>meinen \u00e4sthetischen Blogbeitrag<\/strong> \u00fcber Brustvergr\u00f6\u00dferung ohne Operation lesen, indem Sie auf den Link unten klicken.[\/vc_column_text][\/vc_column][\/vc_row]<\/p>\n<\/div>","protected":false},"excerpt":{"rendered":"<p>[vc_row pix_particles_check=&#8220;&#8220; el_class=&#8220;page-services&#8220;][vc_column][vc_column_text] Nicht Chirurgische Brustvergr\u00f6\u00dferung Nicht chirurgische Brustvergr\u00f6\u00dferung, schmerzlos, nahtlos, silikonfrei, ohne An\u00e4sthesie, ohne&#8230; Frauen, die ihre Br\u00fcste ohne Silikon vergr\u00f6\u00dfern m\u00f6chten, k\u00f6nnen eine Brustvergr\u00f6\u00dferung mit Fillern vorziehen. Sie k\u00f6nnen meinen \u00e4sthetischen Blogbeitrag \u00fcber Brustvergr\u00f6\u00dferung ohne Operation lesen, indem&#8230;<\/p>\n","protected":false},"author":1,"featured_media":0,"parent":2719,"menu_order":0,"comment_status":"closed","ping_status":"closed","template":"templates\/template-right-sidebar.php","meta":{"footnotes":""},"class_list":["post-2819","page","type-page","status-publish","hentry"],"_links":{"self":[{"href":"https:\/\/drtubaerdogan.com\/de\/wp-json\/wp\/v2\/pages\/2819"}],"collection":[{"href":"https:\/\/drtubaerdogan.com\/de\/wp-json\/wp\/v2\/pages"}],"about":[{"href":"https:\/\/drtubaerdogan.com\/de\/wp-json\/wp\/v2\/types\/page"}],"author":[{"embeddable":true,"href":"https:\/\/drtubaerdogan.com\/de\/wp-json\/wp\/v2\/users\/1"}],"replies":[{"embeddable":true,"href":"https:\/\/drtubaerdogan.com\/de\/wp-json\/wp\/v2\/comments?post=2819"}],"version-history":[{"count":2,"href":"https:\/\/drtubaerdogan.com\/de\/wp-json\/wp\/v2\/pages\/2819\/revisions"}],"predecessor-version":[{"id":2852,"href":"https:\/\/drtubaerdogan.com\/de\/wp-json\/wp\/v2\/pages\/2819\/revisions\/2852"}],"up":[{"embeddable":true,"href":"https:\/\/drtubaerdogan.com\/de\/wp-json\/wp\/v2\/pages\/2719"}],"wp:attachment":[{"href":"https:\/\/drtubaerdogan.com\/de\/wp-json\/wp\/v2\/media?parent=2819"}],"curies":[{"name":"wp","href":"https:\/\/api.w.org\/{rel}","templated":true}]}}