{"id":2818,"date":"2024-10-23T15:58:48","date_gmt":"2024-10-23T12:58:48","guid":{"rendered":"http:\/\/drtubaerdogan.com\/estetik-ameliyatlar\/gogus-buyutme-ameliyati\/gogus-buyutme-ameliyatinda-uc-boyutlu-goruntuleme\/"},"modified":"2024-11-04T20:24:02","modified_gmt":"2024-11-04T17:24:02","slug":"gogus-buyutme-ameliyatinda-uc-boyutlu-goruntuleme","status":"publish","type":"page","link":"https:\/\/drtubaerdogan.com\/de\/chirurgie-zur-brustvergroserung\/dreidimensionale-bildgebung-in-der-brustvergroserungschirurgie\/","title":{"rendered":"Dreidimensionale Bildgebung in der Brustvergr\u00f6\u00dferungschirurgie"},"content":{"rendered":"<div class=\"wpb-content-wrapper\"><p>[vc_row pix_particles_check=&#8220;&#8220; el_class=&#8220;page-services&#8220;][vc_column][vc_column_text]<\/p>\n<h1>Dreidimensionale Bildgebung in der Brustvergr\u00f6\u00dferungschirurgie<\/h1>\n<p>Ich f\u00fchre chirurgische Untersuchungen zur Brustvergr\u00f6\u00dferung mit dem 3D-Bildgebungssystem 3D Vectra durch.<\/p>\n<p><img loading=\"lazy\" decoding=\"async\" class=\"alignnone size-full wp-image-775\" src=\"http:\/\/drtubaerdogan.com\/wp-content\/uploads\/2024\/10\/gogus-buyutme-ameliyatinda-uc-boyutlu-goruntuleme-42318-733680706.jpg\" alt=\"\" width=\"850\" height=\"713\" srcset=\"https:\/\/drtubaerdogan.com\/wp-content\/uploads\/2024\/10\/gogus-buyutme-ameliyatinda-uc-boyutlu-goruntuleme-42318-733680706.jpg 850w, https:\/\/drtubaerdogan.com\/wp-content\/uploads\/2024\/10\/gogus-buyutme-ameliyatinda-uc-boyutlu-goruntuleme-42318-733680706-300x252.jpg 300w, https:\/\/drtubaerdogan.com\/wp-content\/uploads\/2024\/10\/gogus-buyutme-ameliyatinda-uc-boyutlu-goruntuleme-42318-733680706-768x644.jpg 768w\" sizes=\"(max-width: 850px) 100vw, 850px\" \/><\/p>\n<p>Was Sie bei der Untersuchung sehen k\u00f6nnen, 3D-Vectra, Dreidimensionale Darstellung:<\/p>\n<ol>\n<li>Wie sieht tropfenf\u00f6rmiges Silikon oder rundes Silikon auf Ihren Br\u00fcsten aus?<\/li>\n<li>Wie stark die Br\u00fcste vergr\u00f6\u00dfert werden<\/li>\n<li>Vergleich der Volumenver\u00e4nderung der Br\u00fcste vor und nach der Operation<\/li>\n<li>Wie werden die Br\u00fcste nach der Brustvergr\u00f6\u00dferung im Bikini aussehen?<\/li>\n<\/ol>\n<p>F\u00fcr Brustvergr\u00f6\u00dferungsoperationen, Untersuchungen, Termine und Fragen: 0542 339 34 76, info@drtubaerdogan.com<\/p>\n<p>Sie k\u00f6nnen sich \u00fcber die Vorteile der Bildgebung mit 3D-Vectra informieren, indem Sie auf den Link klicken.[\/vc_column_text][\/vc_column][\/vc_row]<\/p>\n<\/div>","protected":false},"excerpt":{"rendered":"<p>[vc_row pix_particles_check=&#8220;&#8220; el_class=&#8220;page-services&#8220;][vc_column][vc_column_text] Dreidimensionale Bildgebung in der Brustvergr\u00f6\u00dferungschirurgie Ich f\u00fchre chirurgische Untersuchungen zur Brustvergr\u00f6\u00dferung mit dem 3D-Bildgebungssystem 3D Vectra durch. Was Sie bei der Untersuchung sehen k\u00f6nnen, 3D-Vectra, Dreidimensionale Darstellung: Wie sieht tropfenf\u00f6rmiges Silikon oder rundes Silikon auf Ihren Br\u00fcsten&#8230;<\/p>\n","protected":false},"author":1,"featured_media":0,"parent":2719,"menu_order":0,"comment_status":"closed","ping_status":"closed","template":"templates\/template-right-sidebar.php","meta":{"footnotes":""},"class_list":["post-2818","page","type-page","status-publish","hentry"],"_links":{"self":[{"href":"https:\/\/drtubaerdogan.com\/de\/wp-json\/wp\/v2\/pages\/2818"}],"collection":[{"href":"https:\/\/drtubaerdogan.com\/de\/wp-json\/wp\/v2\/pages"}],"about":[{"href":"https:\/\/drtubaerdogan.com\/de\/wp-json\/wp\/v2\/types\/page"}],"author":[{"embeddable":true,"href":"https:\/\/drtubaerdogan.com\/de\/wp-json\/wp\/v2\/users\/1"}],"replies":[{"embeddable":true,"href":"https:\/\/drtubaerdogan.com\/de\/wp-json\/wp\/v2\/comments?post=2818"}],"version-history":[{"count":2,"href":"https:\/\/drtubaerdogan.com\/de\/wp-json\/wp\/v2\/pages\/2818\/revisions"}],"predecessor-version":[{"id":2850,"href":"https:\/\/drtubaerdogan.com\/de\/wp-json\/wp\/v2\/pages\/2818\/revisions\/2850"}],"up":[{"embeddable":true,"href":"https:\/\/drtubaerdogan.com\/de\/wp-json\/wp\/v2\/pages\/2719"}],"wp:attachment":[{"href":"https:\/\/drtubaerdogan.com\/de\/wp-json\/wp\/v2\/media?parent=2818"}],"curies":[{"name":"wp","href":"https:\/\/api.w.org\/{rel}","templated":true}]}}