{"id":2817,"date":"2024-10-23T15:57:57","date_gmt":"2024-10-23T12:57:57","guid":{"rendered":"http:\/\/drtubaerdogan.com\/estetik-ameliyatlar\/gogus-buyutme-ameliyati\/gogus-buyutme-ameliyati-oncesi\/"},"modified":"2024-11-04T20:23:51","modified_gmt":"2024-11-04T17:23:51","slug":"gogus-buyutme-ameliyati-oncesi","status":"publish","type":"page","link":"https:\/\/drtubaerdogan.com\/de\/chirurgie-zur-brustvergroserung\/vor-der-brustvergroserungsoperation\/","title":{"rendered":"Vor der Brustvergr\u00f6\u00dferungsoperation"},"content":{"rendered":"<div class=\"wpb-content-wrapper\"><p>[vc_row pix_particles_check=&#8220;&#8220; el_class=&#8220;page-services&#8220;][vc_column][vc_column_text]<\/p>\n<h1>Vor der Brustvergr\u00f6\u00dferungsoperation<\/h1>\n<p>Vor der Brustvergr\u00f6\u00dferungsoperation wird Ihre Untersuchung mit dem 3D-Vectra-Programm durchgef\u00fchrt.<\/p>\n<p><img loading=\"lazy\" decoding=\"async\" class=\"alignnone size-full wp-image-771\" src=\"http:\/\/drtubaerdogan.com\/wp-content\/uploads\/2024\/10\/gogus-buyutme-ameliyati-oncesi-42279-6495578472.jpg\" alt=\"\" width=\"850\" height=\"457\" srcset=\"https:\/\/drtubaerdogan.com\/wp-content\/uploads\/2024\/10\/gogus-buyutme-ameliyati-oncesi-42279-6495578472.jpg 850w, https:\/\/drtubaerdogan.com\/wp-content\/uploads\/2024\/10\/gogus-buyutme-ameliyati-oncesi-42279-6495578472-300x161.jpg 300w, https:\/\/drtubaerdogan.com\/wp-content\/uploads\/2024\/10\/gogus-buyutme-ameliyati-oncesi-42279-6495578472-768x413.jpg 768w\" sizes=\"(max-width: 850px) 100vw, 850px\" \/><\/p>\n<p>3D Vectra ist ein dreidimensionales Bildgebungssystem.<\/p>\n<p>Wie auf dem Foto oben zu sehen ist, nimmt 3D Vectra ein Brustfoto von der Person auf.<\/p>\n<p>Nach dem dreidimensionalen Bild kann w\u00e4hrend der Untersuchung gemeinsam eine Planung \u00fcber die Folgen der Brustvergr\u00f6\u00dferungsoperation vorgenommen werden.<\/p>\n<p>Im Programm 3D Vectra wird jede Gr\u00f6\u00dfe der bei der Operation verwendeten Prothesen im System erfasst. Die Anzeige ist nur f\u00fcr Personen, die mit Prothese oder Silikonmethode geplant wurden.<\/p>\n<p>Wir entscheiden gemeinsam, ob rundes Silikon oder Tropfen-Silikon f\u00fcr Ihre Br\u00fcste geeignet ist. Je nach Ihren Erwartungen und K\u00f6rperkonturen k\u00f6nnen Sie selbst sehen, wie viel und in welchem Umfang es wachsen wird.<\/p>\n<p>Bei Operationen mit der Protheseneinsetzmethode verwende ich gelhaltiges Silikon, salzhaltige Silikone verwende ich nicht.<\/p>\n<p>Die Brustvergr\u00f6\u00dferungsoperationen werden unter Vollnarkose im Operationssaal durchgef\u00fchrt.<\/p>\n<p>Die Silikoneinlagemethode ist die von mir bevorzugte Methode.<\/p>\n<p>Wenn Sie sich f\u00fcr diese Operation entschieden haben, werde ich Sie \u00fcber die pr\u00e4operative Vorbereitung informieren.<\/p>\n<p>F\u00fcr eine Untersuchung vor der Brustvergr\u00f6\u00dferungsoperation: 0542 339 34 76, 0216 359 28 66, info@drtubaerdogan.com[\/vc_column_text][\/vc_column][\/vc_row]<\/p>\n<\/div>","protected":false},"excerpt":{"rendered":"<p>[vc_row pix_particles_check=&#8220;&#8220; el_class=&#8220;page-services&#8220;][vc_column][vc_column_text] Vor der Brustvergr\u00f6\u00dferungsoperation Vor der Brustvergr\u00f6\u00dferungsoperation wird Ihre Untersuchung mit dem 3D-Vectra-Programm durchgef\u00fchrt. 3D Vectra ist ein dreidimensionales Bildgebungssystem. Wie auf dem Foto oben zu sehen ist, nimmt 3D Vectra ein Brustfoto von der Person auf. Nach&#8230;<\/p>\n","protected":false},"author":1,"featured_media":0,"parent":2719,"menu_order":0,"comment_status":"closed","ping_status":"closed","template":"templates\/template-right-sidebar.php","meta":{"footnotes":""},"class_list":["post-2817","page","type-page","status-publish","hentry"],"_links":{"self":[{"href":"https:\/\/drtubaerdogan.com\/de\/wp-json\/wp\/v2\/pages\/2817"}],"collection":[{"href":"https:\/\/drtubaerdogan.com\/de\/wp-json\/wp\/v2\/pages"}],"about":[{"href":"https:\/\/drtubaerdogan.com\/de\/wp-json\/wp\/v2\/types\/page"}],"author":[{"embeddable":true,"href":"https:\/\/drtubaerdogan.com\/de\/wp-json\/wp\/v2\/users\/1"}],"replies":[{"embeddable":true,"href":"https:\/\/drtubaerdogan.com\/de\/wp-json\/wp\/v2\/comments?post=2817"}],"version-history":[{"count":2,"href":"https:\/\/drtubaerdogan.com\/de\/wp-json\/wp\/v2\/pages\/2817\/revisions"}],"predecessor-version":[{"id":2848,"href":"https:\/\/drtubaerdogan.com\/de\/wp-json\/wp\/v2\/pages\/2817\/revisions\/2848"}],"up":[{"embeddable":true,"href":"https:\/\/drtubaerdogan.com\/de\/wp-json\/wp\/v2\/pages\/2719"}],"wp:attachment":[{"href":"https:\/\/drtubaerdogan.com\/de\/wp-json\/wp\/v2\/media?parent=2817"}],"curies":[{"name":"wp","href":"https:\/\/api.w.org\/{rel}","templated":true}]}}