{"id":2816,"date":"2024-10-23T15:57:07","date_gmt":"2024-10-23T12:57:07","guid":{"rendered":"http:\/\/drtubaerdogan.com\/estetik-ameliyatlar\/gogus-buyutme-ameliyati\/gogus-buyutme-ameliyatinda-protezler-hangi-bolgeden-yerlestirilir\/"},"modified":"2024-11-04T20:23:42","modified_gmt":"2024-11-04T17:23:42","slug":"gogus-buyutme-ameliyatinda-protezler-hangi-bolgeden-yerlestirilir","status":"publish","type":"page","link":"https:\/\/drtubaerdogan.com\/de\/chirurgie-zur-brustvergroserung\/in-welchem-bereich-werden-die-prothesen-bei-einer-brustvergroserung-eingesetzt\/","title":{"rendered":"In welchem Bereich werden die Prothesen bei einer Brustvergr\u00f6\u00dferung eingesetzt?"},"content":{"rendered":"<div class=\"wpb-content-wrapper\"><p>[vc_row pix_particles_check=&#8220;&#8220; el_class=&#8220;page-services&#8220;][vc_column][vc_column_text]<\/p>\n<h1>In welchem Bereich werden die Prothesen bei einer Brustvergr\u00f6\u00dferung eingesetzt?<\/h1>\n<p>In welchem Bereich sollten die Prothesen zur Brustvergr\u00f6\u00dferung eingesetzt werden?<br \/>\nAn der Brustwarze, unter der Achselh\u00f6hle oder unter der Brust?<img loading=\"lazy\" decoding=\"async\" class=\"alignnone size-full wp-image-766\" src=\"http:\/\/drtubaerdogan.com\/wp-content\/uploads\/2024\/10\/gogus-buyutme-ameliyatinda-protezler-hangi-bolgeden-yerlestirilir-42318-6929826968.jpg\" alt=\"\" width=\"850\" height=\"1223\" srcset=\"https:\/\/drtubaerdogan.com\/wp-content\/uploads\/2024\/10\/gogus-buyutme-ameliyatinda-protezler-hangi-bolgeden-yerlestirilir-42318-6929826968.jpg 850w, https:\/\/drtubaerdogan.com\/wp-content\/uploads\/2024\/10\/gogus-buyutme-ameliyatinda-protezler-hangi-bolgeden-yerlestirilir-42318-6929826968-209x300.jpg 209w, https:\/\/drtubaerdogan.com\/wp-content\/uploads\/2024\/10\/gogus-buyutme-ameliyatinda-protezler-hangi-bolgeden-yerlestirilir-42318-6929826968-712x1024.jpg 712w, https:\/\/drtubaerdogan.com\/wp-content\/uploads\/2024\/10\/gogus-buyutme-ameliyatinda-protezler-hangi-bolgeden-yerlestirilir-42318-6929826968-768x1105.jpg 768w\" sizes=\"(max-width: 850px) 100vw, 850px\" \/><\/p>\n<p>In der Brustvergr\u00f6\u00dferungs-Chirurgie k\u00f6nnen Sie in meinem \u00e4sthetischen Artikel oder Blog-Beitrag detaillierte Informationen dar\u00fcber erhalten, ob die Prothese unter der Achselh\u00f6hle, der Brustwarze oder der Brust platziert werden sollte. Ich bitte Sie, den Link anzuklicken.[\/vc_column_text][\/vc_column][\/vc_row]<\/p>\n<\/div>","protected":false},"excerpt":{"rendered":"<p>[vc_row pix_particles_check=&#8220;&#8220; el_class=&#8220;page-services&#8220;][vc_column][vc_column_text] In welchem Bereich werden die Prothesen bei einer Brustvergr\u00f6\u00dferung eingesetzt? In welchem Bereich sollten die Prothesen zur Brustvergr\u00f6\u00dferung eingesetzt werden? An der Brustwarze, unter der Achselh\u00f6hle oder unter der Brust? In der Brustvergr\u00f6\u00dferungs-Chirurgie k\u00f6nnen Sie in meinem&#8230;<\/p>\n","protected":false},"author":1,"featured_media":0,"parent":2719,"menu_order":0,"comment_status":"closed","ping_status":"closed","template":"templates\/template-right-sidebar.php","meta":{"footnotes":""},"class_list":["post-2816","page","type-page","status-publish","hentry"],"_links":{"self":[{"href":"https:\/\/drtubaerdogan.com\/de\/wp-json\/wp\/v2\/pages\/2816"}],"collection":[{"href":"https:\/\/drtubaerdogan.com\/de\/wp-json\/wp\/v2\/pages"}],"about":[{"href":"https:\/\/drtubaerdogan.com\/de\/wp-json\/wp\/v2\/types\/page"}],"author":[{"embeddable":true,"href":"https:\/\/drtubaerdogan.com\/de\/wp-json\/wp\/v2\/users\/1"}],"replies":[{"embeddable":true,"href":"https:\/\/drtubaerdogan.com\/de\/wp-json\/wp\/v2\/comments?post=2816"}],"version-history":[{"count":2,"href":"https:\/\/drtubaerdogan.com\/de\/wp-json\/wp\/v2\/pages\/2816\/revisions"}],"predecessor-version":[{"id":2845,"href":"https:\/\/drtubaerdogan.com\/de\/wp-json\/wp\/v2\/pages\/2816\/revisions\/2845"}],"up":[{"embeddable":true,"href":"https:\/\/drtubaerdogan.com\/de\/wp-json\/wp\/v2\/pages\/2719"}],"wp:attachment":[{"href":"https:\/\/drtubaerdogan.com\/de\/wp-json\/wp\/v2\/media?parent=2816"}],"curies":[{"name":"wp","href":"https:\/\/api.w.org\/{rel}","templated":true}]}}