{"id":2815,"date":"2024-10-23T15:56:16","date_gmt":"2024-10-23T12:56:16","guid":{"rendered":"http:\/\/drtubaerdogan.com\/estetik-ameliyatlar\/gogus-buyutme-ameliyati\/silikonsuz-meme-buyutme-ameliyati\/"},"modified":"2024-11-04T20:23:33","modified_gmt":"2024-11-04T17:23:33","slug":"silikonsuz-meme-buyutme-ameliyati","status":"publish","type":"page","link":"https:\/\/drtubaerdogan.com\/de\/chirurgie-zur-brustvergroserung\/brustvergroserung-ohne-silikon\/","title":{"rendered":"Brustvergr\u00f6\u00dferung ohne Silikon"},"content":{"rendered":"<div class=\"wpb-content-wrapper\"><p>[vc_row pix_particles_check=&#8220;&#8220; el_class=&#8220;page-services&#8220;][vc_column][vc_column_text]<\/p>\n<h1>Brustvergr\u00f6\u00dferung ohne Silikon<\/h1>\n<p>F\u00fcr diejenigen, die eine chirurgische Brustvergr\u00f6\u00dferung ohne Silikon w\u00fcnschen, ist die alternative Methode die Brustvergr\u00f6\u00dferung mit Fettinjektion. Sie wird auch als nicht-chirurgische Brustvergr\u00f6\u00dferungsoperation bezeichnet.<\/p>\n<p><img loading=\"lazy\" decoding=\"async\" class=\"alignnone size-full wp-image-762\" src=\"http:\/\/drtubaerdogan.com\/wp-content\/uploads\/2024\/10\/silikonsuz-meme-buyutme-ameliyati-42325-5280045023.jpg\" alt=\"\" width=\"850\" height=\"600\" srcset=\"https:\/\/drtubaerdogan.com\/wp-content\/uploads\/2024\/10\/silikonsuz-meme-buyutme-ameliyati-42325-5280045023.jpg 850w, https:\/\/drtubaerdogan.com\/wp-content\/uploads\/2024\/10\/silikonsuz-meme-buyutme-ameliyati-42325-5280045023-300x212.jpg 300w, https:\/\/drtubaerdogan.com\/wp-content\/uploads\/2024\/10\/silikonsuz-meme-buyutme-ameliyati-42325-5280045023-768x542.jpg 768w\" sizes=\"(max-width: 850px) 100vw, 850px\" \/><\/p>\n<p>Menschen, die ihre Br\u00fcste ohne Silikon vergr\u00f6\u00dfern m\u00f6chten, sind auf der Suche nach einer silikonfreien Brustvergr\u00f6\u00dferungsoperation.<\/p>\n<p>Die alternative Methode ist die Brustvergr\u00f6\u00dferung mit Fettinjektion. Diese Methode wird unter Operationssaalbedingungen durchgef\u00fchrt.<\/p>\n<p>Es handelt sich um eine Methode, bei der Fett aus den Bereichen entnommen wird, in denen Frauen Fett an ihren eigenen K\u00f6rperteilen haben, und in die Br\u00fcste injiziert wird. F\u00fcr diese Methode sollten Frauen \u00fcber ausreichend Fett in ihrem K\u00f6rper verf\u00fcgen. Die Methode ist nicht f\u00fcr Menschen geeignet, die d\u00fcnn sind und wenig Fett haben.<\/p>\n<p>Ein Teil des injizierten Fetts beginnt nach 12 Monaten zu schmelzen. Es ist nicht lebenslang haltbar. Wenn die Fettmenge schmilzt, ist eine neue Anwendung erforderlich. F\u00fcr die neue Anwendung muss gen\u00fcgend Fett im K\u00f6rper vorhanden sein.<\/p>\n<p>Wenn nach der Anwendung das Schmelzen nach einer gewissen Zeit einsetzt, k\u00f6nnen zwei Br\u00fcste unterschiedlich schmelzen. Es kann Unterschiede in der rechten und linken Brust geben. Es kann aber auch keine geben.<\/p>\n<p>Ich empfehle Ihnen, meinen Blogbeitrag \u00fcber silikonfreie Brustvergr\u00f6\u00dferungen zu lesen.[\/vc_column_text][\/vc_column][\/vc_row]<\/p>\n<\/div>","protected":false},"excerpt":{"rendered":"<p>[vc_row pix_particles_check=&#8220;&#8220; el_class=&#8220;page-services&#8220;][vc_column][vc_column_text] Brustvergr\u00f6\u00dferung ohne Silikon F\u00fcr diejenigen, die eine chirurgische Brustvergr\u00f6\u00dferung ohne Silikon w\u00fcnschen, ist die alternative Methode die Brustvergr\u00f6\u00dferung mit Fettinjektion. Sie wird auch als nicht-chirurgische Brustvergr\u00f6\u00dferungsoperation bezeichnet. Menschen, die ihre Br\u00fcste ohne Silikon vergr\u00f6\u00dfern m\u00f6chten, sind auf&#8230;<\/p>\n","protected":false},"author":1,"featured_media":0,"parent":2719,"menu_order":0,"comment_status":"closed","ping_status":"closed","template":"templates\/template-right-sidebar.php","meta":{"footnotes":""},"class_list":["post-2815","page","type-page","status-publish","hentry"],"_links":{"self":[{"href":"https:\/\/drtubaerdogan.com\/de\/wp-json\/wp\/v2\/pages\/2815"}],"collection":[{"href":"https:\/\/drtubaerdogan.com\/de\/wp-json\/wp\/v2\/pages"}],"about":[{"href":"https:\/\/drtubaerdogan.com\/de\/wp-json\/wp\/v2\/types\/page"}],"author":[{"embeddable":true,"href":"https:\/\/drtubaerdogan.com\/de\/wp-json\/wp\/v2\/users\/1"}],"replies":[{"embeddable":true,"href":"https:\/\/drtubaerdogan.com\/de\/wp-json\/wp\/v2\/comments?post=2815"}],"version-history":[{"count":1,"href":"https:\/\/drtubaerdogan.com\/de\/wp-json\/wp\/v2\/pages\/2815\/revisions"}],"predecessor-version":[{"id":2844,"href":"https:\/\/drtubaerdogan.com\/de\/wp-json\/wp\/v2\/pages\/2815\/revisions\/2844"}],"up":[{"embeddable":true,"href":"https:\/\/drtubaerdogan.com\/de\/wp-json\/wp\/v2\/pages\/2719"}],"wp:attachment":[{"href":"https:\/\/drtubaerdogan.com\/de\/wp-json\/wp\/v2\/media?parent=2815"}],"curies":[{"name":"wp","href":"https:\/\/api.w.org\/{rel}","templated":true}]}}