{"id":2814,"date":"2024-10-23T15:55:32","date_gmt":"2024-10-23T12:55:32","guid":{"rendered":"http:\/\/drtubaerdogan.com\/estetik-ameliyatlar\/gogus-buyutme-ameliyati\/damla-silikon-mu-yuvarlak-silikon-mu\/"},"modified":"2024-11-04T20:23:25","modified_gmt":"2024-11-04T17:23:25","slug":"damla-silikon-mu-yuvarlak-silikon-mu","status":"publish","type":"page","link":"https:\/\/drtubaerdogan.com\/de\/chirurgie-zur-brustvergroserung\/tropfen-silikon-oder-rund-silikon\/","title":{"rendered":"Tropfen Silikon oder Rund Silikon?"},"content":{"rendered":"<div class=\"wpb-content-wrapper\"><p>[vc_row pix_particles_check=&#8220;&#8220; el_class=&#8220;page-services&#8220;][vc_column][vc_column_text]<\/p>\n<h1>Tropfen Silikon oder Rund Silikon?<\/h1>\n<p>In der Brustvergr\u00f6\u00dferungs-Chirurgie werden die Prothesenformen als tropfenf\u00f6rmig und rund definiert.<\/p>\n<p><img loading=\"lazy\" decoding=\"async\" class=\"alignnone size-full wp-image-758\" src=\"http:\/\/drtubaerdogan.com\/wp-content\/uploads\/2024\/10\/damla-silikon-mu-yuvarlak-silikon-mu-42317-7206066898.jpg\" alt=\"\" width=\"850\" height=\"713\" srcset=\"https:\/\/drtubaerdogan.com\/wp-content\/uploads\/2024\/10\/damla-silikon-mu-yuvarlak-silikon-mu-42317-7206066898.jpg 850w, https:\/\/drtubaerdogan.com\/wp-content\/uploads\/2024\/10\/damla-silikon-mu-yuvarlak-silikon-mu-42317-7206066898-300x252.jpg 300w, https:\/\/drtubaerdogan.com\/wp-content\/uploads\/2024\/10\/damla-silikon-mu-yuvarlak-silikon-mu-42317-7206066898-768x644.jpg 768w\" sizes=\"(max-width: 850px) 100vw, 850px\" \/><\/p>\n<p>Wenn man im Internet \u00fcber chirurgische Brustvergr\u00f6\u00dferungen recherchiert, st\u00f6\u00dft man auf die Information, dass tropfenf\u00f6rmiges Silikon besser ist als rundes Silikon.<\/p>\n<p>Stimmt es, dass die Tropfenprothese besser ist als die runde Prothese? Sie k\u00f6nnen es herausfinden, indem Sie auf den unten stehenden Link klicken.[\/vc_column_text][\/vc_column][\/vc_row]<\/p>\n<\/div>","protected":false},"excerpt":{"rendered":"<p>[vc_row pix_particles_check=&#8220;&#8220; el_class=&#8220;page-services&#8220;][vc_column][vc_column_text] Tropfen Silikon oder Rund Silikon? In der Brustvergr\u00f6\u00dferungs-Chirurgie werden die Prothesenformen als tropfenf\u00f6rmig und rund definiert. Wenn man im Internet \u00fcber chirurgische Brustvergr\u00f6\u00dferungen recherchiert, st\u00f6\u00dft man auf die Information, dass tropfenf\u00f6rmiges Silikon besser ist als rundes Silikon&#8230;.<\/p>\n","protected":false},"author":1,"featured_media":0,"parent":2719,"menu_order":0,"comment_status":"closed","ping_status":"closed","template":"templates\/template-right-sidebar.php","meta":{"footnotes":""},"class_list":["post-2814","page","type-page","status-publish","hentry"],"_links":{"self":[{"href":"https:\/\/drtubaerdogan.com\/de\/wp-json\/wp\/v2\/pages\/2814"}],"collection":[{"href":"https:\/\/drtubaerdogan.com\/de\/wp-json\/wp\/v2\/pages"}],"about":[{"href":"https:\/\/drtubaerdogan.com\/de\/wp-json\/wp\/v2\/types\/page"}],"author":[{"embeddable":true,"href":"https:\/\/drtubaerdogan.com\/de\/wp-json\/wp\/v2\/users\/1"}],"replies":[{"embeddable":true,"href":"https:\/\/drtubaerdogan.com\/de\/wp-json\/wp\/v2\/comments?post=2814"}],"version-history":[{"count":1,"href":"https:\/\/drtubaerdogan.com\/de\/wp-json\/wp\/v2\/pages\/2814\/revisions"}],"predecessor-version":[{"id":2843,"href":"https:\/\/drtubaerdogan.com\/de\/wp-json\/wp\/v2\/pages\/2814\/revisions\/2843"}],"up":[{"embeddable":true,"href":"https:\/\/drtubaerdogan.com\/de\/wp-json\/wp\/v2\/pages\/2719"}],"wp:attachment":[{"href":"https:\/\/drtubaerdogan.com\/de\/wp-json\/wp\/v2\/media?parent=2814"}],"curies":[{"name":"wp","href":"https:\/\/api.w.org\/{rel}","templated":true}]}}