{"id":2813,"date":"2024-10-23T15:54:36","date_gmt":"2024-10-23T12:54:36","guid":{"rendered":"http:\/\/drtubaerdogan.com\/estetik-ameliyatlar\/gogus-buyutme-ameliyati\/kas-alti-mi-kas-ustu-mu\/"},"modified":"2024-11-04T20:23:16","modified_gmt":"2024-11-04T17:23:16","slug":"kas-alti-mi-kas-ustu-mu","status":"publish","type":"page","link":"https:\/\/drtubaerdogan.com\/de\/chirurgie-zur-brustvergroserung\/zu-wenig-muskeln-oder-zu-viel-muskeln\/","title":{"rendered":"Zu wenig Muskeln oder zu viel Muskeln?"},"content":{"rendered":"<div class=\"wpb-content-wrapper\"><p>[vc_row pix_particles_check=&#8220;&#8220; el_class=&#8220;page-services&#8220;][vc_column][vc_column_text]<\/p>\n<h1>Zu wenig Muskeln oder zu viel Muskeln?<\/h1>\n<p>Bei der Entscheidung f\u00fcr eine Brustvergr\u00f6\u00dferung stellt sich die Frage \u201eUnter dem Muskel oder \u00fcber dem Muskel?\u201c und wird dem Arzt gestellt.<\/p>\n<p><img loading=\"lazy\" decoding=\"async\" class=\"alignnone size-full wp-image-754\" src=\"http:\/\/drtubaerdogan.com\/wp-content\/uploads\/2024\/10\/kas-alti-mi-kas-ustu-mu-42290-6201059144.jpg\" alt=\"\" width=\"850\" height=\"518\" srcset=\"https:\/\/drtubaerdogan.com\/wp-content\/uploads\/2024\/10\/kas-alti-mi-kas-ustu-mu-42290-6201059144.jpg 850w, https:\/\/drtubaerdogan.com\/wp-content\/uploads\/2024\/10\/kas-alti-mi-kas-ustu-mu-42290-6201059144-300x183.jpg 300w, https:\/\/drtubaerdogan.com\/wp-content\/uploads\/2024\/10\/kas-alti-mi-kas-ustu-mu-42290-6201059144-768x468.jpg 768w\" sizes=\"(max-width: 850px) 100vw, 850px\" \/><\/p>\n<p>Menschen, die \u00fcber das Internet und die Medien Zugang zu einer Vielzahl von Informationen zu diesem Thema haben, k\u00f6nnen selbst eine Entscheidung treffen und diese beim Arzt einholen.<\/p>\n<p>Die Informationen, die \u00fcber medizinische Websites zug\u00e4nglich sind, beschreiben die technischen Unterschiede von Brustvergr\u00f6\u00dferungsoperationen, die unter oder \u00fcber dem Muskel durchgef\u00fchrt werden, oder die Unterschiede im Heilungsprozess. Welche Operationstechnik zur Brustvergr\u00f6\u00dferung f\u00fcr die eigene Person geeignet ist, kann jedoch nur durch eine Untersuchung festgestellt werden. Der K\u00f6rperbau, der Brustkorb und die Struktur der Br\u00fcste spielen bei dieser Entscheidung eine Rolle. Der Facharzt f\u00fcr Plastische Chirurgie empfiehlt die f\u00fcr die jeweilige Person am besten geeignete Methode der Brustvergr\u00f6\u00dferungschirurgie.<\/p>\n<p>In diesem Zusammenhang sind auch Foren hilfreich, in denen Menschen, die sich dieser \u00e4sthetischen Operation unterzogen haben, ihre Erfahrungen austauschen. Bei der Nutzung dieser Erfahrungen sollte jedoch bedacht werden, dass jeder Mensch eine andere K\u00f6rperstruktur hat, dass der Heilungsprozess bei jedem Menschen anders verl\u00e4uft und dass es Unterschiede in der Vorgehensweise der \u00c4rzte geben kann. Die ges\u00fcndesten Informationen zu diesem Thema erh\u00e4lt man durch ein Gespr\u00e4ch mit einem Facharzt f\u00fcr plastische Chirurgie.<\/p>\n<p>W\u00e4hrend der Untersuchung haben Sie die M\u00f6glichkeit, mit dem 3D-Vectra, einem dreidimensionalen Bildgebungssystem, zu sehen, wie Ihre Br\u00fcste nach der Operation aussehen werden.<\/p>\n<p>Mit meiner theoretischen und praktischen Erfahrung und Ihren Erwartungen planen wir gemeinsam die Brustvergr\u00f6\u00dferungsoperation.[\/vc_column_text][\/vc_column][\/vc_row]<\/p>\n<\/div>","protected":false},"excerpt":{"rendered":"<p>[vc_row pix_particles_check=&#8220;&#8220; el_class=&#8220;page-services&#8220;][vc_column][vc_column_text] Zu wenig Muskeln oder zu viel Muskeln? Bei der Entscheidung f\u00fcr eine Brustvergr\u00f6\u00dferung stellt sich die Frage \u201eUnter dem Muskel oder \u00fcber dem Muskel?\u201c und wird dem Arzt gestellt. Menschen, die \u00fcber das Internet und die Medien&#8230;<\/p>\n","protected":false},"author":1,"featured_media":0,"parent":2719,"menu_order":0,"comment_status":"closed","ping_status":"closed","template":"templates\/template-right-sidebar.php","meta":{"footnotes":""},"class_list":["post-2813","page","type-page","status-publish","hentry"],"_links":{"self":[{"href":"https:\/\/drtubaerdogan.com\/de\/wp-json\/wp\/v2\/pages\/2813"}],"collection":[{"href":"https:\/\/drtubaerdogan.com\/de\/wp-json\/wp\/v2\/pages"}],"about":[{"href":"https:\/\/drtubaerdogan.com\/de\/wp-json\/wp\/v2\/types\/page"}],"author":[{"embeddable":true,"href":"https:\/\/drtubaerdogan.com\/de\/wp-json\/wp\/v2\/users\/1"}],"replies":[{"embeddable":true,"href":"https:\/\/drtubaerdogan.com\/de\/wp-json\/wp\/v2\/comments?post=2813"}],"version-history":[{"count":1,"href":"https:\/\/drtubaerdogan.com\/de\/wp-json\/wp\/v2\/pages\/2813\/revisions"}],"predecessor-version":[{"id":2842,"href":"https:\/\/drtubaerdogan.com\/de\/wp-json\/wp\/v2\/pages\/2813\/revisions\/2842"}],"up":[{"embeddable":true,"href":"https:\/\/drtubaerdogan.com\/de\/wp-json\/wp\/v2\/pages\/2719"}],"wp:attachment":[{"href":"https:\/\/drtubaerdogan.com\/de\/wp-json\/wp\/v2\/media?parent=2813"}],"curies":[{"name":"wp","href":"https:\/\/api.w.org\/{rel}","templated":true}]}}