{"id":2812,"date":"2024-10-23T15:53:30","date_gmt":"2024-10-23T12:53:30","guid":{"rendered":"http:\/\/drtubaerdogan.com\/estetik-ameliyatlar\/gogus-buyutme-ameliyati\/silikon-ile-gogus-buyutme-ameliyati\/"},"modified":"2024-11-04T20:23:08","modified_gmt":"2024-11-04T17:23:08","slug":"silikon-ile-gogus-buyutme-ameliyati","status":"publish","type":"page","link":"https:\/\/drtubaerdogan.com\/de\/chirurgie-zur-brustvergroserung\/brustvergroserungsoperation-mit-silikon\/","title":{"rendered":"Brustvergr\u00f6\u00dferungsoperation mit Silikon"},"content":{"rendered":"<div class=\"wpb-content-wrapper\"><p>[vc_row pix_particles_check=&#8220;&#8220; el_class=&#8220;page-services&#8220;][vc_column][vc_column_text]<\/p>\n<h1>Brustvergr\u00f6\u00dferungsoperation mit Silikon<\/h1>\n<p>Eine der Methoden der Brustvergr\u00f6\u00dferungsoperation ist die Brustvergr\u00f6\u00dferung mit Silikon.<\/p>\n<p><img loading=\"lazy\" decoding=\"async\" class=\"alignnone size-full wp-image-750\" src=\"http:\/\/drtubaerdogan.com\/wp-content\/uploads\/2024\/10\/silikon-ile-gogus-buyutme-ameliyati-42318-6956455324.jpg\" alt=\"\" width=\"850\" height=\"618\" srcset=\"https:\/\/drtubaerdogan.com\/wp-content\/uploads\/2024\/10\/silikon-ile-gogus-buyutme-ameliyati-42318-6956455324.jpg 850w, https:\/\/drtubaerdogan.com\/wp-content\/uploads\/2024\/10\/silikon-ile-gogus-buyutme-ameliyati-42318-6956455324-300x218.jpg 300w, https:\/\/drtubaerdogan.com\/wp-content\/uploads\/2024\/10\/silikon-ile-gogus-buyutme-ameliyati-42318-6956455324-768x558.jpg 768w\" sizes=\"(max-width: 850px) 100vw, 850px\" \/><\/p>\n<p>Bei der Brustvergr\u00f6\u00dferung mit Silikon finden Sie auf dieser Seite die Themen, \u00fcber die sich die Betroffenen bei der Planung ihres Eingriffs informieren. Ausf\u00fchrliche Informationen erhalten Sie, wenn Sie auf den Link neben dem jeweiligen Thema klicken.<br \/>\nWo werden die Implantate in die Br\u00fcste eingesetzt?<br \/>\nWerden die Implantate unter dem Muskel oder \u00fcber dem Muskel platziert?<br \/>\nIst Tropfen-Silikon f\u00fcr Sie geeignet oder Rund-Silikon f\u00fcr Sie geeignet?<br \/>\nIst es m\u00f6glich, die Brust ohne Silikon zu vergr\u00f6\u00dfern?<br \/>\nIst eine Brustvergr\u00f6\u00dferung mit Silikon zuverl\u00e4ssig?<br \/>\nStillen nach einer Brustvergr\u00f6\u00dferungsoperation?[\/vc_column_text][\/vc_column][\/vc_row]<\/p>\n<\/div>","protected":false},"excerpt":{"rendered":"<p>[vc_row pix_particles_check=&#8220;&#8220; el_class=&#8220;page-services&#8220;][vc_column][vc_column_text] Brustvergr\u00f6\u00dferungsoperation mit Silikon Eine der Methoden der Brustvergr\u00f6\u00dferungsoperation ist die Brustvergr\u00f6\u00dferung mit Silikon. Bei der Brustvergr\u00f6\u00dferung mit Silikon finden Sie auf dieser Seite die Themen, \u00fcber die sich die Betroffenen bei der Planung ihres Eingriffs informieren. Ausf\u00fchrliche&#8230;<\/p>\n","protected":false},"author":1,"featured_media":0,"parent":2719,"menu_order":0,"comment_status":"closed","ping_status":"closed","template":"templates\/template-right-sidebar.php","meta":{"footnotes":""},"class_list":["post-2812","page","type-page","status-publish","hentry"],"_links":{"self":[{"href":"https:\/\/drtubaerdogan.com\/de\/wp-json\/wp\/v2\/pages\/2812"}],"collection":[{"href":"https:\/\/drtubaerdogan.com\/de\/wp-json\/wp\/v2\/pages"}],"about":[{"href":"https:\/\/drtubaerdogan.com\/de\/wp-json\/wp\/v2\/types\/page"}],"author":[{"embeddable":true,"href":"https:\/\/drtubaerdogan.com\/de\/wp-json\/wp\/v2\/users\/1"}],"replies":[{"embeddable":true,"href":"https:\/\/drtubaerdogan.com\/de\/wp-json\/wp\/v2\/comments?post=2812"}],"version-history":[{"count":1,"href":"https:\/\/drtubaerdogan.com\/de\/wp-json\/wp\/v2\/pages\/2812\/revisions"}],"predecessor-version":[{"id":2841,"href":"https:\/\/drtubaerdogan.com\/de\/wp-json\/wp\/v2\/pages\/2812\/revisions\/2841"}],"up":[{"embeddable":true,"href":"https:\/\/drtubaerdogan.com\/de\/wp-json\/wp\/v2\/pages\/2719"}],"wp:attachment":[{"href":"https:\/\/drtubaerdogan.com\/de\/wp-json\/wp\/v2\/media?parent=2812"}],"curies":[{"name":"wp","href":"https:\/\/api.w.org\/{rel}","templated":true}]}}