{"id":2811,"date":"2024-10-23T15:52:36","date_gmt":"2024-10-23T12:52:36","guid":{"rendered":"http:\/\/drtubaerdogan.com\/estetik-ameliyatlar\/gogus-buyutme-ameliyati\/yag-enjeksiyonu-ile-meme-buyutme-ameliyati\/"},"modified":"2024-11-04T20:22:55","modified_gmt":"2024-11-04T17:22:55","slug":"yag-enjeksiyonu-ile-meme-buyutme-ameliyati","status":"publish","type":"page","link":"https:\/\/drtubaerdogan.com\/de\/chirurgie-zur-brustvergroserung\/brustvergroserungsoperation-mit-fettinjektion\/","title":{"rendered":"Brustvergr\u00f6\u00dferungsoperation mit Fettinjektion"},"content":{"rendered":"<div class=\"wpb-content-wrapper\"><p>[vc_row pix_particles_check=&#8220;&#8220; el_class=&#8220;page-services&#8220;][vc_column][vc_column_text]<\/p>\n<h1>Brustvergr\u00f6\u00dferungsoperation mit Fettinjektion<\/h1>\n<p>Die Brustvergr\u00f6\u00dferung mit Fettinjektion ist eine der Methoden der Brustvergr\u00f6\u00dferungs-Chirurgie. Aufgrund der Informationen \u00fcber Silikon im Internet suchen die Menschen nach alternativen Brustvergr\u00f6\u00dferungsmethoden ohne Silikon.<\/p>\n<p><img loading=\"lazy\" decoding=\"async\" class=\"alignnone size-full wp-image-746\" src=\"http:\/\/drtubaerdogan.com\/wp-content\/uploads\/2024\/10\/yag-enjeksiyonu-ile-meme-buyutme-ameliyati-42290-4847373958.jpg\" alt=\"\" width=\"850\" height=\"713\" srcset=\"https:\/\/drtubaerdogan.com\/wp-content\/uploads\/2024\/10\/yag-enjeksiyonu-ile-meme-buyutme-ameliyati-42290-4847373958.jpg 850w, https:\/\/drtubaerdogan.com\/wp-content\/uploads\/2024\/10\/yag-enjeksiyonu-ile-meme-buyutme-ameliyati-42290-4847373958-300x252.jpg 300w, https:\/\/drtubaerdogan.com\/wp-content\/uploads\/2024\/10\/yag-enjeksiyonu-ile-meme-buyutme-ameliyati-42290-4847373958-768x644.jpg 768w\" sizes=\"(max-width: 850px) 100vw, 850px\" \/><\/p>\n<p>Bei der Brustvergr\u00f6\u00dferungsoperation mit Fettinjektion wird das Fett aus dem eigenen K\u00f6rperfett in den Brustbereich injiziert.<br \/>\nSie wird unter OP-Bedingungen durchgef\u00fchrt.<br \/>\nDas unter das Brustgewebe eingespritzte Fettgewebe des entnommenen Fettgewebes schmilzt nach 12 Monaten ein. Mit dem Einsetzen der Schmelze sollte die Anwendung der Fettinjektion erneuert werden. Nach Beginn der Einschmelzung kann es aufgrund der unterschiedlichen Einschmelzung zu einem Gr\u00f6\u00dfenunterschied zwischen der linken und der rechten Brust kommen. Dieser Unterschied f\u00fchrt zu einer Ungleichheit. Es kommt zu einer Asymmetrie zwischen den beiden Br\u00fcsten.<br \/>\nDa bei dieser Methode nicht vorher festgelegt werden kann, wie viel Fett Ihrem K\u00f6rper entnommen wird, k\u00f6nnen keine genauen Angaben \u00fcber die Gr\u00f6\u00dfe Ihrer Brust nach der Operation gemacht werden.<br \/>\nLesen Sie meinen Blog-Beitrag \u00fcber die Methode der Fettinjektion zur Vergr\u00f6\u00dferung der Br\u00fcste unter Brustvergr\u00f6\u00dferungsoperation.[\/vc_column_text][\/vc_column][\/vc_row]<\/p>\n<\/div>","protected":false},"excerpt":{"rendered":"<p>[vc_row pix_particles_check=&#8220;&#8220; el_class=&#8220;page-services&#8220;][vc_column][vc_column_text] Brustvergr\u00f6\u00dferungsoperation mit Fettinjektion Die Brustvergr\u00f6\u00dferung mit Fettinjektion ist eine der Methoden der Brustvergr\u00f6\u00dferungs-Chirurgie. Aufgrund der Informationen \u00fcber Silikon im Internet suchen die Menschen nach alternativen Brustvergr\u00f6\u00dferungsmethoden ohne Silikon. Bei der Brustvergr\u00f6\u00dferungsoperation mit Fettinjektion wird das Fett aus&#8230;<\/p>\n","protected":false},"author":1,"featured_media":0,"parent":2719,"menu_order":0,"comment_status":"closed","ping_status":"closed","template":"templates\/template-right-sidebar.php","meta":{"footnotes":""},"class_list":["post-2811","page","type-page","status-publish","hentry"],"_links":{"self":[{"href":"https:\/\/drtubaerdogan.com\/de\/wp-json\/wp\/v2\/pages\/2811"}],"collection":[{"href":"https:\/\/drtubaerdogan.com\/de\/wp-json\/wp\/v2\/pages"}],"about":[{"href":"https:\/\/drtubaerdogan.com\/de\/wp-json\/wp\/v2\/types\/page"}],"author":[{"embeddable":true,"href":"https:\/\/drtubaerdogan.com\/de\/wp-json\/wp\/v2\/users\/1"}],"replies":[{"embeddable":true,"href":"https:\/\/drtubaerdogan.com\/de\/wp-json\/wp\/v2\/comments?post=2811"}],"version-history":[{"count":2,"href":"https:\/\/drtubaerdogan.com\/de\/wp-json\/wp\/v2\/pages\/2811\/revisions"}],"predecessor-version":[{"id":2840,"href":"https:\/\/drtubaerdogan.com\/de\/wp-json\/wp\/v2\/pages\/2811\/revisions\/2840"}],"up":[{"embeddable":true,"href":"https:\/\/drtubaerdogan.com\/de\/wp-json\/wp\/v2\/pages\/2719"}],"wp:attachment":[{"href":"https:\/\/drtubaerdogan.com\/de\/wp-json\/wp\/v2\/media?parent=2811"}],"curies":[{"name":"wp","href":"https:\/\/api.w.org\/{rel}","templated":true}]}}