{"id":2808,"date":"2024-10-23T15:17:00","date_gmt":"2024-10-23T12:17:00","guid":{"rendered":"http:\/\/drtubaerdogan.com\/estetik-ameliyatlar\/gogus-buyutme-ameliyati\/gogus-buyutme-ameliyati-oncesi-ve-sonrasi\/"},"modified":"2024-11-04T20:22:28","modified_gmt":"2024-11-04T17:22:28","slug":"gogus-buyutme-ameliyati-oncesi-ve-sonrasi","status":"publish","type":"page","link":"https:\/\/drtubaerdogan.com\/de\/chirurgie-zur-brustvergroserung\/vor-und-nach-der-brustvergroserungsoperation\/","title":{"rendered":"Vor und nach der Brustvergr\u00f6\u00dferungsoperation"},"content":{"rendered":"<div class=\"wpb-content-wrapper\"><p>[vc_row pix_particles_check=&#8220;&#8220; el_class=&#8220;page-services&#8220;][vc_column][vc_column_text]<\/p>\n<h1>Vor und nach der Brustvergr\u00f6\u00dferungsoperation<\/h1>\n<p>Was ist vor und nach einer Brustvergr\u00f6\u00dferung zu beachten?<\/p>\n<p><img loading=\"lazy\" decoding=\"async\" class=\"alignnone size-full wp-image-735\" src=\"http:\/\/drtubaerdogan.com\/wp-content\/uploads\/2024\/10\/gogus-buyutme-ameliyati-oncesi-ve-sonrasi-42367-5630348958.jpg\" alt=\"\" width=\"850\" height=\"518\" srcset=\"https:\/\/drtubaerdogan.com\/wp-content\/uploads\/2024\/10\/gogus-buyutme-ameliyati-oncesi-ve-sonrasi-42367-5630348958.jpg 850w, https:\/\/drtubaerdogan.com\/wp-content\/uploads\/2024\/10\/gogus-buyutme-ameliyati-oncesi-ve-sonrasi-42367-5630348958-300x183.jpg 300w, https:\/\/drtubaerdogan.com\/wp-content\/uploads\/2024\/10\/gogus-buyutme-ameliyati-oncesi-ve-sonrasi-42367-5630348958-768x468.jpg 768w\" sizes=\"(max-width: 850px) 100vw, 850px\" \/><\/p>\n<p>\u200b<\/p>\n<p><strong>Vor der Brustvergr\u00f6\u00dferungsoperation bestimmen wir die Gr\u00f6\u00dfe und Form der Prothese, indem wir sie Ihnen mit dem dreidimensionalen Bildgebungssystem zeigen.<\/strong><\/p>\n<ul>\n<li>Brustvergr\u00f6\u00dferungsoperationen geh\u00f6ren zu den \u00e4sthetischen Eingriffen, die von \u00c4rzten der plastischen Chirurgie unter Vollnarkose im Operationssaal durchgef\u00fchrt werden.<\/li>\n<li>Wenn es in Ihrer Familie Personen gibt, die sich einer Krebsbehandlung unterzogen haben, vergessen Sie nicht, dem plastischen Chirurgen diese Informationen mitzuteilen.<\/li>\n<li>Vor der Operation k\u00f6nnen Untersuchungen wie <strong>Mammographie und Ultraschall<\/strong> angefordert werden. Wenn Ihr Arzt eine pr\u00e4operative Untersuchung verlangt, empfehlen wir Ihnen, diese nicht bis zum letzten Tag aufzuschieben.<\/li>\n<li>a. Je nach den Ergebnissen dieser Untersuchungen k\u00f6nnen Sie aufgefordert werden, Ihre Ergebnisse einem Arzt der Allgemeinchirurgie vorzulegen.<\/li>\n<li>b. Je nach den Ergebnissen der Untersuchungen kann es sein, dass Sie den Operationstermin \u00e4ndern m\u00fcssen.<\/li>\n<li>c. Wenn Sie sich f\u00fcr eine Brustoperation entschieden haben, empfehlen wir Ihnen, sich vor der Untersuchung einer Ultraschalluntersuchung oder einer Mammographie zu unterziehen. Wenn Sie untersucht werden, k\u00f6nnen Sie Ihrem \u00e4sthetischen Arzt Ihre Untersuchungen zeigen und sie beurteilen lassen.<\/li>\n<li><strong>Wenn es Medikamente gibt<\/strong>, die Sie st\u00e4ndig einnehmen oder im letzten Monat eingenommen haben, sollten Sie diese Ihrem Arzt unbedingt mitteilen. Um die Namen der Medikamente nicht zu vergessen, k\u00f6nnen Sie sie auf einem Blatt Papier notieren.<\/li>\n<li>Wenn Sie sich zuvor einer Operation unter Vollnarkose oder \u00f6rtlicher Bet\u00e4ubung unterzogen haben, teilen Sie diese Information Ihrem plastischen Chirurgen mit.<\/li>\n<li>Die von Ihrem plastischen Chirurgen genannte Brustvergr\u00f6\u00dferungsgr\u00f6\u00dfe ist nicht mit der BH-Gr\u00f6\u00dfe identisch. Dar\u00fcber werden Sie bei der ausf\u00fchrlichen Untersuchung informiert.<\/li>\n<li>Sie werden die Einverst\u00e4ndniserkl\u00e4rung der Patientin lesen, in der die Informationen \u00fcber diesen Eingriff schriftlich erl\u00e4utert werden. Sie m\u00fcssen dieses Formular unterschreiben.<\/li>\n<li>Die Dauer der Operation betr\u00e4gt 1-1,5 Stunden.<\/li>\n<li>Die Kontrolle durch den Narkosearzt und Ihre Blutuntersuchungen werden vor der Operation in dem Krankenhaus durchgef\u00fchrt, in dem der Eingriff vorgenommen wird. Ihre Operationszeit wird entsprechend festgelegt.<\/li>\n<li>Da die Milchg\u00e4nge w\u00e4hrend der Operation nicht ber\u00fchrt werden, werden Sie in den kommenden Jahren keine <strong>Probleme beim Stillen<\/strong> haben (lesen Sie dazu meinen \u00e4sthetischen Blogbeitrag).<\/li>\n<li>Wenn Sie gerade entbunden haben, ist es sinnvoll, 9 Monate nach Abschluss der <strong>Stillzeit<\/strong> zu operieren.<\/li>\n<li>Wenn Sie nach der Brustvergr\u00f6\u00dferungsoperation aus dem Operationssaal in Ihr Patientenzimmer gebracht werden, werden Sie einen medizinischen <strong>BH<\/strong> tragen. Wie lange Sie diesen tragen m\u00fcssen, erfahren Sie bei Ihren Kontrollen.<\/li>\n<li>Unabh\u00e4ngig von der Stelle, an der die Prothese an Ihren Br\u00fcsten platziert wird, bleibt eine <strong>Operations- <\/strong>oder Schnittnarbe an der Stelle zur\u00fcck, an der sie platziert wurde. An den Einschnittstellen befinden sich Pflaster. Sie d\u00fcrfen die Prothese nicht selbst zu Hause entfernen. Ihr Arzt wird es bei den Kontrollen entfernen. Die Operationsnarbe wird nach 12 Monaten nur noch unscharf zu erkennen sein. An den Einschnittstellen, an denen die Silikonprothese eingesetzt wird, befinden sich Pflaster. Der Faden der N\u00e4hte an den Einschnittstellen kann sich spontan <strong>aufl\u00f6sen<\/strong>.<\/li>\n<li>Es kann sein, dass Sie <strong>Ellenbogen haben<\/strong>, wenn Sie in Ihr Patientenzimmer kommen. Ihr \u00e4sthetischer Arzt wird Sie bei der Untersuchung \u00fcber den Grund f\u00fcr die Verwendung der F\u00e4den informiert haben.<\/li>\n<li>Die Anzahl der Tage, die Sie sich ausruhen m\u00fcssen, betr\u00e4gt 3-4 Tage. Es gibt Menschen, die bereits am 4. Tag nach der Operation zur Arbeit gehen.<\/li>\n<li>Ein Gef\u00fchl zwischen dem 6. und 12. Monat ist normal. Es geht nach diesem Zeitraum wieder vorbei.<\/li>\n<li>Nach einer Brustvergr\u00f6\u00dferungsoperation k\u00f6nnen Sie Schmerzen haben. Bei der Entlassung wird Ihnen <strong>ein Rezept<\/strong> ausgeh\u00e4ndigt.<\/li>\n<li>In den ersten Wochen ist es normal, dass Ihre Br\u00fcste gr\u00f6\u00dfer sind als normal.<\/li>\n<li>Nach einer Brustvergr\u00f6\u00dferungsoperation m\u00fcssen Sie sich vor St\u00f6\u00dfen sch\u00fctzen.<\/li>\n<li>Bei der Untersuchung und den Kontrollen werden Sie \u00fcber Ihre Liegeposition informiert.<\/li>\n<li>W\u00e4hrend des Heilungsprozesses kann es in den ersten Monaten zu einer Kapselbildung um das Implantat in Ihren Br\u00fcsten kommen. Die Kapselbildung ist weder von der Patientin noch vom Arzt zu verantworten. Die<strong>Kapselbildung <\/strong>ist von au\u00dfen zu erkennen. Dank der Gel-Silikone tritt das Kapselproblem so gut wie nicht auf.<\/li>\n<li>Es kann zu Bluterg\u00fcssen, Schwellungen und Taubheitsgef\u00fchlen kommen. Diese sind normal.<\/li>\n<li>Nach 3-4 Tagen kann gebadet werden. Ihr \u00e4sthetischer Chirurg wird Sie bei Ihrer Entlassung dar\u00fcber informieren.<\/li>\n<li>Sportliche Aktivit\u00e4ten k\u00f6nnen Sie nach 6-8 Wochen aus\u00fcben.<\/li>\n<\/ul>\n<p>Wir empfehlen Ihnen, unseren \u00e4sthetischen Artikel \u00fcber die Zeit vor und nach einer Brustvergr\u00f6\u00dferung zu lesen, indem Sie auf die Schaltfl\u00e4che unten klicken. Sie k\u00f6nnen sich auch \u00fcber ein anderes Thema, das Sie interessiert, in dieser Rubrik ausf\u00fchrlich informieren.[\/vc_column_text][\/vc_column][\/vc_row]<\/p>\n<\/div>","protected":false},"excerpt":{"rendered":"<p>[vc_row pix_particles_check=&#8220;&#8220; el_class=&#8220;page-services&#8220;][vc_column][vc_column_text] Vor und nach der Brustvergr\u00f6\u00dferungsoperation Was ist vor und nach einer Brustvergr\u00f6\u00dferung zu beachten? \u200b Vor der Brustvergr\u00f6\u00dferungsoperation bestimmen wir die Gr\u00f6\u00dfe und Form der Prothese, indem wir sie Ihnen mit dem dreidimensionalen Bildgebungssystem zeigen. Brustvergr\u00f6\u00dferungsoperationen geh\u00f6ren&#8230;<\/p>\n","protected":false},"author":1,"featured_media":0,"parent":2719,"menu_order":0,"comment_status":"closed","ping_status":"closed","template":"templates\/template-right-sidebar.php","meta":{"footnotes":""},"class_list":["post-2808","page","type-page","status-publish","hentry"],"_links":{"self":[{"href":"https:\/\/drtubaerdogan.com\/de\/wp-json\/wp\/v2\/pages\/2808"}],"collection":[{"href":"https:\/\/drtubaerdogan.com\/de\/wp-json\/wp\/v2\/pages"}],"about":[{"href":"https:\/\/drtubaerdogan.com\/de\/wp-json\/wp\/v2\/types\/page"}],"author":[{"embeddable":true,"href":"https:\/\/drtubaerdogan.com\/de\/wp-json\/wp\/v2\/users\/1"}],"replies":[{"embeddable":true,"href":"https:\/\/drtubaerdogan.com\/de\/wp-json\/wp\/v2\/comments?post=2808"}],"version-history":[{"count":1,"href":"https:\/\/drtubaerdogan.com\/de\/wp-json\/wp\/v2\/pages\/2808\/revisions"}],"predecessor-version":[{"id":2834,"href":"https:\/\/drtubaerdogan.com\/de\/wp-json\/wp\/v2\/pages\/2808\/revisions\/2834"}],"up":[{"embeddable":true,"href":"https:\/\/drtubaerdogan.com\/de\/wp-json\/wp\/v2\/pages\/2719"}],"wp:attachment":[{"href":"https:\/\/drtubaerdogan.com\/de\/wp-json\/wp\/v2\/media?parent=2808"}],"curies":[{"name":"wp","href":"https:\/\/api.w.org\/{rel}","templated":true}]}}