{"id":2781,"date":"2024-10-22T22:03:11","date_gmt":"2024-10-22T19:03:11","guid":{"rendered":"http:\/\/drtubaerdogan.com\/ameliyatsiz-estetik\/cene-dolgusu\/"},"modified":"2024-11-04T20:25:28","modified_gmt":"2024-11-04T17:25:28","slug":"cene-dolgusu","status":"publish","type":"page","link":"https:\/\/drtubaerdogan.com\/de\/nicht-chirurgische-asthetik\/kinn-fullung\/","title":{"rendered":"Kinn F\u00fcllung"},"content":{"rendered":"<div class=\"wpb-content-wrapper\"><p>[vc_row pix_particles_check=&#8220;&#8220; el_class=&#8220;page-services&#8220;][vc_column][vc_column_text]<\/p>\n<h1>Kinnf\u00fcller, Hyalurons\u00e4ure-F\u00fcllstoffe<\/h1>\n<p>Die fertige Hyalurons\u00e4ure-Substanz wird in das Kinn injiziert und verleiht dem Kinn F\u00fclle.<\/p>\n<p><img loading=\"lazy\" decoding=\"async\" class=\"alignnone size-full wp-image-692\" src=\"http:\/\/drtubaerdogan.com\/wp-content\/uploads\/2024\/10\/cene-dolgusu-hyaluronik-asit-dolgulari-44760-5263828241.jpg\" alt=\"\" width=\"850\" height=\"500\" srcset=\"https:\/\/drtubaerdogan.com\/wp-content\/uploads\/2024\/10\/cene-dolgusu-hyaluronik-asit-dolgulari-44760-5263828241.jpg 850w, https:\/\/drtubaerdogan.com\/wp-content\/uploads\/2024\/10\/cene-dolgusu-hyaluronik-asit-dolgulari-44760-5263828241-300x176.jpg 300w, https:\/\/drtubaerdogan.com\/wp-content\/uploads\/2024\/10\/cene-dolgusu-hyaluronik-asit-dolgulari-44760-5263828241-768x452.jpg 768w\" sizes=\"(max-width: 850px) 100vw, 850px\" \/><\/p>\n<p>Es werden fertige Hyalurons\u00e4uref\u00fcller f\u00fcr Gesichts- und Wangenf\u00fcller verwendet.<\/p>\n<h2>Zweck der Anwendung<\/h2>\n<ul>\n<li>Volumenauff\u00fcllung der Kinnspitze,<\/li>\n<li>Versch\u00e4rfung der Kinnwinkel,<\/li>\n<\/ul>\n<p>F\u00fcr detaillierte Informationen \u00fcber die Anwendung von Fillern empfehle ich Ihnen, meine Seite \u00fcber Gesichts- und Wangenf\u00fcllungen zu lesen.<\/p>\n<p>Bagdat Caddesi, f\u00fcr Ihre Anfragen: +90(530) 390 62 23, info@drtubaerdogan.com[\/vc_column_text][\/vc_column][\/vc_row]<\/p>\n<\/div>","protected":false},"excerpt":{"rendered":"<p>[vc_row pix_particles_check=&#8220;&#8220; el_class=&#8220;page-services&#8220;][vc_column][vc_column_text] Kinnf\u00fcller, Hyalurons\u00e4ure-F\u00fcllstoffe Die fertige Hyalurons\u00e4ure-Substanz wird in das Kinn injiziert und verleiht dem Kinn F\u00fclle. Es werden fertige Hyalurons\u00e4uref\u00fcller f\u00fcr Gesichts- und Wangenf\u00fcller verwendet. Zweck der Anwendung Volumenauff\u00fcllung der Kinnspitze, Versch\u00e4rfung der Kinnwinkel, F\u00fcr detaillierte Informationen \u00fcber&#8230;<\/p>\n","protected":false},"author":1,"featured_media":0,"parent":2709,"menu_order":0,"comment_status":"closed","ping_status":"closed","template":"templates\/template-right-sidebar.php","meta":{"footnotes":""},"class_list":["post-2781","page","type-page","status-publish","hentry"],"_links":{"self":[{"href":"https:\/\/drtubaerdogan.com\/de\/wp-json\/wp\/v2\/pages\/2781"}],"collection":[{"href":"https:\/\/drtubaerdogan.com\/de\/wp-json\/wp\/v2\/pages"}],"about":[{"href":"https:\/\/drtubaerdogan.com\/de\/wp-json\/wp\/v2\/types\/page"}],"author":[{"embeddable":true,"href":"https:\/\/drtubaerdogan.com\/de\/wp-json\/wp\/v2\/users\/1"}],"replies":[{"embeddable":true,"href":"https:\/\/drtubaerdogan.com\/de\/wp-json\/wp\/v2\/comments?post=2781"}],"version-history":[{"count":1,"href":"https:\/\/drtubaerdogan.com\/de\/wp-json\/wp\/v2\/pages\/2781\/revisions"}],"predecessor-version":[{"id":2792,"href":"https:\/\/drtubaerdogan.com\/de\/wp-json\/wp\/v2\/pages\/2781\/revisions\/2792"}],"up":[{"embeddable":true,"href":"https:\/\/drtubaerdogan.com\/de\/wp-json\/wp\/v2\/pages\/2709"}],"wp:attachment":[{"href":"https:\/\/drtubaerdogan.com\/de\/wp-json\/wp\/v2\/media?parent=2781"}],"curies":[{"name":"wp","href":"https:\/\/api.w.org\/{rel}","templated":true}]}}