{"id":2780,"date":"2024-10-22T22:02:33","date_gmt":"2024-10-22T19:02:33","guid":{"rendered":"http:\/\/drtubaerdogan.com\/ameliyatsiz-estetik\/goz-alti-morluk-tedavisi\/"},"modified":"2024-11-04T20:25:18","modified_gmt":"2024-11-04T17:25:18","slug":"goz-alti-morluk-tedavisi","status":"publish","type":"page","link":"https:\/\/drtubaerdogan.com\/de\/nicht-chirurgische-asthetik\/behandlung-von-blutergussen-unter-den-augen\/","title":{"rendered":"Behandlung von Bluterg\u00fcssen unter den Augen"},"content":{"rendered":"<div class=\"wpb-content-wrapper\"><p>[vc_row pix_particles_check=&#8220;&#8220; el_class=&#8220;page-services&#8220;][vc_column][vc_column_text]<\/p>\n<h1>Behandlung von Bluterg\u00fcssen unter den Augen<\/h1>\n<p>Probleme unter den Augen sind bei vielen Menschen auf der ganzen Welt zu beobachten. Unregelm\u00e4\u00dfiger Schlaf, alkoholische Getr\u00e4nke und allergische Reaktionen l\u00f6sen die Bildung von blauen Flecken und Tr\u00e4nens\u00e4cken aus.<\/p>\n<p><img loading=\"lazy\" decoding=\"async\" class=\"alignnone size-full wp-image-691\" src=\"http:\/\/drtubaerdogan.com\/wp-content\/uploads\/2024\/10\/goz-alti-morluk-tedavisi-44760-5194853588.jpg\" alt=\"\" width=\"850\" height=\"500\" srcset=\"https:\/\/drtubaerdogan.com\/wp-content\/uploads\/2024\/10\/goz-alti-morluk-tedavisi-44760-5194853588.jpg 850w, https:\/\/drtubaerdogan.com\/wp-content\/uploads\/2024\/10\/goz-alti-morluk-tedavisi-44760-5194853588-300x176.jpg 300w, https:\/\/drtubaerdogan.com\/wp-content\/uploads\/2024\/10\/goz-alti-morluk-tedavisi-44760-5194853588-768x452.jpg 768w\" sizes=\"(max-width: 850px) 100vw, 850px\" \/><\/p>\n<p>Der empfindlichste Bereich unseres Gesichts mit d\u00fcnner Haut ist <strong>die Augenpartie<\/strong>. Es ist der Bereich, der zu Bluterg\u00fcssen, Tr\u00e4nens\u00e4cken und Schwellungen neigt und wo sich Gr\u00fcbchen bilden. Der Spezialf\u00fcller f\u00fcr diesen Bereich ist Redensity 2 Under Eye Light Filler.<\/p>\n<p>Dieser Light Filler wurde f\u00fcr die Augenpartie entwickelt und hergestellt&#8230;<\/p>\n<p>Er spendet der Haut um die Augen herum Feuchtigkeit und erh\u00f6ht das Volumen der Haut. Er hilft, den Bereich zu reparieren, auf den er aufgetragen wird. F\u00fcllt die Vertiefungen in diesem Bereich auf. Es repariert Falten.<\/p>\n<p>Tr\u00e4nens\u00e4cke im unteren Augenlid werden mit diesem Filler erfolgreich behandelt. Die blauen Flecken unter den Augen gehen deutlich zur\u00fcck.<\/p>\n<p>Wie andere Wangen- und Lippenfiller enth\u00e4lt er Hyalurons\u00e4ure. Die Formel von Teosyal Light Filler unterscheidet sich vom Hyalurons\u00e4uregehalt anderer Filler. Es handelt sich um eine spezielle Herstellung. Er enth\u00e4lt auch Proteine, Aminos\u00e4uren, Antioxidantien und Vitamine. Es ist erfolgreich bei der Rekonstruktion der Augenkontur f\u00fcr eine lange Zeit.<\/p>\n<p>Nach der Anwendung k\u00f6nnen Sie das Ergebnis im Spiegel sehen. Sie werden nach 7-10 Tagen besser aussehen.<\/p>\n<p>Nach der Anwendung k\u00f6nnen Sie die Wirkung 1-1,5 Jahre lang sehen.<\/p>\n<p>F\u00fcr einen Termin und Fragen zu Augens\u00e4cken, blauen Flecken, Gr\u00fcbchen unter den Augen usw., die Probleme mit der Augenkontur betreffen:<\/p>\n<p>Istanbul Bagdat Street Untersuchung: +90(530) 390 62 23<\/p>\n<p>Ich empfehle Ihnen, meinen Blogbeitrag \u201eAbschied von den Tr\u00e4nens\u00e4cken mit Light Filling\u201c aus meinen Blogbeitr\u00e4gen zu lesen.[\/vc_column_text][\/vc_column][\/vc_row]<\/p>\n<\/div>","protected":false},"excerpt":{"rendered":"<p>[vc_row pix_particles_check=&#8220;&#8220; el_class=&#8220;page-services&#8220;][vc_column][vc_column_text] Behandlung von Bluterg\u00fcssen unter den Augen Probleme unter den Augen sind bei vielen Menschen auf der ganzen Welt zu beobachten. Unregelm\u00e4\u00dfiger Schlaf, alkoholische Getr\u00e4nke und allergische Reaktionen l\u00f6sen die Bildung von blauen Flecken und Tr\u00e4nens\u00e4cken aus. Der&#8230;<\/p>\n","protected":false},"author":1,"featured_media":0,"parent":2709,"menu_order":0,"comment_status":"closed","ping_status":"closed","template":"templates\/template-right-sidebar.php","meta":{"footnotes":""},"class_list":["post-2780","page","type-page","status-publish","hentry"],"_links":{"self":[{"href":"https:\/\/drtubaerdogan.com\/de\/wp-json\/wp\/v2\/pages\/2780"}],"collection":[{"href":"https:\/\/drtubaerdogan.com\/de\/wp-json\/wp\/v2\/pages"}],"about":[{"href":"https:\/\/drtubaerdogan.com\/de\/wp-json\/wp\/v2\/types\/page"}],"author":[{"embeddable":true,"href":"https:\/\/drtubaerdogan.com\/de\/wp-json\/wp\/v2\/users\/1"}],"replies":[{"embeddable":true,"href":"https:\/\/drtubaerdogan.com\/de\/wp-json\/wp\/v2\/comments?post=2780"}],"version-history":[{"count":1,"href":"https:\/\/drtubaerdogan.com\/de\/wp-json\/wp\/v2\/pages\/2780\/revisions"}],"predecessor-version":[{"id":2791,"href":"https:\/\/drtubaerdogan.com\/de\/wp-json\/wp\/v2\/pages\/2780\/revisions\/2791"}],"up":[{"embeddable":true,"href":"https:\/\/drtubaerdogan.com\/de\/wp-json\/wp\/v2\/pages\/2709"}],"wp:attachment":[{"href":"https:\/\/drtubaerdogan.com\/de\/wp-json\/wp\/v2\/media?parent=2780"}],"curies":[{"name":"wp","href":"https:\/\/api.w.org\/{rel}","templated":true}]}}