{"id":2732,"date":"2024-10-22T21:50:25","date_gmt":"2024-10-22T18:50:25","guid":{"rendered":"http:\/\/drtubaerdogan.com\/estetik-ameliyatlar\/elmacik-kemigi-ameliyati\/"},"modified":"2024-11-04T20:18:03","modified_gmt":"2024-11-04T17:18:03","slug":"elmacik-kemigi-ameliyati","status":"publish","type":"page","link":"https:\/\/drtubaerdogan.com\/de\/asthetische-operationen\/wangenknochen-asthetik\/","title":{"rendered":"Wangenknochen \u00c4sthetik"},"content":{"rendered":"<div class=\"wpb-content-wrapper\"><p>[vc_row pix_particles_check=&#8220;&#8220; el_class=&#8220;page-services&#8220;][vc_column][vc_column_text]<\/p>\n<h1>Wangenknochen-\u00c4sthetik, Wangenknochen-Chirurgie<\/h1>\n<p>Plastische Chirurgen f\u00fchren Jochbeinoperationen, \u00e4sthetische Oberkieferoperationen und \u00e4sthetische Unterkieferoperationen im Zusammenhang mit der Kinn\u00e4sthetik im Gesichtsbereich durch.<\/p>\n<p><img loading=\"lazy\" decoding=\"async\" class=\"alignnone size-full wp-image-577\" src=\"http:\/\/drtubaerdogan.com\/wp-content\/uploads\/2024\/10\/elmacik-kemigi-estetigi-elmacik-kemigi-ameliyati-44760-5281105671.jpg\" alt=\"\" width=\"850\" height=\"500\" srcset=\"https:\/\/drtubaerdogan.com\/wp-content\/uploads\/2024\/10\/elmacik-kemigi-estetigi-elmacik-kemigi-ameliyati-44760-5281105671.jpg 850w, https:\/\/drtubaerdogan.com\/wp-content\/uploads\/2024\/10\/elmacik-kemigi-estetigi-elmacik-kemigi-ameliyati-44760-5281105671-300x176.jpg 300w, https:\/\/drtubaerdogan.com\/wp-content\/uploads\/2024\/10\/elmacik-kemigi-estetigi-elmacik-kemigi-ameliyati-44760-5281105671-768x452.jpg 768w\" sizes=\"(max-width: 850px) 100vw, 850px\" \/><\/p>\n<p>Bei der Wangenknochenchirurgie werden Implantate in die Wangen eingesetzt.<\/p>\n<h2>Sie verleihen dem Gesicht und den Wangen Sch\u00f6nheit.<\/h2>\n<p>Diese Implantate <strong>sind mit dem K\u00f6rper kompatibel<\/strong>. Sie werden nicht als Fremdk\u00f6rper wahrgenommen.<\/p>\n<p>Nachdem die Prothesen im Gesichtsbereich auf die Wangen gesetzt wurden, erhalten die Wangen F\u00fclle. Es entsteht eine Vorw\u00f6lbung der Wangenknochen nach au\u00dfen.<\/p>\n<p>Die Operation dauert etwa 1 Stunde und wird unter Vollnarkose durchgef\u00fchrt.<\/p>\n<p>Nach der Operation kann es zu leichten Schmerzen im Heilungsbereich kommen. Es werden schmerzstillende Mittel eingesetzt.<\/p>\n<p>In den ersten Tagen kann es zu Bluterg\u00fcssen und Schwellungen kommen. Damit die blauen Flecken schnell abheilen, kann der Kopf in den ersten Tagen hochgelagert werden. Es k\u00f6nnen kalte Kompressen angelegt werden. Die Genesung tritt nach 7-10 Tagen ein.<\/p>\n<p>Wir erwarten Sie zur Besichtigung in der Istanbuler Bagdat Street. F\u00fcr Ihre Fragen: +90(530) 390 62 23[\/vc_column_text][\/vc_column][\/vc_row]<\/p>\n<\/div>","protected":false},"excerpt":{"rendered":"<p>[vc_row pix_particles_check=&#8220;&#8220; el_class=&#8220;page-services&#8220;][vc_column][vc_column_text] Wangenknochen-\u00c4sthetik, Wangenknochen-Chirurgie Plastische Chirurgen f\u00fchren Jochbeinoperationen, \u00e4sthetische Oberkieferoperationen und \u00e4sthetische Unterkieferoperationen im Zusammenhang mit der Kinn\u00e4sthetik im Gesichtsbereich durch. Bei der Wangenknochenchirurgie werden Implantate in die Wangen eingesetzt. Sie verleihen dem Gesicht und den Wangen Sch\u00f6nheit. Diese&#8230;<\/p>\n","protected":false},"author":1,"featured_media":0,"parent":2708,"menu_order":0,"comment_status":"closed","ping_status":"closed","template":"templates\/template-right-sidebar.php","meta":{"footnotes":""},"class_list":["post-2732","page","type-page","status-publish","hentry"],"_links":{"self":[{"href":"https:\/\/drtubaerdogan.com\/de\/wp-json\/wp\/v2\/pages\/2732"}],"collection":[{"href":"https:\/\/drtubaerdogan.com\/de\/wp-json\/wp\/v2\/pages"}],"about":[{"href":"https:\/\/drtubaerdogan.com\/de\/wp-json\/wp\/v2\/types\/page"}],"author":[{"embeddable":true,"href":"https:\/\/drtubaerdogan.com\/de\/wp-json\/wp\/v2\/users\/1"}],"replies":[{"embeddable":true,"href":"https:\/\/drtubaerdogan.com\/de\/wp-json\/wp\/v2\/comments?post=2732"}],"version-history":[{"count":2,"href":"https:\/\/drtubaerdogan.com\/de\/wp-json\/wp\/v2\/pages\/2732\/revisions"}],"predecessor-version":[{"id":2774,"href":"https:\/\/drtubaerdogan.com\/de\/wp-json\/wp\/v2\/pages\/2732\/revisions\/2774"}],"up":[{"embeddable":true,"href":"https:\/\/drtubaerdogan.com\/de\/wp-json\/wp\/v2\/pages\/2708"}],"wp:attachment":[{"href":"https:\/\/drtubaerdogan.com\/de\/wp-json\/wp\/v2\/media?parent=2732"}],"curies":[{"name":"wp","href":"https:\/\/api.w.org\/{rel}","templated":true}]}}