{"id":2731,"date":"2024-10-22T21:49:37","date_gmt":"2024-10-22T18:49:37","guid":{"rendered":"http:\/\/drtubaerdogan.com\/estetik-ameliyatlar\/cene-estetigi-ameliyatlari\/"},"modified":"2024-11-04T20:17:43","modified_gmt":"2024-11-04T17:17:43","slug":"cene-estetigi-ameliyatlari","status":"publish","type":"page","link":"https:\/\/drtubaerdogan.com\/de\/asthetische-operationen\/asthetische-operationen-am-kinn\/","title":{"rendered":"\u00c4sthetische Operationen am Kinn"},"content":{"rendered":"<div class=\"wpb-content-wrapper\"><p>[vc_row pix_particles_check=&#8220;&#8220; el_class=&#8220;page-services&#8220;][vc_column][vc_column_text]<\/p>\n<h1>\u00c4sthetische Operationen am Kinn<\/h1>\n<p>Plastische Chirurgen f\u00fchren \u00e4sthetische Unterkiefer- oder Oberkieferoperationen, Wangenknochenoperationen und Kinn\u00e4sthetik durch.<\/p>\n<p><img loading=\"lazy\" decoding=\"async\" class=\"alignnone size-full wp-image-576\" src=\"http:\/\/drtubaerdogan.com\/wp-content\/uploads\/2024\/10\/cene-estetigi-ameliyatlari-44760-5278611574.jpg\" alt=\"\" width=\"850\" height=\"500\" srcset=\"https:\/\/drtubaerdogan.com\/wp-content\/uploads\/2024\/10\/cene-estetigi-ameliyatlari-44760-5278611574.jpg 850w, https:\/\/drtubaerdogan.com\/wp-content\/uploads\/2024\/10\/cene-estetigi-ameliyatlari-44760-5278611574-300x176.jpg 300w, https:\/\/drtubaerdogan.com\/wp-content\/uploads\/2024\/10\/cene-estetigi-ameliyatlari-44760-5278611574-768x452.jpg 768w\" sizes=\"(max-width: 850px) 100vw, 850px\" \/><\/p>\n<p>Im Gesichtsbereich ist das Kinn im Seitenprofil und in der Gegenansicht des Gesichts sehr wirkungsvoll. Ob die Kinnpartie gro\u00df oder klein ist, beeinflusst die \u00e4sthetische Sch\u00f6nheit des Gesichts.<\/p>\n<p>Die<strong>Kinn\u00e4sthetik<\/strong> wird durchgef\u00fchrt, um die Integrit\u00e4t und Proportionen des Kinns mit dem Gesicht zu regulieren.<\/p>\n<p>Mit der \u00e4sthetischen Chirurgie kann das Kinn vergr\u00f6\u00dfert oder verkleinert werden. Die Kieferknochen werden nach vorne oder nach hinten verlagert.<\/p>\n<p>Wenn die Knochenentwicklung im Ober- und Unterkiefer unzureichend ist, entsteht ein unvollst\u00e4ndiges Erscheinungsbild im Gesichtsbereich. Diese Defizite werden von plastischen Chirurgen mit plastischer Chirurgie korrigiert. Bei unzureichender Knochenentwicklung entsteht ein unvollst\u00e4ndiges Erscheinungsbild im Gesicht. Wenn die Knochenentwicklung unzureichend ist, k\u00f6nnen Defizite durch plastische Chirurgie korrigiert werden.<\/p>\n<p><strong>Unter- und Oberkiefer \u00c4sthetik<\/strong>, Unvertr\u00e4glichkeiten im Unter- und Oberkiefer k\u00f6nnen durch verschiedene Operationen korrigiert werden. Im Allgemeinen ist der Kiefer in seiner Entwicklung verz\u00f6gert. Sowohl der Unterkieferknochen als auch die Wangenknochen weisen Entwicklungsdefizite auf. In diesem Fall wird der Einsatz von dauerhaften Prothesen empfohlen. Mit anderen Worten: Prothesen werden eingesetzt, um der Kieferspitze, dem Kieferaussehen und der \u00c4sthetik eine sch\u00f6ne Form zu geben. Bei diesen Operationen, die durch den Mund durchgef\u00fchrt werden, wird die Knochenstruktur mit Hilfe von Prothesen korrigiert.<\/p>\n<p>Die Prothesen, die zur Korrektur von Knochendefekten verwendet werden, sind mit dem K\u00f6rper kompatibel. Diese Implantate bestehen aus Substanzen, die im K\u00f6rper nicht reagieren. Es handelt sich um Prothesen, die ihre Zuverl\u00e4ssigkeit unter Beweis gestellt haben. Bei der Nahrungsaufnahme beeintr\u00e4chtigen sie nicht die Nahrungsaufnahme.<\/p>\n<h2>Kinn\u00e4sthetik mit Fettinjektion<\/h2>\n<p>Manchmal wird die \u00c4sthetik auch dadurch erreicht, dass das aus dem Bauchbereich entnommene Fett nach einem bestimmten Verfahren auf die Kinnpartie aufgetragen wird.<\/p>\n<h3>Kinnspitzen-\u00c4sthetik<\/h3>\n<p>Die Probleme der Menschen werden mit Implantaten gel\u00f6st, die an der Kinnspitze eingesetzt werden. Manchmal werden auch Feilungsoperationen durchgef\u00fchrt. Der Heilungsprozess ist bei dieser Anwendung schnell. Komplikationen sind sehr selten. Der Heilungsprozess ist schnell.<\/p>\n<p>Der Eingriff wird unter \u00f6rtlicher Bet\u00e4ubung oder Vollnarkose durchgef\u00fchrt.<\/p>\n<h3>Kinn\u00e4sthetik &#8211; Heilungsprozess<\/h3>\n<ul>\n<li>Der Eingriff wird unter Vollnarkose durchgef\u00fchrt und die Genesungszeit betr\u00e4gt durchschnittlich eine Woche.<\/li>\n<li>Nach der Operation bleibt keine Narbe zur\u00fcck.<\/li>\n<li>Da es sich um eine Operation handelt, kann es 1 Woche lang zu Schwellungen um das Kinn und im Kinnbereich kommen.<\/li>\n<li>Ihre Mundpflege w\u00e4hrend des Heilungsprozesses und Ihre postoperativen Kontrollen werden ebenfalls erkl\u00e4rt.<\/li>\n<li>Wenn Sie nach dem Heilungsprozess Ihr Kinn im Spiegel betrachten, werden Sie ein sch\u00f6nes Aussehen haben.<\/li>\n<\/ul>\n<p>[\/vc_column_text][\/vc_column][\/vc_row]<\/p>\n<\/div>","protected":false},"excerpt":{"rendered":"<p>[vc_row pix_particles_check=&#8220;&#8220; el_class=&#8220;page-services&#8220;][vc_column][vc_column_text] \u00c4sthetische Operationen am Kinn Plastische Chirurgen f\u00fchren \u00e4sthetische Unterkiefer- oder Oberkieferoperationen, Wangenknochenoperationen und Kinn\u00e4sthetik durch. Im Gesichtsbereich ist das Kinn im Seitenprofil und in der Gegenansicht des Gesichts sehr wirkungsvoll. Ob die Kinnpartie gro\u00df oder klein ist,&#8230;<\/p>\n","protected":false},"author":1,"featured_media":0,"parent":2708,"menu_order":0,"comment_status":"closed","ping_status":"closed","template":"templates\/template-right-sidebar.php","meta":{"footnotes":""},"class_list":["post-2731","page","type-page","status-publish","hentry"],"_links":{"self":[{"href":"https:\/\/drtubaerdogan.com\/de\/wp-json\/wp\/v2\/pages\/2731"}],"collection":[{"href":"https:\/\/drtubaerdogan.com\/de\/wp-json\/wp\/v2\/pages"}],"about":[{"href":"https:\/\/drtubaerdogan.com\/de\/wp-json\/wp\/v2\/types\/page"}],"author":[{"embeddable":true,"href":"https:\/\/drtubaerdogan.com\/de\/wp-json\/wp\/v2\/users\/1"}],"replies":[{"embeddable":true,"href":"https:\/\/drtubaerdogan.com\/de\/wp-json\/wp\/v2\/comments?post=2731"}],"version-history":[{"count":2,"href":"https:\/\/drtubaerdogan.com\/de\/wp-json\/wp\/v2\/pages\/2731\/revisions"}],"predecessor-version":[{"id":2772,"href":"https:\/\/drtubaerdogan.com\/de\/wp-json\/wp\/v2\/pages\/2731\/revisions\/2772"}],"up":[{"embeddable":true,"href":"https:\/\/drtubaerdogan.com\/de\/wp-json\/wp\/v2\/pages\/2708"}],"wp:attachment":[{"href":"https:\/\/drtubaerdogan.com\/de\/wp-json\/wp\/v2\/media?parent=2731"}],"curies":[{"name":"wp","href":"https:\/\/api.w.org\/{rel}","templated":true}]}}