{"id":2730,"date":"2024-10-22T21:48:57","date_gmt":"2024-10-22T18:48:57","guid":{"rendered":"http:\/\/drtubaerdogan.com\/estetik-ameliyatlar\/yuz-ve-boyun-germe-ameliyati\/"},"modified":"2024-11-04T20:17:35","modified_gmt":"2024-11-04T17:17:35","slug":"yuz-ve-boyun-germe-ameliyati","status":"publish","type":"page","link":"https:\/\/drtubaerdogan.com\/de\/asthetische-operationen\/chirurgie-zur-gesichts-und-halsstraffung\/","title":{"rendered":"Chirurgie zur Gesichts und Halsstraffung"},"content":{"rendered":"<div class=\"wpb-content-wrapper\"><p>[vc_row pix_particles_check=&#8220;&#8220; el_class=&#8220;page-services&#8220;][vc_column][vc_column_text]<\/p>\n<h1>Chirurgie zur Gesichts- und Halsstraffung, \u00c4sthetik der Wangen<\/h1>\n<p>Operationen zur Halsstraffung und zur Gesichtsstraffung werden durchgef\u00fchrt, um Probleme im Gesichts- und Halsbereich zu l\u00f6sen. Wenn nur Fett am Doppelkinn vorhanden ist, wird eine Doppelkinn-\u00c4sthetik durchgef\u00fchrt.<\/p>\n<p><img loading=\"lazy\" decoding=\"async\" class=\"alignnone size-full wp-image-575\" src=\"http:\/\/drtubaerdogan.com\/wp-content\/uploads\/2024\/10\/yuz-ve-boyun-germe-ameliyati-gidi-estetigi-44760-5274989583.jpg\" alt=\"\" width=\"850\" height=\"500\" srcset=\"https:\/\/drtubaerdogan.com\/wp-content\/uploads\/2024\/10\/yuz-ve-boyun-germe-ameliyati-gidi-estetigi-44760-5274989583.jpg 850w, https:\/\/drtubaerdogan.com\/wp-content\/uploads\/2024\/10\/yuz-ve-boyun-germe-ameliyati-gidi-estetigi-44760-5274989583-300x176.jpg 300w, https:\/\/drtubaerdogan.com\/wp-content\/uploads\/2024\/10\/yuz-ve-boyun-germe-ameliyati-gidi-estetigi-44760-5274989583-768x452.jpg 768w\" sizes=\"(max-width: 850px) 100vw, 850px\" \/><\/p>\n<p>Im Laufe der Zeit kommt es zur Erschlaffung und Lockerung des Weichteilgewebes im Gesicht und am Hals sowie zum Verlust von Unterhautfettgewebe. Obwohl diese Probleme in der Anfangsphase mit Fillern oder Fettinjektionen gemildert werden k\u00f6nnen, ist die dauerhafte L\u00f6sung eine chirurgische Gesichts- und Halsstraffung. Erschlaffung, Falten, Probleme im Gesichts- und Halsbereich werden mit einem chirurgischen Eingriff unter OP-Bedingungen korrigiert.<\/p>\n<p>Ziel dieser Operationen ist es, loses und schlaffes Gewebe zu entfernen und das St\u00fctzgewebe von Gesicht und Hals zu st\u00e4rken. Sie kann nur f\u00fcr das Mittelgesicht durchgef\u00fchrt werden, oder sie kann separat f\u00fcr die Kinnkontur, die Stirn oder den Hals geplant werden. Das Binde- und Muskelgewebe wird gedehnt. Falls erforderlich, kann zus\u00e4tzlich eine Fettabsaugung durchgef\u00fchrt werden.<\/p>\n<p><strong>Operationen zur Gesichts- und Halsstraffung werden unter Vollnarkose und unter Krankenhausbedingungen durchgef\u00fchrt.<\/strong> Es ist ein Krankenhausaufenthalt von einer Nacht erforderlich. Nach durchschnittlich 7-10 Tagen k\u00f6nnen Sie Ihr normales Leben wieder aufnehmen.<\/p>\n<p>Mini, Medium und Full Face Lift Operationen werden durchgef\u00fchrt, um all diese Beschwerden im Gesicht zu korrigieren. Um herauszufinden, welcher Eingriff f\u00fcr Sie in Frage kommt, lade ich Sie zu einer Untersuchung ein.<\/p>\n<h2>Wie wird eine Facelift-Operation durchgef\u00fchrt?<\/h2>\n<p>Es wird ein chirurgischer Eingriff durchgef\u00fchrt. Da es sich um einen chirurgischen Eingriff handelt, wird ein Einschnitt vorgenommen. Die Schnittnarben sind nicht sichtbar. Bei einer Facelift-Operation sieht niemand von au\u00dfen eine Schnittf\u00fchrung. Anstatt im Internet detaillierte Beschreibungen zu lesen, wie die Anwendung durchgef\u00fchrt wird, empfehlen wir Ihnen, sich untersuchen zu lassen, um sich gegenseitig zu informieren.<\/p>\n<p>Facelifting-Operationen werden in einer Krankenhausumgebung unter Vollnarkose durchgef\u00fchrt. Die Verj\u00fcngung des Gesichts wird durch die Entfernung \u00fcbersch\u00fcssiger Haut und die St\u00e4rkung des St\u00fctzgewebes im Gesichtsbereich erreicht.<\/p>\n<h3>Welche Bereiche werden vor einer Facelift-Operation untersucht?<\/h3>\n<ul>\n<li>Beseitigung von Falten und Erschlaffung in und um die Wangen,<\/li>\n<li>Beseitigung von Falten, Fettablagerungen und Erschlaffung im Halsbereich,<\/li>\n<li>Beseitigung von Problemen, die an den Augenlidern auftreten,<\/li>\n<li>Beseitigung von Gesichtseinbr\u00fcchen, Deformierungen<\/li>\n<\/ul>\n<h3>Kann die Halsoperation in der gleichen Sitzung wie das Facelifting durchgef\u00fchrt werden?<\/h3>\n<p>Alterung, Erschlaffung und Faltenbildung im Hals- und Gesichtsbereich verlaufen parallel zueinander. Es ist m\u00f6glich, die Verj\u00fcngung von Gesicht und Hals in der gleichen Operation durchzuf\u00fchren. Falls erforderlich, wird auch eine Laser-Liposuktion durchgef\u00fchrt.<\/p>\n<h3>Halslifting-Chirurgie<\/h3>\n<p>\u00c4sthetische Operationen, bei denen durch einen chirurgischen Eingriff optische Defekte, Fettablagerungen, Erschlaffungen und Falten im Halsbereich korrigiert werden, nennt man \u201e<strong>Halslifting-Operation<\/strong>\u201c.<\/p>\n<p>Nach einer Halsstraffungsoperation ist eine Woche Ruhe f\u00fcr den Heilungsprozess ausreichend. Die Operation wird unter Vollnarkose durchgef\u00fchrt.<\/p>\n<p>F\u00fcr eine gewisse Zeit wird im Halsbereich ein spezielles Halskorsett angelegt. Die Dauer des Korsetts wird von Ihrem Arzt festgelegt.<\/p>\n<h3>Jochbein-\u00c4sthetik<\/h3>\n<p>Fettansammlungen im Halsbereich, das so genannte Doppelkinn, k\u00f6nnen mit einem Laserger\u00e4t ohne gro\u00dfen chirurgischen Schnitt entfernt werden. Mit der Slim-Lipo oder Vaser-Lipo-Technologie k\u00f6nnen diese Fettablagerungen beseitigt werden.<\/p>\n<p>Bei jungen Patienten wird zur Entfernung der Wangen die Laserlipolyse-Methode angewendet.<\/p>\n<p>Besteht nur das Problem der Fettspeicherung am Hals, ist eine Fettentfernung ausreichend. Der Eingriff wird unter lokaler An\u00e4sthesie im Operationssaal durchgef\u00fchrt.<\/p>\n<p>F\u00fcr eine Untersuchung in Istanbul Bagdat Stra\u00dfe: +90(530) 390 62 23[\/vc_column_text][\/vc_column][\/vc_row]<\/p>\n<\/div>","protected":false},"excerpt":{"rendered":"<p>[vc_row pix_particles_check=&#8220;&#8220; el_class=&#8220;page-services&#8220;][vc_column][vc_column_text] Chirurgie zur Gesichts- und Halsstraffung, \u00c4sthetik der Wangen Operationen zur Halsstraffung und zur Gesichtsstraffung werden durchgef\u00fchrt, um Probleme im Gesichts- und Halsbereich zu l\u00f6sen. Wenn nur Fett am Doppelkinn vorhanden ist, wird eine Doppelkinn-\u00c4sthetik durchgef\u00fchrt. Im Laufe&#8230;<\/p>\n","protected":false},"author":1,"featured_media":0,"parent":2708,"menu_order":0,"comment_status":"closed","ping_status":"closed","template":"templates\/template-right-sidebar.php","meta":{"footnotes":""},"class_list":["post-2730","page","type-page","status-publish","hentry"],"_links":{"self":[{"href":"https:\/\/drtubaerdogan.com\/de\/wp-json\/wp\/v2\/pages\/2730"}],"collection":[{"href":"https:\/\/drtubaerdogan.com\/de\/wp-json\/wp\/v2\/pages"}],"about":[{"href":"https:\/\/drtubaerdogan.com\/de\/wp-json\/wp\/v2\/types\/page"}],"author":[{"embeddable":true,"href":"https:\/\/drtubaerdogan.com\/de\/wp-json\/wp\/v2\/users\/1"}],"replies":[{"embeddable":true,"href":"https:\/\/drtubaerdogan.com\/de\/wp-json\/wp\/v2\/comments?post=2730"}],"version-history":[{"count":2,"href":"https:\/\/drtubaerdogan.com\/de\/wp-json\/wp\/v2\/pages\/2730\/revisions"}],"predecessor-version":[{"id":2770,"href":"https:\/\/drtubaerdogan.com\/de\/wp-json\/wp\/v2\/pages\/2730\/revisions\/2770"}],"up":[{"embeddable":true,"href":"https:\/\/drtubaerdogan.com\/de\/wp-json\/wp\/v2\/pages\/2708"}],"wp:attachment":[{"href":"https:\/\/drtubaerdogan.com\/de\/wp-json\/wp\/v2\/media?parent=2730"}],"curies":[{"name":"wp","href":"https:\/\/api.w.org\/{rel}","templated":true}]}}