{"id":2727,"date":"2024-10-22T21:43:38","date_gmt":"2024-10-22T18:43:38","guid":{"rendered":"http:\/\/drtubaerdogan.com\/estetik-ameliyatlar\/burun-estetigi\/"},"modified":"2024-11-04T20:17:14","modified_gmt":"2024-11-04T17:17:14","slug":"burun-estetigi","status":"publish","type":"page","link":"https:\/\/drtubaerdogan.com\/de\/asthetische-operationen\/asthetik-der-nase\/","title":{"rendered":"\u00c4sthetik der Nase"},"content":{"rendered":"<div class=\"wpb-content-wrapper\"><p>[vc_row pix_particles_check=&#8220;&#8220; el_class=&#8220;page-services&#8220;][vc_column][vc_column_text]<\/p>\n<h1>Rhinoplastik, \u00c4sthetische Nasenchirurgie<\/h1>\n<p>Vor der Nasenkorrektur k\u00f6nnen Sie mit dem 3D-VECTRA-Bildgebungssystem die geplante Nase aus jedem Blickwinkel betrachten.<\/p>\n<p><img loading=\"lazy\" decoding=\"async\" class=\"alignnone size-full wp-image-311\" src=\"http:\/\/drtubaerdogan.com\/wp-content\/uploads\/2024\/10\/burun-estetigi-estetik-burun-ameliyati-44760-5224235764-s.jpg\" alt=\"\" width=\"768\" height=\"451\" srcset=\"https:\/\/drtubaerdogan.com\/wp-content\/uploads\/2024\/10\/burun-estetigi-estetik-burun-ameliyati-44760-5224235764-s.jpg 768w, https:\/\/drtubaerdogan.com\/wp-content\/uploads\/2024\/10\/burun-estetigi-estetik-burun-ameliyati-44760-5224235764-s-300x176.jpg 300w\" sizes=\"(max-width: 768px) 100vw, 768px\" \/><\/p>\n<p>Die \u00e4sthetische Nasenchirurgie ist einer der h\u00e4ufigsten Eingriffe der \u00e4sthetischen Chirurgie. Sie ist die am h\u00e4ufigsten durchgef\u00fchrte \u00e4sthetische Operation, insbesondere in der jungen Altersgruppe.<\/p>\n<p>Bei der \u00e4sthetischen Beurteilung der Nase sollten sowohl ihre Beziehung zum Gesicht als auch ihre Ma\u00dfe und die Ma\u00dfe in der Nase selbst betrachtet werden. H\u00f6he und L\u00e4nge, Breite, Knochen- und Knorpelstruktur, Nasenspitze und Nasenfl\u00fcgel sollten gesondert bewertet werden. Daraus ergeben sich die Ver\u00e4nderungen, die an der Nase vorgenommen werden sollen, und der Operationsplan entsteht. Wichtig dabei ist, dass die Person, die eine Operation in Erw\u00e4gung zieht, auch die Ver\u00e4nderungen an der Nase versteht. Fotostudien in Computerumgebung erleichtern diese Beurteilungen. <strong>Mit dem 3D-Vectra-Programm<\/strong> wird die Form der Nase vor der Operation in alle Richtungen dargestellt. Von der Nasenspitze, vom ganzen Gesicht, von den Nasenl\u00f6chern und vom Seitenprofil der Nase.<\/p>\n<p>Wenn es Atemprobleme gibt, sollten diese mit einer \u00e4sthetischen Nasenoperation korrigiert werden. F\u00fcr die Gesundheit ist es wichtig, dass die Luft von der Nase in die Lunge gelangt. Liegen Erkrankungen vor, die den Luftweg in der Nase blockieren (Deviation, Conchahypertrophie), k\u00f6nnen diese bei einer \u00e4sthetischen Nasenoperation korrigiert werden.<\/p>\n<p><strong>Bei Rhinoplastik-Operationen werden nat\u00fcrliche und \u00e4sthetische Formen erzielt<\/strong>. Je nach Vorliebe des Patienten. Die \u00e4sthetische oder nat\u00fcrliche Form wird durch das Anh\u00f6ren Ihrer Erwartungen in einer gemeinsamen Untersuchung bestimmt.<\/p>\n<h3>Planung der Nasenkorrektur mit dem dreidimensionalen Bildgebungssystem 3D Vectra<\/h3>\n<p>Computergest\u00fctzte Fotostudien erleichtern diese Beurteilungen.<\/p>\n<p>Dank des 3D-Vectra-Bildgebungssystems entscheiden wir gemeinsam \u00fcber Ihren postoperativen Zeitraum, indem wir vor der Operation Fotos von Ihrer Nase von der gegen\u00fcberliegenden Seite, der Nasenspitze und den Nasenl\u00f6chern machen. Sie geben an, welche Art von Nase Sie sich w\u00fcnschen. Als plastischer Chirurg lege ich die Form der Nasenkorrektur fest, die f\u00fcr Ihr Gesicht geeignet ist. In einem gemeinsamen Gespr\u00e4ch mit dem Chirurgen mache ich mir ein Bild von Ihren Erwartungen.<\/p>\n<p>Die Rhinoplastik wird unter Vollnarkose durchgef\u00fchrt. Sie bleibt eine Woche lang bandagiert. Es wird ein Gipsverband angelegt. Sie sollten den Gips zu Hause nicht anheben und anschauen. Er kann mit oder ohne Tampon getragen werden. Das volle Aussehen Ihrer Nasenform ist nach 6 Monaten erreicht. Der vollst\u00e4ndige Heilungsprozess dauert 6-12 Monate. Sie wird von plastischen Chirurgen durchgef\u00fchrt.<\/p>\n<h3>Bluterg\u00fcsse nach Rhinoplastik<\/h3>\n<p>Je nach Haut-, Knochen- und Venenstruktur der Person k\u00f6nnen Bluterg\u00fcsse auftreten. Es gibt auch Menschen, bei denen keine Bluterg\u00fcsse auftreten. Unabh\u00e4ngig davon, ob es sich um starke oder schwache Bluterg\u00fcsse handelt, verschwinden sie bei allen in der gleichen Zeit.<\/p>\n<p>Wenn Sie nach der Operation in Ihr Zimmer kommen, sollten Sie den von Ihrem Arzt empfohlenen Eisverband richtig anlegen.<\/p>\n<h3>Schmerzen und Beschwerden nach der Nasenkorrektur?<\/h3>\n<p>Nach der Operation kann die Nase in den ersten 2 Tagen verstopft sein. Es kann zwar durch die Nase geatmet werden, aber aufgrund der Verstopfung wird in den ersten 2 Tagen auch ein wenig durch den Mund geatmet. Bei der Mundatmung kommt es zu Trockenheit im Rachen. Daher kann es zu Schmerzen im Hals kommen. Es sind dieselben Halsschmerzen, die wir bei einer Erk\u00e4ltung versp\u00fcren. Andere Schmerzen gibt es nicht.<\/p>\n<h3>Verwendung von Tampons in der Nasen\u00e4sthetik<\/h3>\n<p>Die am h\u00e4ufigsten gestellte Frage ist, ob man einen Tampon verwenden soll oder nicht. Nicht jeder hat die gleichen intranasalen Probleme. Je nach den Problemen verwenden manche Menschen Tampons. Heute werden Silikontampons verwendet, die f\u00fcr die Menschen angenehm sind. Die Menschen k\u00f6nnen trotz des Tampons Luft atmen. Im Internet gibt es falsche Informationen \u00fcber den Kauf von Tampons. Ich erkl\u00e4re die Details in gegenseitiger Pr\u00fcfung.<\/p>\n<p><strong>Nasen\u00e4sthetik bei M\u00e4nnern?<\/strong><\/p>\n<p>Auch M\u00e4nnern sollte man eine nat\u00fcrliche Nasenform geben. Sie ist ein wenig anders als bei Frauen. Bei Frauen wird, je nach Wunsch, eine nat\u00fcrliche oder \u00e4sthetische Nasenform gegeben.<\/p>\n<h2>Rhinoplastik, Septorhinoplastik, Tipplastik?<\/h2>\n<p>Rhinoplastik, Septorhinoplastik, Tipplastik werden je nach Ihren Problemen durchgef\u00fchrt. Welche Operation Sie ben\u00f6tigen, wird bei Ihrer Untersuchung entschieden.<\/p>\n<p>Wichtiger als das Wissen um die Bedeutung der Operationstechniken ist es, eine erfolgreiche Operation zu haben. Bei der Untersuchung ist es wichtig, dass Sie Ihre W\u00fcnsche und Erwartungen \u00e4u\u00dfern, indem Sie gut mit mir kommunizieren. Dank des dreidimensionalen Bildgebungsprogramms werden Sie nach der Operation zufrieden sein, wenn Sie vor der Operation eine gesunde Untersuchung hatten.<\/p>\n<p>Wenn Sie mit der Nasenspitze nicht zufrieden sind, wird eine Spitzenplastik (TipPlasty) operiert. Sie wird unter lokaler An\u00e4sthesie durchgef\u00fchrt.<\/p>\n<p><em><strong>Offene Methode oder geschlossene Methode?<\/strong><\/em><\/p>\n<p>Ich bevorzuge Operationen mit der offenen Methode. Es gibt keine Unterscheidung, dass die \u201eoffene Methode\u201c besser ist, sondern ich bevorzuge die offene Methode.<\/p>\n<p><strong>Erholungsprozess nach einer \u00e4sthetischen Nasenoperation<\/strong><\/p>\n<ol>\n<li>Sie wird unter OP-Bedingungen durchgef\u00fchrt.<\/li>\n<li>Wenn Sie in Ihr Patientenzimmer kommen, befindet sich ein Gipsverband auf der Nase. Der Gips wird 7 Tage nach dem Eingriff von Ihrem Arzt f\u00fcr plastische Chirurgie entfernt.<\/li>\n<li>Gipse sind wasserbest\u00e4ndig. Pflaster und B\u00e4nder k\u00f6nnen gewaschen werden, ohne dass sie zu nass werden.<\/li>\n<li>Wir warten auf eine Untersuchung, um genaueres zu besprechen.<\/li>\n<\/ol>\n<p><strong>Erfolg der \u00c4sthetischen Chirurgie<\/strong><\/p>\n<p>Bei der Untersuchung durch den Arzt f\u00fcr plastische Chirurgie sollte man seine Erwartungen genau erl\u00e4utern. Er sollte angeben, welche Form man sich w\u00fcnscht. Bei der Fotostudie vor der Operation sollten Sie Ihre Gedanken klar zum Ausdruck bringen. Lassen Sie sich nicht von Ihren Verwandten beeinflussen, wenn Sie zur Untersuchung kommen. Teilen Sie Ihrem Arzt Ihre eigenen Erwartungen mit.<\/p>\n<h3>Vor der \u00e4sthetischen Nasenoperation?<\/h3>\n<p>Wenn Sie einen Tag nach Ihrer Untersuchung erhalten, informiere ich Sie sowohl m\u00fcndlich als auch schriftlich.<\/p>\n<p>F\u00fcr Untersuchungen, Termine und Fragen in der Ba\u011fdat Caddesi, Istanbul: +90(530) 390 62 23[\/vc_column_text][\/vc_column][\/vc_row]<\/p>\n<\/div>","protected":false},"excerpt":{"rendered":"<p>[vc_row pix_particles_check=&#8220;&#8220; el_class=&#8220;page-services&#8220;][vc_column][vc_column_text] Rhinoplastik, \u00c4sthetische Nasenchirurgie Vor der Nasenkorrektur k\u00f6nnen Sie mit dem 3D-VECTRA-Bildgebungssystem die geplante Nase aus jedem Blickwinkel betrachten. Die \u00e4sthetische Nasenchirurgie ist einer der h\u00e4ufigsten Eingriffe der \u00e4sthetischen Chirurgie. Sie ist die am h\u00e4ufigsten durchgef\u00fchrte \u00e4sthetische Operation,&#8230;<\/p>\n","protected":false},"author":1,"featured_media":0,"parent":2708,"menu_order":0,"comment_status":"closed","ping_status":"closed","template":"templates\/template-right-sidebar.php","meta":{"footnotes":""},"class_list":["post-2727","page","type-page","status-publish","hentry"],"_links":{"self":[{"href":"https:\/\/drtubaerdogan.com\/de\/wp-json\/wp\/v2\/pages\/2727"}],"collection":[{"href":"https:\/\/drtubaerdogan.com\/de\/wp-json\/wp\/v2\/pages"}],"about":[{"href":"https:\/\/drtubaerdogan.com\/de\/wp-json\/wp\/v2\/types\/page"}],"author":[{"embeddable":true,"href":"https:\/\/drtubaerdogan.com\/de\/wp-json\/wp\/v2\/users\/1"}],"replies":[{"embeddable":true,"href":"https:\/\/drtubaerdogan.com\/de\/wp-json\/wp\/v2\/comments?post=2727"}],"version-history":[{"count":2,"href":"https:\/\/drtubaerdogan.com\/de\/wp-json\/wp\/v2\/pages\/2727\/revisions"}],"predecessor-version":[{"id":2764,"href":"https:\/\/drtubaerdogan.com\/de\/wp-json\/wp\/v2\/pages\/2727\/revisions\/2764"}],"up":[{"embeddable":true,"href":"https:\/\/drtubaerdogan.com\/de\/wp-json\/wp\/v2\/pages\/2708"}],"wp:attachment":[{"href":"https:\/\/drtubaerdogan.com\/de\/wp-json\/wp\/v2\/media?parent=2727"}],"curies":[{"name":"wp","href":"https:\/\/api.w.org\/{rel}","templated":true}]}}