{"id":2719,"date":"2024-10-22T03:57:50","date_gmt":"2024-10-22T00:57:50","guid":{"rendered":"http:\/\/drtubaerdogan.com\/estetik-ameliyatlar\/gogus-buyutme-ameliyati\/"},"modified":"2024-11-11T14:35:05","modified_gmt":"2024-11-11T11:35:05","slug":"gogus-buyutme-ameliyati","status":"publish","type":"page","link":"https:\/\/drtubaerdogan.com\/de\/asthetische-operationen\/chirurgie-zur-brustvergroserung\/","title":{"rendered":"Chirurgie zur Brustvergr\u00f6\u00dferung"},"content":{"rendered":"<div class=\"wpb-content-wrapper\"><p>[vc_row pix_particles_check=&#8220;&#8220; el_class=&#8220;page-services&#8220;][vc_column][vc_column_text]<\/p>\n<h1>Chirurgie zur Brustvergr\u00f6\u00dferung<\/h1>\n<p>Ich zeige Ihnen, welche Gr\u00f6\u00dfe das Silikon haben wird, wie Ihre Brustform sein wird, wie sie in einem Bikini aussehen wird. Wir entscheiden gemeinsam \u00fcber die Gr\u00f6\u00dfe und Form.<\/p>\n<figure id=\"attachment_305\" aria-describedby=\"caption-attachment-305\" style=\"width: 768px\" class=\"wp-caption alignnone\"><img loading=\"lazy\" decoding=\"async\" class=\"wp-image-305 size-full\" src=\"http:\/\/drtubaerdogan.com\/wp-content\/uploads\/2024\/10\/gogus-buyutme-ameliyati-44760-5153949421-s.jpg\" alt=\"G\u00f6\u011f\u00fcs B\u00fcy\u00fctme Ameliyat\u0131.\" width=\"768\" height=\"451\" srcset=\"https:\/\/drtubaerdogan.com\/wp-content\/uploads\/2024\/10\/gogus-buyutme-ameliyati-44760-5153949421-s.jpg 768w, https:\/\/drtubaerdogan.com\/wp-content\/uploads\/2024\/10\/gogus-buyutme-ameliyati-44760-5153949421-s-300x176.jpg 300w\" sizes=\"(max-width: 768px) 100vw, 768px\" \/><figcaption id=\"caption-attachment-305\" class=\"wp-caption-text\">G\u00f6\u011f\u00fcs B\u00fcy\u00fctme Ameliyat\u0131.<\/figcaption><\/figure>\n<p>Brustvergr\u00f6\u00dferungsoperationen werden durchgef\u00fchrt, um die Br\u00fcste zu vergr\u00f6\u00dfern, die ein wichtiger Teil des weiblichen K\u00f6rpers sind.<br \/>\nBei einigen Frauen schrumpfen die Br\u00fcste nach einer Gewichtsabnahme. Bei manchen Frauen schrumpfen die Br\u00fcste mit dem Abgang der Br\u00fcste nach der Entbindung. Manche Frauen haben kleine Br\u00fcste, weil sich nicht gen\u00fcgend Gewebe in der Bruststruktur entwickelt hat.<\/p>\n<h2>Methoden der Brustvergr\u00f6\u00dferungschirurgie<\/h2>\n<p>Es gibt drei verschiedene Methoden.<\/p>\n<ul>\n<li>Augmentation mit Fettinjektion,<\/li>\n<li>Augmentation durch Einsetzen einer Prothese,<\/li>\n<li>Augmentation mit F\u00fcllstoffinjektion<\/li>\n<\/ul>\n<h3><strong>Brustvergr\u00f6\u00dferung mit Silikon<\/strong><\/h3>\n<p>Die wirksamste Methode bei kleinen Br\u00fcsten ist die Vergr\u00f6\u00dferung der Br\u00fcste mit Silikonprothesen. Die wirksamste Methode f\u00fcr Frauen mit kleinen oder geschrumpften Br\u00fcsten ist die Vergr\u00f6\u00dferung der Br\u00fcste durch das Einsetzen von Prothesen.<br \/>\nJe nach Alter, K\u00f6rperbau, K\u00f6rperkonturen und Brustform der Frau werden die Form und die Eigenschaften des Silikons bestimmt. Prothesen, Silikone sind Materialien, die mit dem menschlichen K\u00f6rper kompatibel sind und keine Reaktionen oder Krankheiten verursachen. Sie werden seit Jahren in der ganzen Welt sicher verwendet.<\/p>\n<p>Die am h\u00e4ufigsten gestellten Fragen bei der Untersuchung zur Brustvergr\u00f6\u00dferung: Silikonform, Achselh\u00f6hle, unter der Achselh\u00f6hle, unter dem Muskel, \u00fcber dem Muskel, rund oder tropfenf\u00f6rmig (soll das Silikon unter dem Muskel oder \u00fcber dem Muskel, rund oder tropfenf\u00f6rmig sein, soll es von der Brustwarze aus oder unter der Brust oder unter der Achselh\u00f6hle platziert werden, usw.). Detaillierte allgemeine Informationen finden Sie in dem Abschnitt, auf den Sie neugierig sind). Die Antworten auf diese Fragen, die gegenseitige Untersuchung, dank des dreidimensionalen Bildgebungssystems, entscheiden wir gemeinsam.<\/p>\n<h4><strong>Rundes Silikon oder Tropfen-Silikon?<\/strong><\/h4>\n<p>Es gibt zwei Formen von Silikon. Runde Prothesen und Tropfenprothesen. Da die Sch\u00f6nheit der Brust bei jeder Frau anders ist, wird die Form individuell bestimmt. Manche Frauen brauchen runde Prothesen, um ihren Br\u00fcsten ein \u00e4sthetisches Aussehen zu verleihen. Andere Frauen ben\u00f6tigen eine Tropfenprothese. Die Erwartungen jeder Frau sind ebenfalls unterschiedlich.<\/p>\n<h3><strong>In welchem Bereich sollten die Brustimplantate eingesetzt werden?<\/strong><\/h3>\n<h4><strong>Unter dem Muskel oder \u00fcber dem Muskel?<\/strong><\/h4>\n<p>Abgesehen von der Form fragen sich die Frauen, wenn sie sich im Internet \u00fcber die Silikonmethode informieren, ob sie unter dem Muskel oder \u00fcber dem Muskel liegen wird. Hierf\u00fcr ist eine gegenseitige Pr\u00fcfung erforderlich. Eine Person, die unter dem Muskel geeignet ist, kann nicht \u00fcber dem Muskel platziert werden. Plastische Chirurgen k\u00f6nnen entscheiden, welche Methode f\u00fcr die Bruststruktur und den Brustkorb geeignet ist.<\/p>\n<h4><strong>Unter der Brust, der Brustwarze oder der Achselh\u00f6hle?<\/strong><\/h4>\n<p>Beim Einsetzen von Implantaten in die Br\u00fcste k\u00f6nnen die Sch\u00f6nheitschirurgen nach einer Besichtigung der Person entscheiden, in welcher Region das Implantat eingesetzt werden soll. Nachdem die Bruststruktur der Frau, die Tasche, in die das Implantat eingesetzt werden soll, und die Form des Implantats als Ganzes beurteilt wurden, kann entschieden werden, in welcher Region das Implantat eingesetzt werden soll. Die Tatsache, dass eine Freundin von Ihnen f\u00fcr die Achselh\u00f6hle geeignet ist, bedeutet nicht, dass Sie auch daf\u00fcr geeignet sind. Tropfenimplantate werden nicht unter der Achselh\u00f6hle eingesetzt. F\u00fcr eine Brustvergr\u00f6\u00dferung ist eine Tropfenprothese oder eine runde Prothese geeignet. Dies muss zuerst festgestellt werden. Es ist wichtig, welcher Bereich f\u00fcr die Person geeignet ist. Dies wird durch eine gemeinsame Untersuchung festgestellt. Mit dem 3D-Vectra-Bildgebungssystem k\u00f6nnen Sie Ihre Br\u00fcste nach der Operation sehen.<\/p>\n<h4><strong>Brustvergr\u00f6\u00dferung mit Silikon-Untersuchung<\/strong><\/h4>\n<p>1- Bei der Untersuchung wird die Gr\u00f6\u00dfe der Prothese anhand Ihres Alters, Gewichts, Ihrer K\u00f6rperkonturen und der Breite des Brustkorbs bestimmt.<br \/>\n2- Je nach Breite des Brustkorbs wird entschieden, ob die Prothese an der Brustwarze, in der Achselh\u00f6hle oder unter der Brust eingesetzt wird.<br \/>\n3- Rundes Silikon oder Tropfen-Silikon, die Form der Prothese wird bestimmt.<br \/>\n4- Ob die Prothese unter dem Muskel oder \u00fcber dem Muskel platziert wird, kann bei der gemeinsamen Untersuchung bestimmt werden.<\/p>\n<h4><strong>Vor und nach der Brustvergr\u00f6\u00dferungsoperation mit Protheseneinlage<\/strong><\/h4>\n<p>Die Planung einer Brustvergr\u00f6\u00dferung ist von Person zu Person unterschiedlich. Die K\u00f6rpereigenschaften, Konturen und Ma\u00dfe sind bei jedem Menschen anders. Die Bruststruktur ist unterschiedlich. Die Versch\u00f6nerung jeder Brust ist anders.<br \/>\nBei dieser Operation werden die Br\u00fcste geplant, indem die Br\u00fcste in ihrer Gesamtheit mit dem K\u00f6rper beurteilt werden.<br \/>\nMit dem dreidimensionalen Bildgebungssystem 3D vectra entscheiden wir gemeinsam vor der Operation, wie das Ergebnis je nach Gr\u00f6\u00dfe, Form und Eigenschaften der Prothesen aussehen wird. Wenn Sie das Ergebnis Ihrer Br\u00fcste auf dem Bildschirm sehen, k\u00f6nnen Sie Ihre Erwartungen besser erkl\u00e4ren. Gemeinsam entscheiden wir \u00fcber die Gr\u00f6\u00dfe der Prothese. Ob eine runde oder tropfenf\u00f6rmige Prothese besser zu Ihrer Brust passt, planen wir gemeinsam mit Ihnen.<br \/>\nWenn Sie sich f\u00fcr die Operation entscheiden, gebe ich Ihnen schriftlich mit, was Sie vor der Operation beachten sollten. Sie wird unter Vollnarkose durchgef\u00fchrt. Die Dauer der Operation betr\u00e4gt 1,5 &#8211; 2 Stunden.<br \/>\nPostoperative Schmerzen: Schmerzmittel sind f\u00fcr Ihre Schmerzen ausreichend. Je nach Schmerzgrenze k\u00f6nnen bei manchen Menschen trotz Schmerzmittel noch Schmerzen auftreten. Diese werden innerhalb von h\u00f6chstens 2-3 Tagen abklingen. Nach der Operation wird f\u00fcr 3 Wochen ein Sport-BH getragen. Am Tag der Operation kommen Sie am Ende des Eingriffs angezogen in Ihr Zimmer. Nach der Brustvergr\u00f6\u00dferungsoperation k\u00f6nnen Ihre Br\u00fcste hart, gespannt und \u00f6demat\u00f6s sein. Dieser Zustand wird innerhalb eines Monats allm\u00e4hlich verschwinden. Nach 60 Tagen beginnen die Br\u00fcste, ihre eigentliche Form anzunehmen. Bei der Untersuchung werden Ihnen Vorher- und Nachher-Fotos gezeigt.<br \/>\nEinzelheiten zu den Methoden der Brustvergr\u00f6\u00dferung mit Silikon finden Sie in der Rubrik \u201eWas Sie sich fragen\u201c.<\/p>\n<h4><strong>Verursacht Silikon Krebs?<\/strong><\/h4>\n<p>Bei den weltweit durchgef\u00fchrten Forschungen und Untersuchungen wurde nicht festgestellt, dass Silikone, die zur Brustvergr\u00f6\u00dferung in die Br\u00fcste eingesetzt werden, Krebs verursachen.<\/p>\n<h4><strong>Wie lange ist die Lebensdauer von Silikonen?<\/strong><\/h4>\n<p>Sie muss nicht ver\u00e4ndert werden, solange es keine Probleme gibt. Ver\u00e4nderungen nach Gewichtszunahme und -verlust bei Frauen k\u00f6nnen eine neue Brustform erfordern. Diesem Wunsch entsprechend wird sie mit einer neuen Anwendung neu geformt und erh\u00e4lt ein \u00e4sthetisches Aussehen.<\/p>\n<h4><strong>Kann Silikon explodieren?<\/strong><\/h4>\n<p>Wichtig sind die Marke des verwendeten Implantats und die Herstellungsmaterialien des Materials. Es kann nicht platzen.<\/p>\n<h3><strong>Brustvergr\u00f6\u00dferung mit Fettinjektion und Stammzellen-Fettinjektion<\/strong><\/h3>\n<p>Bei dieser Methode wird Fettgewebe aus dem K\u00f6rperbereich unter das Brustgewebe injiziert. Es ist die beste alternative Methode f\u00fcr Menschen, die keine Brustvergr\u00f6\u00dferung durch Implantate w\u00fcnschen. Dabei ist es sehr wichtig, dass die Frauen die Menge an Fett haben, die in die Br\u00fcste injiziert werden soll. Im Allgemeinen verf\u00fcgen Frauen, die nicht gen\u00fcgend Gewebe in der Bruststruktur entwickeln, nicht \u00fcber regionales Fett in ihrem K\u00f6rper. Damit die Fettinjektionsmethode die Br\u00fcste vergr\u00f6\u00dfern kann, muss eine ausreichende Fettmenge vorhanden sein. Die Lebensdauer des unter das Brustgewebe injizierten Fettgewebes betr\u00e4gt bei der klassischen Fettunterspritzung in der Regel 12 Monate. Heute, mit den Entwicklungen in der Medizin, bleiben bei der Brustvergr\u00f6\u00dferungsmethode mit Fettinjektion durch die Stammzellenmethode 40 % der injizierten Menge \u00fcbrig. Nach der Ver\u00e4nderung der Br\u00fcste mit dem Einsetzen des Schmelzens ist eine erneute Anwendung der Fettinjektion erforderlich.<\/p>\n<h3><strong>Brustvergr\u00f6\u00dferung mit Fillern<\/strong><\/h3>\n<p>Es ist eine viel erforschte Methode der letzten Jahre, um Br\u00fcste zu vergr\u00f6\u00dfern. Es handelt sich um eine Methode, die zur medizinischen Vergr\u00f6\u00dferung eingesetzt wird. Dabei werden fertige F\u00fcllprodukte in die Br\u00fcste injiziert und eine Brustvergr\u00f6\u00dferung durchgef\u00fchrt. Mit vorgefertigten Fillern kann ein gewisses Ma\u00df an Vergr\u00f6\u00dferung erreicht werden. Sie hat sowohl Nachteile als auch Vorteile. Diese Methode, die nach 2 Jahren erneuert werden muss, ist teurer als die Brustvergr\u00f6\u00dferung durch Einsetzen von Silikon.<\/p>\n<h2><strong>Nicht Chirurgische Methoden zur Brustvergr\u00f6\u00dferung<\/strong><\/h2>\n<p>Die Methode, die nicht den Bedingungen im Operationssaal entspricht, ist die Methode mit F\u00fcllstoffen. Sie k\u00f6nnen auch \u00fcber diese Methode oben lesen.<\/p>\n<h2><strong>Dreidimensionale Bildgebung in der Brustvergr\u00f6\u00dferungschirurgie<\/strong><\/h2>\n<p>Wenn es sich um eine Tropfenform oder eine runde Form handelt, haben Sie die M\u00f6glichkeit, vor der Operation zu sehen, wie sie an Ihren Br\u00fcsten aussieht, wie stark sie vergr\u00f6\u00dfert wird und wie sie im Bikini aussehen wird.<\/p>\n<h2><strong>Kann man nach einer Brustvergr\u00f6\u00dferungsoperation stillen?<\/strong><\/h2>\n<p>Die Milch verhindert nicht das Stillen.<\/p>\n<h2><strong>Nat\u00fcrliche Vergr\u00f6\u00dferungsmethoden mit Cremes<\/strong><\/h2>\n<p>Ich empfehle diese Cremes, die die Hormone beeinflussen, nicht. Es ist keine sichere Methode.<\/p>\n<p>F\u00fcr Untersuchungen, Termine, Fragen und weitere Informationen<strong>in der Ba\u011fdat Caddesi, Istanbul<\/strong>: +90(530) 390 62 23<\/p>\n<p>Antworten auf alle Ihre Fragen zur Brustvergr\u00f6\u00dferung finden Sie in der Rubrik, die Sie interessiert.[\/vc_column_text][\/vc_column][\/vc_row]<\/p>\n<\/div>","protected":false},"excerpt":{"rendered":"<p>[vc_row pix_particles_check=&#8220;&#8220; el_class=&#8220;page-services&#8220;][vc_column][vc_column_text] Chirurgie zur Brustvergr\u00f6\u00dferung Ich zeige Ihnen, welche Gr\u00f6\u00dfe das Silikon haben wird, wie Ihre Brustform sein wird, wie sie in einem Bikini aussehen wird. Wir entscheiden gemeinsam \u00fcber die Gr\u00f6\u00dfe und Form. Brustvergr\u00f6\u00dferungsoperationen werden durchgef\u00fchrt, um die&#8230;<\/p>\n","protected":false},"author":1,"featured_media":0,"parent":2708,"menu_order":0,"comment_status":"closed","ping_status":"closed","template":"templates\/template-right-sidebar.php","meta":{"footnotes":""},"class_list":["post-2719","page","type-page","status-publish","hentry"],"_links":{"self":[{"href":"https:\/\/drtubaerdogan.com\/de\/wp-json\/wp\/v2\/pages\/2719"}],"collection":[{"href":"https:\/\/drtubaerdogan.com\/de\/wp-json\/wp\/v2\/pages"}],"about":[{"href":"https:\/\/drtubaerdogan.com\/de\/wp-json\/wp\/v2\/types\/page"}],"author":[{"embeddable":true,"href":"https:\/\/drtubaerdogan.com\/de\/wp-json\/wp\/v2\/users\/1"}],"replies":[{"embeddable":true,"href":"https:\/\/drtubaerdogan.com\/de\/wp-json\/wp\/v2\/comments?post=2719"}],"version-history":[{"count":4,"href":"https:\/\/drtubaerdogan.com\/de\/wp-json\/wp\/v2\/pages\/2719\/revisions"}],"predecessor-version":[{"id":3107,"href":"https:\/\/drtubaerdogan.com\/de\/wp-json\/wp\/v2\/pages\/2719\/revisions\/3107"}],"up":[{"embeddable":true,"href":"https:\/\/drtubaerdogan.com\/de\/wp-json\/wp\/v2\/pages\/2708"}],"wp:attachment":[{"href":"https:\/\/drtubaerdogan.com\/de\/wp-json\/wp\/v2\/media?parent=2719"}],"curies":[{"name":"wp","href":"https:\/\/api.w.org\/{rel}","templated":true}]}}