{"id":2710,"date":"2024-10-23T19:27:06","date_gmt":"2024-10-23T16:27:06","guid":{"rendered":"http:\/\/drtubaerdogan.com\/crisalix\/"},"modified":"2024-11-11T21:06:15","modified_gmt":"2024-11-11T18:06:15","slug":"crisalix","status":"publish","type":"page","link":"https:\/\/drtubaerdogan.com\/de\/crisalix\/","title":{"rendered":"Crisalix"},"content":{"rendered":"<div class=\"wpb-content-wrapper\"><p>[vc_row pix_particles_check=&#8220;&#8220; el_class=&#8220;page-services&#8220;][vc_column][vc_column_text]<\/p>\n<h1>Crisalix Technologie<\/h1>\n<p><img loading=\"lazy\" decoding=\"async\" class=\"alignnone size-full wp-image-1003\" src=\"http:\/\/drtubaerdogan.com\/wp-content\/uploads\/2024\/10\/3d-vectra-42208-6016405324.jpg\" alt=\"\" width=\"850\" height=\"500\" srcset=\"https:\/\/drtubaerdogan.com\/wp-content\/uploads\/2024\/10\/3d-vectra-42208-6016405324.jpg 850w, https:\/\/drtubaerdogan.com\/wp-content\/uploads\/2024\/10\/3d-vectra-42208-6016405324-300x176.jpg 300w, https:\/\/drtubaerdogan.com\/wp-content\/uploads\/2024\/10\/3d-vectra-42208-6016405324-768x452.jpg 768w\" sizes=\"(max-width: 850px) 100vw, 850px\" \/><\/p>\n<p>Crisalix ist die weltweit f\u00fchrende 3D- und 4D-Virtual-Reality- und Augmented-Reality-L\u00f6sung f\u00fcr medizinische \u00e4sthetische Bildgebung und Gesch\u00e4ftsprozesse und bietet Simulationen f\u00fcr \u00e4sthetische Behandlungen wie Brustvergr\u00f6\u00dferung, K\u00f6rperformung usw. Mit Crisalix k\u00f6nnen Sie Ihren Patienten eine Simulation ihres potenziellen neuen K\u00f6rpers in VR und AR zeigen, um h\u00e4ufig gestellte Fragen w\u00e4hrend der Beratung zu beantworten.<\/p>\n<h2><b>Dank dieser Technologie kann unser Arzt:<\/b><\/h2>\n<ul>\n<li>die M\u00f6glichkeiten, die w\u00e4hrend der Operation auftreten k\u00f6nnen, konkretisieren und sie mit dem Patienten teilen und gemeinsam mit dem Patienten \u00fcber die f\u00fcr den Patienten am besten geeignete Anwendung entscheiden,<\/li>\n<li>den zu behandelnden Bereich bis ins kleinste Detail untersuchen,<\/li>\n<li>den Bereich, in dem die Operation durchgef\u00fchrt wird, aus allen Blickwinkeln betrachten und so vor der Operation die g\u00fcnstigste Art des Eingriffs bestimmen und unter den Optionen den richtigen Weg w\u00e4hlen,<\/li>\n<li>Wenn die Operation unterschiedlich ist, hat er die M\u00f6glichkeit, dem Patienten mitzuteilen, wie das Erscheinungsbild insgesamt aussehen wird.<\/li>\n<li>Er bestimmt das Bild, das die zu verwendende Prothese basierend auf der Schwerkraft erzeugen wird.<\/li>\n<li>Wenn er die Erwartungen und Hoffnungen des Patienten richtig versteht, kann er eine gesunde Antwort geben.<\/li>\n<li>Er kann Asymmetrieprobleme klar identifizieren.<\/li>\n<li>Er kann auf ges\u00fcndere Weise mit dem Patienten kommunizieren, detaillierte Informationen \u00fcber den Prozess geben und das postoperative Ergebnis realistischer erkl\u00e4ren.<\/li>\n<li>erh\u00e4lt die M\u00f6glichkeit, visuell an der anatomischen Struktur des Patienten zu arbeiten und den Patienten zu informieren<\/li>\n<\/ul>\n<h2><b>Dank dieser Technologie<\/b><\/h2>\n<ul>\n<li>Indem sie bei dem durchzuf\u00fchrenden Eingriff ein Mitspracherecht haben, k\u00f6nnen sie ihre W\u00fcnsche unserem Arzt mitteilen,<\/li>\n<li>Dank der Messung hat er die M\u00f6glichkeit, seine eigene Situation konkret zu sehen, was dazu beitr\u00e4gt, Fragezeichen im Entscheidungsprozess zu beseitigen,<\/li>\n<li>Sie k\u00f6nnen durch Simulation einen Vergleich zwischen dem pr\u00e4- und dem postoperativen Erscheinungsbild anstellen, und diese Situation wirkt sich positiv auf die Entschlossenheit der Person aus, indem sie feststellt, wie nah sie dem Ergebnis ist, von dem sie tr\u00e4umt,<\/li>\n<li>Sie wissen, welche M\u00f6glichkeiten es gibt,<\/li>\n<li>Sie erhalten detaillierte Informationen \u00fcber ihre aktuelle Situation, abgesehen von dem, was sie im Spiegel sehen,<\/li>\n<li>Es erleichtert die Entscheidung zwischen verschiedenen Prothesen,<\/li>\n<li>Sie sind mit dem Ergebnis maximal zufrieden, weil sie bei der Operation mitbestimmen k\u00f6nnen,<\/li>\n<li>Sie f\u00fchlen sich aufgrund des gewonnenen Wissens wohler, sicherer und unbesorgter.<\/li>\n<\/ul>\n<p>[\/vc_column_text][\/vc_column][\/vc_row]<\/p>\n<\/div>","protected":false},"excerpt":{"rendered":"<p>[vc_row pix_particles_check=&#8220;&#8220; el_class=&#8220;page-services&#8220;][vc_column][vc_column_text] Crisalix Technologie Crisalix ist die weltweit f\u00fchrende 3D- und 4D-Virtual-Reality- und Augmented-Reality-L\u00f6sung f\u00fcr medizinische \u00e4sthetische Bildgebung und Gesch\u00e4ftsprozesse und bietet Simulationen f\u00fcr \u00e4sthetische Behandlungen wie Brustvergr\u00f6\u00dferung, K\u00f6rperformung usw. Mit Crisalix k\u00f6nnen Sie Ihren Patienten eine Simulation ihres&#8230;<\/p>\n","protected":false},"author":1,"featured_media":0,"parent":0,"menu_order":0,"comment_status":"closed","ping_status":"closed","template":"templates\/template-right-sidebar.php","meta":{"footnotes":""},"class_list":["post-2710","page","type-page","status-publish","hentry"],"_links":{"self":[{"href":"https:\/\/drtubaerdogan.com\/de\/wp-json\/wp\/v2\/pages\/2710"}],"collection":[{"href":"https:\/\/drtubaerdogan.com\/de\/wp-json\/wp\/v2\/pages"}],"about":[{"href":"https:\/\/drtubaerdogan.com\/de\/wp-json\/wp\/v2\/types\/page"}],"author":[{"embeddable":true,"href":"https:\/\/drtubaerdogan.com\/de\/wp-json\/wp\/v2\/users\/1"}],"replies":[{"embeddable":true,"href":"https:\/\/drtubaerdogan.com\/de\/wp-json\/wp\/v2\/comments?post=2710"}],"version-history":[{"count":3,"href":"https:\/\/drtubaerdogan.com\/de\/wp-json\/wp\/v2\/pages\/2710\/revisions"}],"predecessor-version":[{"id":3144,"href":"https:\/\/drtubaerdogan.com\/de\/wp-json\/wp\/v2\/pages\/2710\/revisions\/3144"}],"wp:attachment":[{"href":"https:\/\/drtubaerdogan.com\/de\/wp-json\/wp\/v2\/media?parent=2710"}],"curies":[{"name":"wp","href":"https:\/\/api.w.org\/{rel}","templated":true}]}}